{"id":8554,"date":"2025-11-20T18:03:29","date_gmt":"2025-11-20T15:03:29","guid":{"rendered":"https:\/\/leinfelder-juweler.com\/?post_type=product&#038;p=8554"},"modified":"2025-11-20T19:25:53","modified_gmt":"2025-11-20T16:25:53","slug":"verlobungsring-mit-krappenfassung","status":"publish","type":"product","link":"https:\/\/leinfelder-juweler.com\/en\/product\/verlobungsring-mit-krappenfassung\/","title":{"rendered":"Verlobungsring mit Krappenfassung"},"content":{"rendered":"<p data-mce-fragment=\"1\"><strong>Verlobungsring 750 Gelbgold mit einem Solit\u00e4r und 8 kleinen Brillanten in der Ringschiene <\/strong><\/p>\n<p data-mce-fragment=\"1\"><strong>Material: <\/strong>750 Yellow Gold<\/p>\n<p><strong>Stones:<\/strong> ein Brillant 0,90 ct E vs2 \u00d8 6 mm und 8 Brillanten \u00d8 2,0mm gesamt 0,24 ct tw vsi<\/p>\n<p><strong><b style=\"mso-bidi-font-weight: normal;\"><span style=\"font-size: 11.0pt; line-height: 115%; font-family: 'Calibri',sans-serif; mso-ascii-theme-font: minor-latin; mso-fareast-font-family: Calibri; mso-fareast-theme-font: minor-latin; mso-hansi-theme-font: minor-latin; mso-bidi-font-family: 'Times New Roman'; mso-bidi-theme-font: minor-bidi; mso-ansi-language: DE; mso-fareast-language: EN-US; mso-bidi-language: AR-SA;\">Solit\u00e4rringe sind das Sinnbild klassischer Eleganz und zeitloser Sch\u00f6nheit. Ihr zentrales Merkmal ist ein einziger, funkelnder Edelstein \u2013 meist ein Diamant \u2013 der alle Blicke auf sich zieht. Dieser Stein wird kunstvoll in einer Fassung pr\u00e4sentiert, die ihn optimal zur Geltung bringt und das Licht in alle Richtungen reflektiert. Solit\u00e4rringe symbolisieren Reinheit, Klarheit und die Einzigartigkeit der Liebe, was sie zur perfekten Wahl f\u00fcr Verlobungen und besondere Momente macht.<\/span><\/b><\/strong><strong><\/strong><\/p>\n<p><b>Hinweis: <\/b>Unsere Ringe sind in der angegebenen Gr\u00f6\u00dfe sofort lieferbar. Sollten sie sich einen Ring in einer anderen Gr\u00f6\u00dfe w\u00fcnschen, kontaktieren sie uns bitte. Wir informieren sie gerne \u00fcber die M\u00f6glichkeit und Dauer von Gr\u00f6\u00dfenanpassungen.<\/p>","protected":false},"excerpt":{"rendered":"<p>Verlobungsring 750 Gelbgold mit einem Solit\u00e4r und 8 kleinen Brillanten in der Ringschiene Material: 750 Gelbgold Steine: ein Brillant 0,90 ct E vs2 \u00d8 6 mm und 8 Brillanten \u00d8 2,0mm gesamt 0,24 ct tw vsi Solit\u00e4rringe sind das Sinnbild klassischer Eleganz und zeitloser Sch\u00f6nheit. Ihr zentrales Merkmal ist ein einziger, funkelnder Edelstein \u2013 meist [&hellip;]<\/p>","protected":false},"featured_media":9723,"comment_status":"open","ping_status":"closed","template":"","meta":{"_acf_changed":false,"_et_pb_use_builder":"","_et_pb_old_content":"","_et_gb_content_width":"","inline_featured_image":false},"product_brand":[332],"product_cat":[295],"product_tag":[],"class_list":{"0":"post-8554","1":"product","2":"type-product","3":"status-publish","4":"has-post-thumbnail","6":"product_brand-leinfelder","7":"product_cat-ringe","9":"first","10":"outofstock","11":"shipping-taxable","12":"purchasable","13":"product-type-simple"},"acf":[],"_links":{"self":[{"href":"https:\/\/leinfelder-juweler.com\/en\/wp-json\/wp\/v2\/product\/8554","targetHints":{"allow":["GET"]}}],"collection":[{"href":"https:\/\/leinfelder-juweler.com\/en\/wp-json\/wp\/v2\/product"}],"about":[{"href":"https:\/\/leinfelder-juweler.com\/en\/wp-json\/wp\/v2\/types\/product"}],"replies":[{"embeddable":true,"href":"https:\/\/leinfelder-juweler.com\/en\/wp-json\/wp\/v2\/comments?post=8554"}],"wp:featuredmedia":[{"embeddable":true,"href":"https:\/\/leinfelder-juweler.com\/en\/wp-json\/wp\/v2\/media\/9723"}],"wp:attachment":[{"href":"https:\/\/leinfelder-juweler.com\/en\/wp-json\/wp\/v2\/media?parent=8554"}],"wp:term":[{"taxonomy":"product_brand","embeddable":true,"href":"https:\/\/leinfelder-juweler.com\/en\/wp-json\/wp\/v2\/product_brand?post=8554"},{"taxonomy":"product_cat","embeddable":true,"href":"https:\/\/leinfelder-juweler.com\/en\/wp-json\/wp\/v2\/product_cat?post=8554"},{"taxonomy":"product_tag","embeddable":true,"href":"https:\/\/leinfelder-juweler.com\/en\/wp-json\/wp\/v2\/product_tag?post=8554"}],"curies":[{"name":"wp","href":"https:\/\/api.w.org\/{rel}","templated":true}]}}