{"id":8556,"date":"2025-11-20T18:03:30","date_gmt":"2025-11-20T15:03:30","guid":{"rendered":"https:\/\/leinfelder-juweler.com\/?post_type=product&#038;p=8556"},"modified":"2025-11-20T19:26:09","modified_gmt":"2025-11-20T16:26:09","slug":"ring-mit-aquamarin-2","status":"publish","type":"product","link":"https:\/\/leinfelder-juweler.com\/en\/product\/ring-mit-aquamarin-2\/","title":{"rendered":"Ring mit Aquamarin"},"content":{"rendered":"<p><strong>Ring mit Aquamarin<\/strong><\/p>\n<p><strong>Material:\u00a0<\/strong>750 Wei\u00dfgold<\/p>\n<p><strong>Stein: <\/strong>Aquamarin 4,39 ct l\u00e4ngs 10 x 8 mm facettiert oval<\/p>\n<p><strong>Dieser Ring aus 750er Wei\u00dfgold mit einem wundersch\u00f6nen Aquamarin im Facettenschliff ist ein Meisterwerk der Schmuckkunst. Die klare und brillante Sch\u00f6nheit des Aquamarins wird durch das edle Wei\u00dfgold perfekt unterstrichen, was den Ring zu einem zeitlosen Klassiker macht.<\/strong><\/p>\n<p>\u00a0<\/p>\n<p><strong><\/strong><b>Hinweis: <\/b>Unsere Ringe sind in der angegebenen Gr\u00f6\u00dfe sofort lieferbar. Sollten sie sich einen Ring in einer anderen Gr\u00f6\u00dfe w\u00fcnschen, kontaktieren sie uns bitte. Wir informieren sie gerne \u00fcber die M\u00f6glichkeit und Dauer von Gr\u00f6\u00dfenanpassungen.<\/p>\n<p><\/p>","protected":false},"excerpt":{"rendered":"<p>Ring mit Aquamarin Material:\u00a0750 Wei\u00dfgold Stein: Aquamarin 4,39 ct l\u00e4ngs 10 x 8 mm facettiert oval Dieser Ring aus 750er Wei\u00dfgold mit einem wundersch\u00f6nen Aquamarin im Facettenschliff ist ein Meisterwerk der Schmuckkunst. Die klare und brillante Sch\u00f6nheit des Aquamarins wird durch das edle Wei\u00dfgold perfekt unterstrichen, was den Ring zu einem zeitlosen Klassiker macht. \u00a0 [&hellip;]<\/p>","protected":false},"featured_media":9725,"comment_status":"open","ping_status":"closed","template":"","meta":{"_acf_changed":false,"_et_pb_use_builder":"","_et_pb_old_content":"","_et_gb_content_width":"","inline_featured_image":false},"product_brand":[332],"product_cat":[295],"product_tag":[],"class_list":{"0":"post-8556","1":"product","2":"type-product","3":"status-publish","4":"has-post-thumbnail","6":"product_brand-leinfelder","7":"product_cat-ringe","9":"first","10":"outofstock","11":"shipping-taxable","12":"purchasable","13":"product-type-simple"},"acf":[],"_links":{"self":[{"href":"https:\/\/leinfelder-juweler.com\/en\/wp-json\/wp\/v2\/product\/8556","targetHints":{"allow":["GET"]}}],"collection":[{"href":"https:\/\/leinfelder-juweler.com\/en\/wp-json\/wp\/v2\/product"}],"about":[{"href":"https:\/\/leinfelder-juweler.com\/en\/wp-json\/wp\/v2\/types\/product"}],"replies":[{"embeddable":true,"href":"https:\/\/leinfelder-juweler.com\/en\/wp-json\/wp\/v2\/comments?post=8556"}],"wp:featuredmedia":[{"embeddable":true,"href":"https:\/\/leinfelder-juweler.com\/en\/wp-json\/wp\/v2\/media\/9725"}],"wp:attachment":[{"href":"https:\/\/leinfelder-juweler.com\/en\/wp-json\/wp\/v2\/media?parent=8556"}],"wp:term":[{"taxonomy":"product_brand","embeddable":true,"href":"https:\/\/leinfelder-juweler.com\/en\/wp-json\/wp\/v2\/product_brand?post=8556"},{"taxonomy":"product_cat","embeddable":true,"href":"https:\/\/leinfelder-juweler.com\/en\/wp-json\/wp\/v2\/product_cat?post=8556"},{"taxonomy":"product_tag","embeddable":true,"href":"https:\/\/leinfelder-juweler.com\/en\/wp-json\/wp\/v2\/product_tag?post=8556"}],"curies":[{"name":"wp","href":"https:\/\/api.w.org\/{rel}","templated":true}]}}