{"id":8559,"date":"2025-11-20T18:03:31","date_gmt":"2025-11-20T15:03:31","guid":{"rendered":"https:\/\/leinfelder-juweler.com\/?post_type=product&#038;p=8559"},"modified":"2025-11-20T19:26:31","modified_gmt":"2025-11-20T16:26:31","slug":"bandring-mit-rubellit-cabochon-2","status":"publish","type":"product","link":"https:\/\/leinfelder-juweler.com\/en\/product\/bandring-mit-rubellit-cabochon-2\/","title":{"rendered":"Bandring mit Rubellit Cabochon"},"content":{"rendered":"<p><strong>Bandring mit Rubellit Cabochon <br \/><\/strong><\/p>\n<p><strong>Material: <\/strong>750 Yellow Gold\u00a0<\/p>\n<p><strong>Stein: <\/strong>9,0 ct Rubellit Cabochon 14,5 x 11 mm<\/p>\n<p><strong>Dieser atemberaubende Bandring aus 750er Gelbgold ist ein wahrer Blickfang, der durch seine Sch\u00f6nheit und Eleganz begeistert. Der Rubellit Cabochon in der Mitte des Rings strahlt in himbeerfarbenem Rot und f\u00e4ngt das Licht auf magische Weise ein, w\u00e4hrend das edle Gold mit seinem warmen Glanz das Schmuckst\u00fcck zu einem zeitlosen Klassiker macht.<\/strong><\/p>\n<p>\u00a0<\/p>\n<p>\u00a0<\/p>\n<p><b>Hinweis: <\/b>Unsere Ringe sind in der angegebenen Gr\u00f6\u00dfe sofort lieferbar. Sollten sie sich einen Ring in einer anderen Gr\u00f6\u00dfe w\u00fcnschen, kontaktieren sie uns bitte. Wir informieren sie gerne \u00fcber die M\u00f6glichkeit und Dauer von Gr\u00f6\u00dfenanpassungen.<\/p>\n<p data-mce-fragment=\"1\">\u00a0<\/p>\n<p><\/p>","protected":false},"excerpt":{"rendered":"<p>Bandring mit Rubellit Cabochon Material: 750 Gelbgold\u00a0 Stein: 9,0 ct Rubellit Cabochon 14,5 x 11 mm Dieser atemberaubende Bandring aus 750er Gelbgold ist ein wahrer Blickfang, der durch seine Sch\u00f6nheit und Eleganz begeistert. Der Rubellit Cabochon in der Mitte des Rings strahlt in himbeerfarbenem Rot und f\u00e4ngt das Licht auf magische Weise ein, w\u00e4hrend das [&hellip;]<\/p>","protected":false},"featured_media":9728,"comment_status":"open","ping_status":"closed","template":"","meta":{"_acf_changed":false,"_et_pb_use_builder":"","_et_pb_old_content":"","_et_gb_content_width":"","inline_featured_image":false},"product_brand":[332],"product_cat":[295],"product_tag":[],"class_list":{"0":"post-8559","1":"product","2":"type-product","3":"status-publish","4":"has-post-thumbnail","6":"product_brand-leinfelder","7":"product_cat-ringe","9":"first","10":"outofstock","11":"shipping-taxable","12":"purchasable","13":"product-type-simple"},"acf":[],"_links":{"self":[{"href":"https:\/\/leinfelder-juweler.com\/en\/wp-json\/wp\/v2\/product\/8559","targetHints":{"allow":["GET"]}}],"collection":[{"href":"https:\/\/leinfelder-juweler.com\/en\/wp-json\/wp\/v2\/product"}],"about":[{"href":"https:\/\/leinfelder-juweler.com\/en\/wp-json\/wp\/v2\/types\/product"}],"replies":[{"embeddable":true,"href":"https:\/\/leinfelder-juweler.com\/en\/wp-json\/wp\/v2\/comments?post=8559"}],"wp:featuredmedia":[{"embeddable":true,"href":"https:\/\/leinfelder-juweler.com\/en\/wp-json\/wp\/v2\/media\/9728"}],"wp:attachment":[{"href":"https:\/\/leinfelder-juweler.com\/en\/wp-json\/wp\/v2\/media?parent=8559"}],"wp:term":[{"taxonomy":"product_brand","embeddable":true,"href":"https:\/\/leinfelder-juweler.com\/en\/wp-json\/wp\/v2\/product_brand?post=8559"},{"taxonomy":"product_cat","embeddable":true,"href":"https:\/\/leinfelder-juweler.com\/en\/wp-json\/wp\/v2\/product_cat?post=8559"},{"taxonomy":"product_tag","embeddable":true,"href":"https:\/\/leinfelder-juweler.com\/en\/wp-json\/wp\/v2\/product_tag?post=8559"}],"curies":[{"name":"wp","href":"https:\/\/api.w.org\/{rel}","templated":true}]}}