{"id":8562,"date":"2025-11-20T18:03:46","date_gmt":"2025-11-20T15:03:46","guid":{"rendered":"https:\/\/leinfelder-juweler.com\/?post_type=product&#038;p=8562"},"modified":"2025-11-20T19:26:53","modified_gmt":"2025-11-20T16:26:53","slug":"vario-ohrschmuck-oberteile-dreiecke-mit-brillanten","status":"publish","type":"product","link":"https:\/\/leinfelder-juweler.com\/en\/product\/vario-ohrschmuck-oberteile-dreiecke-mit-brillanten\/","title":{"rendered":"Vario Ohrschmuck Oberteile Dreiecke mit Brillanten"},"content":{"rendered":"<p><strong>Vario Ohrschmuck Oberteile kombinierbar mit verschiedenen Einh\u00e4ngern:<\/strong><\/p>\n<p><strong>Dreieckige Ohrstecker\u00a0mit Brillanten<br \/><\/strong><\/p>\n<p><strong>Material: <\/strong>750 Wei\u00dfgold<\/p>\n<p><strong>Ma\u00dfe: <\/strong>10 mm Kantenl\u00e4nge<\/p>\n<p><strong>Stones:<\/strong>\u00a0142<span> <\/span>Brillanten<span>\u00a0<\/span>gesamt<span> <\/span>1,519 ct tw vsi<\/p>\n<div><strong>142 Brillanten erzeugen ein wahres Feuerwerk. <\/strong><\/div>\n<div><strong>Diese Ohrstecker sind alleine getragen, oder in Kombination mit unseren zahlreichen Einh\u00e4ngern der Vario- Kollektion ein beeindruckender Anblick.<\/strong><\/div>\n<div>\u00a0<\/div>","protected":false},"excerpt":{"rendered":"<p>Vario Ohrschmuck Oberteile kombinierbar mit verschiedenen Einh\u00e4ngern: Dreieckige Ohrstecker\u00a0mit Brillanten Material: 750 Wei\u00dfgold Ma\u00dfe: 10 mm Kantenl\u00e4nge Steine:\u00a0142 Brillanten\u00a0gesamt 1,519 ct tw vsi 142 Brillanten erzeugen ein wahres Feuerwerk. Diese Ohrstecker sind alleine getragen, oder in Kombination mit unseren zahlreichen Einh\u00e4ngern der Vario- Kollektion ein beeindruckender Anblick. \u00a0<\/p>","protected":false},"featured_media":9731,"comment_status":"open","ping_status":"closed","template":"","meta":{"_acf_changed":false,"_et_pb_use_builder":"","_et_pb_old_content":"","_et_gb_content_width":"","inline_featured_image":false},"product_brand":[332],"product_cat":[331],"product_tag":[],"class_list":{"0":"post-8562","1":"product","2":"type-product","3":"status-publish","4":"has-post-thumbnail","6":"product_brand-leinfelder","7":"product_cat-ohrschmuck","9":"first","10":"outofstock","11":"shipping-taxable","12":"purchasable","13":"product-type-simple"},"acf":[],"_links":{"self":[{"href":"https:\/\/leinfelder-juweler.com\/en\/wp-json\/wp\/v2\/product\/8562","targetHints":{"allow":["GET"]}}],"collection":[{"href":"https:\/\/leinfelder-juweler.com\/en\/wp-json\/wp\/v2\/product"}],"about":[{"href":"https:\/\/leinfelder-juweler.com\/en\/wp-json\/wp\/v2\/types\/product"}],"replies":[{"embeddable":true,"href":"https:\/\/leinfelder-juweler.com\/en\/wp-json\/wp\/v2\/comments?post=8562"}],"wp:featuredmedia":[{"embeddable":true,"href":"https:\/\/leinfelder-juweler.com\/en\/wp-json\/wp\/v2\/media\/9731"}],"wp:attachment":[{"href":"https:\/\/leinfelder-juweler.com\/en\/wp-json\/wp\/v2\/media?parent=8562"}],"wp:term":[{"taxonomy":"product_brand","embeddable":true,"href":"https:\/\/leinfelder-juweler.com\/en\/wp-json\/wp\/v2\/product_brand?post=8562"},{"taxonomy":"product_cat","embeddable":true,"href":"https:\/\/leinfelder-juweler.com\/en\/wp-json\/wp\/v2\/product_cat?post=8562"},{"taxonomy":"product_tag","embeddable":true,"href":"https:\/\/leinfelder-juweler.com\/en\/wp-json\/wp\/v2\/product_tag?post=8562"}],"curies":[{"name":"wp","href":"https:\/\/api.w.org\/{rel}","templated":true}]}}