{"id":8569,"date":"2025-11-20T18:03:49","date_gmt":"2025-11-20T15:03:49","guid":{"rendered":"https:\/\/leinfelder-juweler.com\/?post_type=product&#038;p=8569"},"modified":"2025-11-20T19:27:44","modified_gmt":"2025-11-20T16:27:44","slug":"bandring-750-gelbgold-mit-weissem-mondstein-cabochon","status":"publish","type":"product","link":"https:\/\/leinfelder-juweler.com\/en\/product\/bandring-750-gelbgold-mit-weissem-mondstein-cabochon\/","title":{"rendered":"Bandring 750 Gelbgold mit wei\u00dfem Mondstein Cabochon"},"content":{"rendered":"<p><strong>Bandring mit wei\u00dfem Mondstein<span data-mce-fragment=\"1\">\u00a0Cabochon<\/span><\/strong><\/p>\n<p><strong>Material:\u00a0<\/strong>750 Yellow Gold<\/p>\n<p><strong>Stein: <\/strong>10,14 ct wei\u00dfer Mondstein Cabochon\u00a016 x 12 mm<\/p>\n<div>\n<p class=\"MsoNormal\" style=\"margin-bottom: .0001pt;\"><b style=\"mso-bidi-font-weight: normal;\">Handschmeichler!<\/b><\/p>\n<p class=\"MsoNormal\" style=\"margin-bottom: .0001pt;\"><b style=\"mso-bidi-font-weight: normal;\">Unsere Bandringe verk\u00f6rpern schlichte Eleganz. Der quer gefasste Edelstein und die flie\u00dfende Form die sich zu beiden Seiten verj\u00fcngt, verleihen ihnen eine einzigartige \u00c4sthetik. Gefertigt aus 750 Gelb-, Ros\u00e9- oder Wei\u00dfgold, betonen hochwertige, farbige Edelsteine im Cabochon- oder Facettenschliff die zeitlose Sch\u00f6nheit.<\/b><b style=\"mso-bidi-font-weight: normal;\"><span style=\"font-size: 8.0pt; line-height: 115%; font-family: 'Arial',sans-serif;\"><span style=\"mso-tab-count: 1;\"> \u00a0\u00a0 <\/span><\/span><\/b><\/p>\n<p class=\"MsoNormal\" style=\"margin-bottom: .0001pt;\">\u00a0<\/p>\n<p><strong><\/strong>\n<\/div>\n<p><b>Hinweis: <\/b>Unsere Ringe sind in der angegebenen Gr\u00f6\u00dfe sofort lieferbar. Sollten sie sich einen Ring in einer anderen Gr\u00f6\u00dfe w\u00fcnschen, kontaktieren sie uns bitte. Wir informieren sie gerne \u00fcber die M\u00f6glichkeit und Dauer von Gr\u00f6\u00dfenanpassungen.<\/p>\n<p><\/p>","protected":false},"excerpt":{"rendered":"<p>Bandring mit wei\u00dfem Mondstein\u00a0Cabochon Material:\u00a0750 Gelbgold Stein: 10,14 ct wei\u00dfer Mondstein Cabochon\u00a016 x 12 mm Handschmeichler! Unsere Bandringe verk\u00f6rpern schlichte Eleganz. Der quer gefasste Edelstein und die flie\u00dfende Form die sich zu beiden Seiten verj\u00fcngt, verleihen ihnen eine einzigartige \u00c4sthetik. Gefertigt aus 750 Gelb-, Ros\u00e9- oder Wei\u00dfgold, betonen hochwertige, farbige Edelsteine im Cabochon- oder Facettenschliff [&hellip;]<\/p>","protected":false},"featured_media":9738,"comment_status":"open","ping_status":"closed","template":"","meta":{"_acf_changed":false,"_et_pb_use_builder":"","_et_pb_old_content":"","_et_gb_content_width":"","inline_featured_image":false},"product_brand":[332],"product_cat":[295],"product_tag":[],"class_list":{"0":"post-8569","1":"product","2":"type-product","3":"status-publish","4":"has-post-thumbnail","6":"product_brand-leinfelder","7":"product_cat-ringe","9":"first","10":"outofstock","11":"shipping-taxable","12":"purchasable","13":"product-type-simple"},"acf":[],"_links":{"self":[{"href":"https:\/\/leinfelder-juweler.com\/en\/wp-json\/wp\/v2\/product\/8569","targetHints":{"allow":["GET"]}}],"collection":[{"href":"https:\/\/leinfelder-juweler.com\/en\/wp-json\/wp\/v2\/product"}],"about":[{"href":"https:\/\/leinfelder-juweler.com\/en\/wp-json\/wp\/v2\/types\/product"}],"replies":[{"embeddable":true,"href":"https:\/\/leinfelder-juweler.com\/en\/wp-json\/wp\/v2\/comments?post=8569"}],"wp:featuredmedia":[{"embeddable":true,"href":"https:\/\/leinfelder-juweler.com\/en\/wp-json\/wp\/v2\/media\/9738"}],"wp:attachment":[{"href":"https:\/\/leinfelder-juweler.com\/en\/wp-json\/wp\/v2\/media?parent=8569"}],"wp:term":[{"taxonomy":"product_brand","embeddable":true,"href":"https:\/\/leinfelder-juweler.com\/en\/wp-json\/wp\/v2\/product_brand?post=8569"},{"taxonomy":"product_cat","embeddable":true,"href":"https:\/\/leinfelder-juweler.com\/en\/wp-json\/wp\/v2\/product_cat?post=8569"},{"taxonomy":"product_tag","embeddable":true,"href":"https:\/\/leinfelder-juweler.com\/en\/wp-json\/wp\/v2\/product_tag?post=8569"}],"curies":[{"name":"wp","href":"https:\/\/api.w.org\/{rel}","templated":true}]}}