{"id":8577,"date":"2025-11-20T18:03:51","date_gmt":"2025-11-20T15:03:51","guid":{"rendered":"https:\/\/leinfelder-juweler.com\/?post_type=product&#038;p=8577"},"modified":"2025-11-20T19:28:36","modified_gmt":"2025-11-20T16:28:36","slug":"ein-paar-manschettenknoepfe-2","status":"publish","type":"product","link":"https:\/\/leinfelder-juweler.com\/en\/product\/ein-paar-manschettenknoepfe-2\/","title":{"rendered":"Ein Paar Manschettenkn\u00f6pfe"},"content":{"rendered":"<p data-mce-fragment=\"1\"><strong>Manschettenkn\u00f6pfe<\/strong><\/p>\n<p data-mce-fragment=\"1\"><strong>Material: <\/strong>750 Wei\u00dfgold<\/p>\n<p data-mce-fragment=\"1\"><strong>Elemente:<\/strong> <span data-mce-fragment=\"1\">Ebenholz 14 x 11 mm antikoval<\/span><\/p>\n<p class=\"MsoNormal\" style=\"margin-bottom: .0001pt;\"><strong><span style=\"font-family: 'Calibri',sans-serif; mso-ascii-theme-font: minor-latin; mso-hansi-theme-font: minor-latin; mso-bidi-font-family: 'Times New Roman'; mso-bidi-theme-font: minor-bidi;\">Ebenholz und Gold: Zeitlose Harmonie.<\/span><\/strong><br \/><strong><span style=\"font-family: 'Calibri',sans-serif; mso-ascii-theme-font: minor-latin; mso-hansi-theme-font: minor-latin; mso-bidi-font-family: 'Times New Roman'; mso-bidi-theme-font: minor-bidi;\">Unsere &#8218;Ebenholz&#8216;-Kollektion verbindet die tiefe, dunkle Eleganz von Ebenholz mit der W\u00e4rme des Goldes. Jedes St\u00fcck ist ein Ausdruck von nat\u00fcrlicher Sch\u00f6nheit und handwerklicher Perfektion.&#8220;<\/span><\/strong><\/p>\n<p class=\"MsoNormal\" style=\"margin-bottom: .0001pt;\"><strong><span style=\"font-family: 'Calibri',sans-serif; mso-ascii-theme-font: minor-latin; mso-hansi-theme-font: minor-latin; mso-bidi-font-family: 'Times New Roman'; mso-bidi-theme-font: minor-bidi;\">Manschettenkn\u00f6pfe von Leinfelder sind mehr als nur ein Accesoire &#8211; sie sind ein Statement. Handgefertigt aus 750 Gold, manche veredelt mit schwarzem Ebenholz oder ausgefallenen Edelsteinen, verk\u00f6rpern die perfekte Balance zwischen Eleganz und Sportlichkeit.<\/span><\/strong><\/p>\n<p data-mce-fragment=\"1\"><span data-mce-fragment=\"1\"><strong><br \/><\/strong> <\/span><\/p>","protected":false},"excerpt":{"rendered":"<p>Manschettenkn\u00f6pfe Material: 750 Wei\u00dfgold Elemente: Ebenholz 14 x 11 mm antikoval Ebenholz und Gold: Zeitlose Harmonie.Unsere &#8218;Ebenholz&#8216;-Kollektion verbindet die tiefe, dunkle Eleganz von Ebenholz mit der W\u00e4rme des Goldes. Jedes St\u00fcck ist ein Ausdruck von nat\u00fcrlicher Sch\u00f6nheit und handwerklicher Perfektion.&#8220; Manschettenkn\u00f6pfe von Leinfelder sind mehr als nur ein Accesoire &#8211; sie sind ein Statement. Handgefertigt [&hellip;]<\/p>","protected":false},"featured_media":9746,"comment_status":"open","ping_status":"closed","template":"","meta":{"_acf_changed":false,"_et_pb_use_builder":"","_et_pb_old_content":"","_et_gb_content_width":"","inline_featured_image":false},"product_brand":[332],"product_cat":[380],"product_tag":[],"class_list":{"0":"post-8577","1":"product","2":"type-product","3":"status-publish","4":"has-post-thumbnail","6":"product_brand-leinfelder","7":"product_cat-manschettenknoepfe","9":"first","10":"instock","11":"sold-individually","12":"shipping-taxable","13":"purchasable","14":"product-type-simple"},"acf":[],"_links":{"self":[{"href":"https:\/\/leinfelder-juweler.com\/en\/wp-json\/wp\/v2\/product\/8577","targetHints":{"allow":["GET"]}}],"collection":[{"href":"https:\/\/leinfelder-juweler.com\/en\/wp-json\/wp\/v2\/product"}],"about":[{"href":"https:\/\/leinfelder-juweler.com\/en\/wp-json\/wp\/v2\/types\/product"}],"replies":[{"embeddable":true,"href":"https:\/\/leinfelder-juweler.com\/en\/wp-json\/wp\/v2\/comments?post=8577"}],"wp:featuredmedia":[{"embeddable":true,"href":"https:\/\/leinfelder-juweler.com\/en\/wp-json\/wp\/v2\/media\/9746"}],"wp:attachment":[{"href":"https:\/\/leinfelder-juweler.com\/en\/wp-json\/wp\/v2\/media?parent=8577"}],"wp:term":[{"taxonomy":"product_brand","embeddable":true,"href":"https:\/\/leinfelder-juweler.com\/en\/wp-json\/wp\/v2\/product_brand?post=8577"},{"taxonomy":"product_cat","embeddable":true,"href":"https:\/\/leinfelder-juweler.com\/en\/wp-json\/wp\/v2\/product_cat?post=8577"},{"taxonomy":"product_tag","embeddable":true,"href":"https:\/\/leinfelder-juweler.com\/en\/wp-json\/wp\/v2\/product_tag?post=8577"}],"curies":[{"name":"wp","href":"https:\/\/api.w.org\/{rel}","templated":true}]}}