{"id":8578,"date":"2025-11-20T18:03:51","date_gmt":"2025-11-20T15:03:51","guid":{"rendered":"https:\/\/leinfelder-juweler.com\/?post_type=product&#038;p=8578"},"modified":"2025-11-20T19:28:41","modified_gmt":"2025-11-20T16:28:41","slug":"anhaenger-kreuz-in-750-weissgold-mit-brillanten","status":"publish","type":"product","link":"https:\/\/leinfelder-juweler.com\/en\/product\/anhaenger-kreuz-in-750-weissgold-mit-brillanten\/","title":{"rendered":"Anh\u00e4nger Kreuz in 750 Wei\u00dfgold mit Brillanten"},"content":{"rendered":"<p data-mce-fragment=\"1\"><strong>Anh\u00e4nger \u201e<span data-mce-fragment=\"1\">Kreuz<\/span>&#8220; mit Brillanten ohne Kette<br \/><\/strong><\/p>\n<p data-mce-fragment=\"1\"><strong>Material: <\/strong>750 Wei\u00dfgold<\/p>\n<p data-mce-fragment=\"1\"><strong>Ma\u00dfe: <\/strong>30 x 12,5 x 1,7 mm <\/p>\n<p><strong>Stones:<\/strong> 24 Brillanten \u00d8 1,7 mm = 0,048 ct tw vsi, 1 Brillant \u00d8 1,0 mm, 0,005 ct tw vsi, 1 Brillant \u00d8 1,2 mm, 0,008 ct tw vsi, 1 Brillant \u00d8 1,5 mm, 0,012 ct tw vsi<\/p>","protected":false},"excerpt":{"rendered":"<p>Anh\u00e4nger \u201eKreuz&#8220; mit Brillanten ohne Kette Material: 750 Wei\u00dfgold Ma\u00dfe: 30 x 12,5 x 1,7 mm Steine: 24 Brillanten \u00d8 1,7 mm = 0,048 ct tw vsi, 1 Brillant \u00d8 1,0 mm, 0,005 ct tw vsi, 1 Brillant \u00d8 1,2 mm, 0,008 ct tw vsi, 1 Brillant \u00d8 1,5 mm, 0,012 ct tw vsi<\/p>","protected":false},"featured_media":9747,"comment_status":"open","ping_status":"closed","template":"","meta":{"_acf_changed":false,"_et_pb_use_builder":"","_et_pb_old_content":"","_et_gb_content_width":"","inline_featured_image":false},"product_brand":[332],"product_cat":[333],"product_tag":[],"class_list":{"0":"post-8578","1":"product","2":"type-product","3":"status-publish","4":"has-post-thumbnail","6":"product_brand-leinfelder","7":"product_cat-halsschmuck","9":"first","10":"outofstock","11":"shipping-taxable","12":"purchasable","13":"product-type-simple"},"acf":[],"_links":{"self":[{"href":"https:\/\/leinfelder-juweler.com\/en\/wp-json\/wp\/v2\/product\/8578","targetHints":{"allow":["GET"]}}],"collection":[{"href":"https:\/\/leinfelder-juweler.com\/en\/wp-json\/wp\/v2\/product"}],"about":[{"href":"https:\/\/leinfelder-juweler.com\/en\/wp-json\/wp\/v2\/types\/product"}],"replies":[{"embeddable":true,"href":"https:\/\/leinfelder-juweler.com\/en\/wp-json\/wp\/v2\/comments?post=8578"}],"wp:featuredmedia":[{"embeddable":true,"href":"https:\/\/leinfelder-juweler.com\/en\/wp-json\/wp\/v2\/media\/9747"}],"wp:attachment":[{"href":"https:\/\/leinfelder-juweler.com\/en\/wp-json\/wp\/v2\/media?parent=8578"}],"wp:term":[{"taxonomy":"product_brand","embeddable":true,"href":"https:\/\/leinfelder-juweler.com\/en\/wp-json\/wp\/v2\/product_brand?post=8578"},{"taxonomy":"product_cat","embeddable":true,"href":"https:\/\/leinfelder-juweler.com\/en\/wp-json\/wp\/v2\/product_cat?post=8578"},{"taxonomy":"product_tag","embeddable":true,"href":"https:\/\/leinfelder-juweler.com\/en\/wp-json\/wp\/v2\/product_tag?post=8578"}],"curies":[{"name":"wp","href":"https:\/\/api.w.org\/{rel}","templated":true}]}}