{"id":8579,"date":"2025-11-20T18:03:52","date_gmt":"2025-11-20T15:03:52","guid":{"rendered":"https:\/\/leinfelder-juweler.com\/?post_type=product&#038;p=8579"},"modified":"2025-11-20T19:28:43","modified_gmt":"2025-11-20T16:28:43","slug":"ring-750-rosegold-mit-lila-und-pink-saphiren-und-brillanten","status":"publish","type":"product","link":"https:\/\/leinfelder-juweler.com\/en\/product\/ring-750-rosegold-mit-lila-und-pink-saphiren-und-brillanten\/","title":{"rendered":"Ring 750 Ros\u00e9gold mit lila und pink Saphiren und Brillanten"},"content":{"rendered":"<p><strong>Ring 750 Gelbgold mit pink Saphiren und Brillanten<\/strong><\/p>\n<p><strong>Material:\u00a0<\/strong>750 Yellow Gold<\/p>\n<p><strong>Stones: <\/strong>4 pink Saphire, 0,76 ct, 4 x 3 mm facettiert oval; 1 Pink Saphir, 0,59 ct; \u00d8 5,0mm rund facettiert und 12 Brillanten \u00d8 1,0 mm, gesamt 0,060 ct tw vs\u00a0<strong><br \/><\/strong><\/p>\n<p style=\"margin-bottom: .0001pt;\" class=\"MsoNormal\"><b style=\"mso-bidi-font-weight: normal;\">Die zarten Farben und das Design erinnert an Kirschbl\u00fcten. Ein au\u00dfergew\u00f6hnliches Schmuckst\u00fcck, das Eleganz und Lebendigkeit in sich vereint und zu einem wahren Blickfang an jeder Hand wird.<\/b><\/p>\n<p style=\"margin-bottom: .0001pt;\" class=\"MsoNormal\">\u00a0<\/p>\n<p><b>Hinweis: <\/b>Unsere Ringe sind in der angegebenen Gr\u00f6\u00dfe sofort lieferbar. Sollten sie sich einen Ring in einer anderen Gr\u00f6\u00dfe w\u00fcnschen, kontaktieren sie uns bitte. Wir informieren sie gerne \u00fcber die M\u00f6glichkeit und Dauer von Gr\u00f6\u00dfenanpassungen.<\/p>\n<p><\/p>","protected":false},"excerpt":{"rendered":"<p>Ring 750 Gelbgold mit pink Saphiren und Brillanten Material:\u00a0750 Gelbgold Steine: 4 pink Saphire, 0,76 ct, 4 x 3 mm facettiert oval; 1 Pink Saphir, 0,59 ct; \u00d8 5,0mm rund facettiert und 12 Brillanten \u00d8 1,0 mm, gesamt 0,060 ct tw vs\u00a0 Die zarten Farben und das Design erinnert an Kirschbl\u00fcten. Ein au\u00dfergew\u00f6hnliches Schmuckst\u00fcck, das [&hellip;]<\/p>","protected":false},"featured_media":9748,"comment_status":"open","ping_status":"closed","template":"","meta":{"_acf_changed":false,"_et_pb_use_builder":"","_et_pb_old_content":"","_et_gb_content_width":"","inline_featured_image":false},"product_brand":[332],"product_cat":[295],"product_tag":[],"class_list":{"0":"post-8579","1":"product","2":"type-product","3":"status-publish","4":"has-post-thumbnail","6":"product_brand-leinfelder","7":"product_cat-ringe","9":"first","10":"outofstock","11":"shipping-taxable","12":"purchasable","13":"product-type-simple"},"acf":[],"_links":{"self":[{"href":"https:\/\/leinfelder-juweler.com\/en\/wp-json\/wp\/v2\/product\/8579","targetHints":{"allow":["GET"]}}],"collection":[{"href":"https:\/\/leinfelder-juweler.com\/en\/wp-json\/wp\/v2\/product"}],"about":[{"href":"https:\/\/leinfelder-juweler.com\/en\/wp-json\/wp\/v2\/types\/product"}],"replies":[{"embeddable":true,"href":"https:\/\/leinfelder-juweler.com\/en\/wp-json\/wp\/v2\/comments?post=8579"}],"wp:featuredmedia":[{"embeddable":true,"href":"https:\/\/leinfelder-juweler.com\/en\/wp-json\/wp\/v2\/media\/9748"}],"wp:attachment":[{"href":"https:\/\/leinfelder-juweler.com\/en\/wp-json\/wp\/v2\/media?parent=8579"}],"wp:term":[{"taxonomy":"product_brand","embeddable":true,"href":"https:\/\/leinfelder-juweler.com\/en\/wp-json\/wp\/v2\/product_brand?post=8579"},{"taxonomy":"product_cat","embeddable":true,"href":"https:\/\/leinfelder-juweler.com\/en\/wp-json\/wp\/v2\/product_cat?post=8579"},{"taxonomy":"product_tag","embeddable":true,"href":"https:\/\/leinfelder-juweler.com\/en\/wp-json\/wp\/v2\/product_tag?post=8579"}],"curies":[{"name":"wp","href":"https:\/\/api.w.org\/{rel}","templated":true}]}}