{"id":8584,"date":"2025-11-20T18:03:53","date_gmt":"2025-11-20T15:03:53","guid":{"rendered":"https:\/\/leinfelder-juweler.com\/?post_type=product&#038;p=8584"},"modified":"2025-11-20T19:29:11","modified_gmt":"2025-11-20T16:29:11","slug":"anhaenger-750-gelbgold-katze-lola","status":"publish","type":"product","link":"https:\/\/leinfelder-juweler.com\/en\/product\/anhaenger-750-gelbgold-katze-lola\/","title":{"rendered":"Anh\u00e4nger 750 Gelbgold Katze &#8222;Lola&#8220;"},"content":{"rendered":"<p data-mce-fragment=\"1\"><strong>Anh\u00e4nger 750 Gelbgold Katze &#8222;Lola&#8220;<br \/><\/strong><\/p>\n<p data-mce-fragment=\"1\"><strong>Material: <\/strong>750 Yellow Gold<\/p>\n<p data-mce-fragment=\"1\"><strong>Ma\u00dfe: <\/strong>17 mm<strong><br \/><\/strong><\/p>\n<div><strong>Charm und Eleganz verk\u00f6rpert dieser geschmeidige Stubentiger. Absolut alltagstauglich!<br \/><\/strong><\/div>\n<div><strong><br \/><\/strong><\/div>","protected":false},"excerpt":{"rendered":"<p>Anh\u00e4nger 750 Gelbgold Katze &#8222;Lola&#8220; Material: 750 Gelbgold Ma\u00dfe: 17 mm Charm und Eleganz verk\u00f6rpert dieser geschmeidige Stubentiger. Absolut alltagstauglich!<\/p>","protected":false},"featured_media":9753,"comment_status":"open","ping_status":"closed","template":"","meta":{"_acf_changed":false,"_et_pb_use_builder":"","_et_pb_old_content":"","_et_gb_content_width":"","inline_featured_image":false},"product_brand":[332],"product_cat":[333],"product_tag":[],"class_list":{"0":"post-8584","1":"product","2":"type-product","3":"status-publish","4":"has-post-thumbnail","6":"product_brand-leinfelder","7":"product_cat-halsschmuck","9":"first","10":"outofstock","11":"sold-individually","12":"shipping-taxable","13":"purchasable","14":"product-type-simple"},"acf":[],"_links":{"self":[{"href":"https:\/\/leinfelder-juweler.com\/en\/wp-json\/wp\/v2\/product\/8584","targetHints":{"allow":["GET"]}}],"collection":[{"href":"https:\/\/leinfelder-juweler.com\/en\/wp-json\/wp\/v2\/product"}],"about":[{"href":"https:\/\/leinfelder-juweler.com\/en\/wp-json\/wp\/v2\/types\/product"}],"replies":[{"embeddable":true,"href":"https:\/\/leinfelder-juweler.com\/en\/wp-json\/wp\/v2\/comments?post=8584"}],"wp:featuredmedia":[{"embeddable":true,"href":"https:\/\/leinfelder-juweler.com\/en\/wp-json\/wp\/v2\/media\/9753"}],"wp:attachment":[{"href":"https:\/\/leinfelder-juweler.com\/en\/wp-json\/wp\/v2\/media?parent=8584"}],"wp:term":[{"taxonomy":"product_brand","embeddable":true,"href":"https:\/\/leinfelder-juweler.com\/en\/wp-json\/wp\/v2\/product_brand?post=8584"},{"taxonomy":"product_cat","embeddable":true,"href":"https:\/\/leinfelder-juweler.com\/en\/wp-json\/wp\/v2\/product_cat?post=8584"},{"taxonomy":"product_tag","embeddable":true,"href":"https:\/\/leinfelder-juweler.com\/en\/wp-json\/wp\/v2\/product_tag?post=8584"}],"curies":[{"name":"wp","href":"https:\/\/api.w.org\/{rel}","templated":true}]}}