{"id":8585,"date":"2025-11-20T18:03:54","date_gmt":"2025-11-20T15:03:54","guid":{"rendered":"https:\/\/leinfelder-juweler.com\/?post_type=product&#038;p=8585"},"modified":"2025-11-20T19:29:18","modified_gmt":"2025-11-20T16:29:18","slug":"anhaenger-pave-in-750-weissgold-mit-ebenholz","status":"publish","type":"product","link":"https:\/\/leinfelder-juweler.com\/en\/product\/anhaenger-pave-in-750-weissgold-mit-ebenholz\/","title":{"rendered":"Anh\u00e4nger pav\u00e9 in 750 Wei\u00dfgold mit Ebenholz"},"content":{"rendered":"<p data-mce-fragment=\"1\"><strong>Anh\u00e4nger pav\u00e9 in 750 Wei\u00dfgold mit Ebenholz<\/strong><\/p>\n<p><strong>Material: <\/strong>750 Wei\u00dfgold<\/p>\n<p data-mce-fragment=\"1\"><strong>Stones: <\/strong>62 Brillanten \u00d8 1,1mm, gesamt 0,31 ct tw vs<strong> <\/strong><\/p>\n<p data-mce-fragment=\"1\"><strong>Ma\u00dfe: <\/strong>Aussendurchmesser<strong> <\/strong>22 mm<\/p>\n<p><strong>Kontrastreicher Anh\u00e4nger! Das Spiel zwischen wei\u00dfen Brillanten und schwarzem Ebenholz macht den Reiz dieses Schuckst\u00fcckes aus.<\/strong><\/p>\n<p>\u00a0<\/p>","protected":false},"excerpt":{"rendered":"<p>Anh\u00e4nger pav\u00e9 in 750 Wei\u00dfgold mit Ebenholz Material: 750 Wei\u00dfgold Steine: 62 Brillanten \u00d8 1,1mm, gesamt 0,31 ct tw vs Ma\u00dfe: Aussendurchmesser 22 mm Kontrastreicher Anh\u00e4nger! Das Spiel zwischen wei\u00dfen Brillanten und schwarzem Ebenholz macht den Reiz dieses Schuckst\u00fcckes aus. \u00a0<\/p>","protected":false},"featured_media":9754,"comment_status":"open","ping_status":"closed","template":"","meta":{"_acf_changed":false,"_et_pb_use_builder":"","_et_pb_old_content":"","_et_gb_content_width":"","inline_featured_image":false},"product_brand":[332],"product_cat":[333],"product_tag":[302,246],"class_list":{"0":"post-8585","1":"product","2":"type-product","3":"status-publish","4":"has-post-thumbnail","6":"product_brand-leinfelder","7":"product_cat-halsschmuck","8":"product_tag-ebenholz","9":"product_tag-pave","11":"first","12":"outofstock","13":"shipping-taxable","14":"purchasable","15":"product-type-simple"},"acf":[],"_links":{"self":[{"href":"https:\/\/leinfelder-juweler.com\/en\/wp-json\/wp\/v2\/product\/8585","targetHints":{"allow":["GET"]}}],"collection":[{"href":"https:\/\/leinfelder-juweler.com\/en\/wp-json\/wp\/v2\/product"}],"about":[{"href":"https:\/\/leinfelder-juweler.com\/en\/wp-json\/wp\/v2\/types\/product"}],"replies":[{"embeddable":true,"href":"https:\/\/leinfelder-juweler.com\/en\/wp-json\/wp\/v2\/comments?post=8585"}],"wp:featuredmedia":[{"embeddable":true,"href":"https:\/\/leinfelder-juweler.com\/en\/wp-json\/wp\/v2\/media\/9754"}],"wp:attachment":[{"href":"https:\/\/leinfelder-juweler.com\/en\/wp-json\/wp\/v2\/media?parent=8585"}],"wp:term":[{"taxonomy":"product_brand","embeddable":true,"href":"https:\/\/leinfelder-juweler.com\/en\/wp-json\/wp\/v2\/product_brand?post=8585"},{"taxonomy":"product_cat","embeddable":true,"href":"https:\/\/leinfelder-juweler.com\/en\/wp-json\/wp\/v2\/product_cat?post=8585"},{"taxonomy":"product_tag","embeddable":true,"href":"https:\/\/leinfelder-juweler.com\/en\/wp-json\/wp\/v2\/product_tag?post=8585"}],"curies":[{"name":"wp","href":"https:\/\/api.w.org\/{rel}","templated":true}]}}