{"id":8589,"date":"2025-11-20T18:03:55","date_gmt":"2025-11-20T15:03:55","guid":{"rendered":"https:\/\/leinfelder-juweler.com\/?post_type=product&#038;p=8589"},"modified":"2025-11-20T19:29:40","modified_gmt":"2025-11-20T16:29:40","slug":"anhaenger-gecko-3","status":"publish","type":"product","link":"https:\/\/leinfelder-juweler.com\/en\/product\/anhaenger-gecko-3\/","title":{"rendered":"Anh\u00e4nger Gecko"},"content":{"rendered":"<p><strong>Anh\u00e4nger Gecko\u00a0ohne Kette<br \/><\/strong><\/p>\n<p><strong>Material: <\/strong>750 Yellow Gold<\/p>\n<p><strong>Ma\u00dfe: <\/strong>ca.18 mm<\/p>\n<p class=\"MsoNormal\" style=\"margin-bottom: .0001pt;\"><strong><span style=\"font-family: 'Calibri',sans-serif; mso-ascii-theme-font: minor-latin; mso-hansi-theme-font: minor-latin; mso-bidi-font-family: 'Times New Roman'; mso-bidi-theme-font: minor-bidi;\">Die Gecko-Kollektion: Kunstvolle Natur in Gold.<\/span><\/strong><br \/><strong><span style=\"font-family: 'Calibri',sans-serif; mso-ascii-theme-font: minor-latin; mso-hansi-theme-font: minor-latin; mso-bidi-font-family: 'Times New Roman'; mso-bidi-theme-font: minor-bidi;\">Bei dieser Design Linie von Leinfelder wird die faszinierende Gestalt des Geckos in exquisiten Ringen und Anh\u00e4ngern lebendig. Aus 750 Gelbgold gefertigt, teilweise veredelt mit funkelnden Edelsteinen, sind diese fig\u00fcrlichen Schmuckst\u00fccke wahre Meisterwerke der Natur \u2013 symboltr\u00e4chtig und unverwechselbar.&#8220;<\/span><\/strong><\/p>\n<p>\u00a0<\/p>\n<div>\n<strong><\/strong>\n<\/div>","protected":false},"excerpt":{"rendered":"<p>Anh\u00e4nger Gecko\u00a0ohne Kette Material: 750 Gelbgold Ma\u00dfe: ca.18 mm Die Gecko-Kollektion: Kunstvolle Natur in Gold.Bei dieser Design Linie von Leinfelder wird die faszinierende Gestalt des Geckos in exquisiten Ringen und Anh\u00e4ngern lebendig. Aus 750 Gelbgold gefertigt, teilweise veredelt mit funkelnden Edelsteinen, sind diese fig\u00fcrlichen Schmuckst\u00fccke wahre Meisterwerke der Natur \u2013 symboltr\u00e4chtig und unverwechselbar.&#8220; \u00a0<\/p>","protected":false},"featured_media":9758,"comment_status":"open","ping_status":"closed","template":"","meta":{"_acf_changed":false,"_et_pb_use_builder":"","_et_pb_old_content":"","_et_gb_content_width":"","inline_featured_image":false},"product_brand":[332],"product_cat":[333],"product_tag":[],"class_list":{"0":"post-8589","1":"product","2":"type-product","3":"status-publish","4":"has-post-thumbnail","6":"product_brand-leinfelder","7":"product_cat-halsschmuck","9":"first","10":"instock","11":"shipping-taxable","12":"purchasable","13":"product-type-simple"},"acf":[],"_links":{"self":[{"href":"https:\/\/leinfelder-juweler.com\/en\/wp-json\/wp\/v2\/product\/8589","targetHints":{"allow":["GET"]}}],"collection":[{"href":"https:\/\/leinfelder-juweler.com\/en\/wp-json\/wp\/v2\/product"}],"about":[{"href":"https:\/\/leinfelder-juweler.com\/en\/wp-json\/wp\/v2\/types\/product"}],"replies":[{"embeddable":true,"href":"https:\/\/leinfelder-juweler.com\/en\/wp-json\/wp\/v2\/comments?post=8589"}],"wp:featuredmedia":[{"embeddable":true,"href":"https:\/\/leinfelder-juweler.com\/en\/wp-json\/wp\/v2\/media\/9758"}],"wp:attachment":[{"href":"https:\/\/leinfelder-juweler.com\/en\/wp-json\/wp\/v2\/media?parent=8589"}],"wp:term":[{"taxonomy":"product_brand","embeddable":true,"href":"https:\/\/leinfelder-juweler.com\/en\/wp-json\/wp\/v2\/product_brand?post=8589"},{"taxonomy":"product_cat","embeddable":true,"href":"https:\/\/leinfelder-juweler.com\/en\/wp-json\/wp\/v2\/product_cat?post=8589"},{"taxonomy":"product_tag","embeddable":true,"href":"https:\/\/leinfelder-juweler.com\/en\/wp-json\/wp\/v2\/product_tag?post=8589"}],"curies":[{"name":"wp","href":"https:\/\/api.w.org\/{rel}","templated":true}]}}