{"id":8590,"date":"2025-11-20T18:03:55","date_gmt":"2025-11-20T15:03:55","guid":{"rendered":"https:\/\/leinfelder-juweler.com\/?post_type=product&#038;p=8590"},"modified":"2025-11-20T19:29:46","modified_gmt":"2025-11-20T16:29:46","slug":"anhaenger-engelsfluegel-klein","status":"publish","type":"product","link":"https:\/\/leinfelder-juweler.com\/en\/product\/anhaenger-engelsfluegel-klein\/","title":{"rendered":"Anh\u00e4nger Engelsfl\u00fcgel klein"},"content":{"rendered":"<p data-mce-fragment=\"1\"><strong>Anh\u00e4nger Engelsfl\u00fcgel klein<\/strong> <strong>ohne Kette<\/strong><\/p>\n<p data-mce-fragment=\"1\"><strong>Material: <\/strong>750 Yellow Gold<\/p>\n<p data-mce-fragment=\"1\"><strong>Ma\u00dfe: <\/strong>19 mm<\/p>\n<p data-mce-fragment=\"1\"><strong>Ein filigraner Anh\u00e4nger aus 750 Gelbgold, inspiriert vom Fl\u00fcgel des M\u00fcnchner Friedensengels \u2013 ein Sinnbild f\u00fcr die Sch\u00f6nheit und den Geist M\u00fcnchens. Zeitlos und elegant, ein St\u00fcck Heimat zum Tragen.<\/strong><\/p>\n<div>\n<strong><\/strong>\n<\/div>","protected":false},"excerpt":{"rendered":"<p>Anh\u00e4nger Engelsfl\u00fcgel klein ohne Kette Material: 750 Gelbgold Ma\u00dfe: 19 mm Ein filigraner Anh\u00e4nger aus 750 Gelbgold, inspiriert vom Fl\u00fcgel des M\u00fcnchner Friedensengels \u2013 ein Sinnbild f\u00fcr die Sch\u00f6nheit und den Geist M\u00fcnchens. Zeitlos und elegant, ein St\u00fcck Heimat zum Tragen.<\/p>","protected":false},"featured_media":9759,"comment_status":"open","ping_status":"closed","template":"","meta":{"_acf_changed":false,"_et_pb_use_builder":"","_et_pb_old_content":"","_et_gb_content_width":"","inline_featured_image":false},"product_brand":[332],"product_cat":[333],"product_tag":[],"class_list":{"0":"post-8590","1":"product","2":"type-product","3":"status-publish","4":"has-post-thumbnail","6":"product_brand-leinfelder","7":"product_cat-halsschmuck","9":"first","10":"outofstock","11":"shipping-taxable","12":"purchasable","13":"product-type-simple"},"acf":[],"_links":{"self":[{"href":"https:\/\/leinfelder-juweler.com\/en\/wp-json\/wp\/v2\/product\/8590","targetHints":{"allow":["GET"]}}],"collection":[{"href":"https:\/\/leinfelder-juweler.com\/en\/wp-json\/wp\/v2\/product"}],"about":[{"href":"https:\/\/leinfelder-juweler.com\/en\/wp-json\/wp\/v2\/types\/product"}],"replies":[{"embeddable":true,"href":"https:\/\/leinfelder-juweler.com\/en\/wp-json\/wp\/v2\/comments?post=8590"}],"wp:featuredmedia":[{"embeddable":true,"href":"https:\/\/leinfelder-juweler.com\/en\/wp-json\/wp\/v2\/media\/9759"}],"wp:attachment":[{"href":"https:\/\/leinfelder-juweler.com\/en\/wp-json\/wp\/v2\/media?parent=8590"}],"wp:term":[{"taxonomy":"product_brand","embeddable":true,"href":"https:\/\/leinfelder-juweler.com\/en\/wp-json\/wp\/v2\/product_brand?post=8590"},{"taxonomy":"product_cat","embeddable":true,"href":"https:\/\/leinfelder-juweler.com\/en\/wp-json\/wp\/v2\/product_cat?post=8590"},{"taxonomy":"product_tag","embeddable":true,"href":"https:\/\/leinfelder-juweler.com\/en\/wp-json\/wp\/v2\/product_tag?post=8590"}],"curies":[{"name":"wp","href":"https:\/\/api.w.org\/{rel}","templated":true}]}}