{"id":8592,"date":"2025-11-20T18:04:12","date_gmt":"2025-11-20T15:04:12","guid":{"rendered":"https:\/\/leinfelder-juweler.com\/?post_type=product&#038;p=8592"},"modified":"2025-11-20T19:29:57","modified_gmt":"2025-11-20T16:29:57","slug":"klappcreolen-750-gelbgold-mit-mondstein-einhaengern","status":"publish","type":"product","link":"https:\/\/leinfelder-juweler.com\/en\/product\/klappcreolen-750-gelbgold-mit-mondstein-einhaengern\/","title":{"rendered":"Klappcreolen 750 Gelbgold mit Mondstein Einh\u00e4ngern"},"content":{"rendered":"<p><strong>Ohrschmuck\u00a0Klappcreolen<\/strong><\/p>\n<p><strong>Material: <\/strong>750 Yellow Gold<\/p>\n<p><strong>Ma\u00dfe: <\/strong>5 mm breit \/ au\u00dfen \u00d8 15\u00a0mm<\/p>\n<p><strong>Einh\u00e4nger:\u00a0<\/strong>750 Gelbgold mit 2 Starliten 0,37 ct\u00a0\u00d8 3 mm rund facettiert, 8 pink Saphir Cabochons<span data-mce-fragment=\"1\"> <\/span>\u00d8 1,5 mm und wei\u00dfen Mondstein Pampeln 16,31 ct\u00a015 x 9 mm<\/p>\n<div><strong>Die Creolen sind sehr angenehm zu tragen. Sie sind wie winzige Armreife gearbeitet und umschmiegen sanft das Ohr.<\/strong><\/div>\n<div><strong>Die abnehmbaren Einh\u00e4nger verleihen dem Ensemble eine elegante L\u00e4nge.<\/strong><\/div>\n<p>\u00a0<\/p>","protected":false},"excerpt":{"rendered":"<p>Ohrschmuck\u00a0Klappcreolen Material: 750 Gelbgold Ma\u00dfe: 5 mm breit \/ au\u00dfen \u00d8 15\u00a0mm Einh\u00e4nger:\u00a0\ufeff750 Gelbgold mit 2 Starliten 0,37 ct\u00a0\u00d8 3 mm rund facettiert, 8 pink Saphir Cabochons \u00d8 1,5 mm und wei\u00dfen Mondstein Pampeln 16,31 ct\u00a015 x 9 mm Die Creolen sind sehr angenehm zu tragen. Sie sind wie winzige Armreife gearbeitet und umschmiegen sanft [&hellip;]<\/p>","protected":false},"featured_media":9761,"comment_status":"open","ping_status":"closed","template":"","meta":{"_acf_changed":false,"_et_pb_use_builder":"","_et_pb_old_content":"","_et_gb_content_width":"","inline_featured_image":false},"product_brand":[332],"product_cat":[331],"product_tag":[],"class_list":{"0":"post-8592","1":"product","2":"type-product","3":"status-publish","4":"has-post-thumbnail","6":"product_brand-leinfelder","7":"product_cat-ohrschmuck","9":"first","10":"outofstock","11":"shipping-taxable","12":"purchasable","13":"product-type-simple"},"acf":[],"_links":{"self":[{"href":"https:\/\/leinfelder-juweler.com\/en\/wp-json\/wp\/v2\/product\/8592","targetHints":{"allow":["GET"]}}],"collection":[{"href":"https:\/\/leinfelder-juweler.com\/en\/wp-json\/wp\/v2\/product"}],"about":[{"href":"https:\/\/leinfelder-juweler.com\/en\/wp-json\/wp\/v2\/types\/product"}],"replies":[{"embeddable":true,"href":"https:\/\/leinfelder-juweler.com\/en\/wp-json\/wp\/v2\/comments?post=8592"}],"wp:featuredmedia":[{"embeddable":true,"href":"https:\/\/leinfelder-juweler.com\/en\/wp-json\/wp\/v2\/media\/9761"}],"wp:attachment":[{"href":"https:\/\/leinfelder-juweler.com\/en\/wp-json\/wp\/v2\/media?parent=8592"}],"wp:term":[{"taxonomy":"product_brand","embeddable":true,"href":"https:\/\/leinfelder-juweler.com\/en\/wp-json\/wp\/v2\/product_brand?post=8592"},{"taxonomy":"product_cat","embeddable":true,"href":"https:\/\/leinfelder-juweler.com\/en\/wp-json\/wp\/v2\/product_cat?post=8592"},{"taxonomy":"product_tag","embeddable":true,"href":"https:\/\/leinfelder-juweler.com\/en\/wp-json\/wp\/v2\/product_tag?post=8592"}],"curies":[{"name":"wp","href":"https:\/\/api.w.org\/{rel}","templated":true}]}}