{"id":8602,"date":"2025-11-20T18:04:16","date_gmt":"2025-11-20T15:04:16","guid":{"rendered":"https:\/\/leinfelder-juweler.com\/?post_type=product&#038;p=8602"},"modified":"2025-11-20T19:30:53","modified_gmt":"2025-11-20T16:30:53","slug":"ohrstecker-750-gelbgold-drachenherz","status":"publish","type":"product","link":"https:\/\/leinfelder-juweler.com\/en\/product\/ohrstecker-750-gelbgold-drachenherz\/","title":{"rendered":"Ohrstecker 750 Gelbgold &#8222;Drachenherz&#8220;"},"content":{"rendered":"<p><strong>Ohrstecker 750 Gelbgold &#8222;Drachenherz&#8220;<\/strong><\/p>\n<p><strong>Material: <\/strong>750 Yellow Gold<\/p>\n<p><strong>Ma\u00dfe:<\/strong> 10 mm<\/p>\n<p class=\"MsoNormal\" style=\"margin-bottom: .0001pt;\"><strong><span style=\"font-family: 'Calibri',sans-serif; mso-ascii-theme-font: minor-latin; mso-hansi-theme-font: minor-latin; mso-bidi-font-family: 'Times New Roman'; mso-bidi-theme-font: minor-bidi;\">Gl\u00fccksdrachen: Kraft und Eleganz vereint.<\/span><\/strong><br \/><strong><span style=\"font-family: 'Calibri',sans-serif; mso-ascii-theme-font: minor-latin; mso-hansi-theme-font: minor-latin; mso-bidi-font-family: 'Times New Roman'; mso-bidi-theme-font: minor-bidi;\">Entdecken Sie die mystische Anziehungskraft unserer Gl\u00fccksdrachen-Kollektion. Die einzigartige Schuppenstruktur, die die St\u00e4rke eines Drachen symbolisiert, macht jedes Schmuckst\u00fcck zu einem besonderen Talisman.<\/span><\/strong><\/p>","protected":false},"excerpt":{"rendered":"<p>Ohrstecker 750 Gelbgold &#8222;Drachenherz&#8220; Material: 750 Gelbgold Ma\u00dfe: 10 mm Gl\u00fccksdrachen: Kraft und Eleganz vereint.Entdecken Sie die mystische Anziehungskraft unserer Gl\u00fccksdrachen-Kollektion. Die einzigartige Schuppenstruktur, die die St\u00e4rke eines Drachen symbolisiert, macht jedes Schmuckst\u00fcck zu einem besonderen Talisman.<\/p>","protected":false},"featured_media":9771,"comment_status":"open","ping_status":"closed","template":"","meta":{"_acf_changed":false,"_et_pb_use_builder":"","_et_pb_old_content":"","_et_gb_content_width":"","inline_featured_image":false},"product_brand":[332],"product_cat":[331],"product_tag":[],"class_list":{"0":"post-8602","1":"product","2":"type-product","3":"status-publish","4":"has-post-thumbnail","6":"product_brand-leinfelder","7":"product_cat-ohrschmuck","9":"first","10":"outofstock","11":"shipping-taxable","12":"purchasable","13":"product-type-simple"},"acf":[],"_links":{"self":[{"href":"https:\/\/leinfelder-juweler.com\/en\/wp-json\/wp\/v2\/product\/8602","targetHints":{"allow":["GET"]}}],"collection":[{"href":"https:\/\/leinfelder-juweler.com\/en\/wp-json\/wp\/v2\/product"}],"about":[{"href":"https:\/\/leinfelder-juweler.com\/en\/wp-json\/wp\/v2\/types\/product"}],"replies":[{"embeddable":true,"href":"https:\/\/leinfelder-juweler.com\/en\/wp-json\/wp\/v2\/comments?post=8602"}],"wp:featuredmedia":[{"embeddable":true,"href":"https:\/\/leinfelder-juweler.com\/en\/wp-json\/wp\/v2\/media\/9771"}],"wp:attachment":[{"href":"https:\/\/leinfelder-juweler.com\/en\/wp-json\/wp\/v2\/media?parent=8602"}],"wp:term":[{"taxonomy":"product_brand","embeddable":true,"href":"https:\/\/leinfelder-juweler.com\/en\/wp-json\/wp\/v2\/product_brand?post=8602"},{"taxonomy":"product_cat","embeddable":true,"href":"https:\/\/leinfelder-juweler.com\/en\/wp-json\/wp\/v2\/product_cat?post=8602"},{"taxonomy":"product_tag","embeddable":true,"href":"https:\/\/leinfelder-juweler.com\/en\/wp-json\/wp\/v2\/product_tag?post=8602"}],"curies":[{"name":"wp","href":"https:\/\/api.w.org\/{rel}","templated":true}]}}