{"id":8607,"date":"2025-11-20T18:04:18","date_gmt":"2025-11-20T15:04:18","guid":{"rendered":"https:\/\/leinfelder-juweler.com\/?post_type=product&#038;p=8607"},"modified":"2025-11-20T19:31:18","modified_gmt":"2025-11-20T16:31:18","slug":"ohrhaenger-mit-mondstein-pampeln","status":"publish","type":"product","link":"https:\/\/leinfelder-juweler.com\/en\/product\/ohrhaenger-mit-mondstein-pampeln\/","title":{"rendered":"Ohrh\u00e4nger mit Mondstein Pampeln"},"content":{"rendered":"<p><strong>Ohrh\u00e4nger mit anthrazitfarbenen Mondstein Pampeln<br \/><\/strong><\/p>\n<p><strong>Material: <\/strong>750 Ros\u00e9gold<\/p>\n<p><strong>Stones: <\/strong>anthrazitfarbene<strong> <\/strong>Mondstein Pampeln 17 x 8 mm<\/p>\n<p><strong>Organisch und schwungvoll sind diese Ohrh\u00e4nger aus 750 Gelbgold mit <span data-mce-fragment=\"1\">anthrazitfarbenen Mondstein <\/span>Pampeln.<\/strong><\/p>\n<p>\u00a0<\/p>","protected":false},"excerpt":{"rendered":"<p>Ohrh\u00e4nger mit anthrazitfarbenen Mondstein Pampeln Material: 750 Ros\u00e9gold Steine: anthrazitfarbene Mondstein Pampeln 17 x 8 mm Organisch und schwungvoll sind diese Ohrh\u00e4nger aus 750 Gelbgold mit anthrazitfarbenen Mondstein Pampeln. \u00a0<\/p>","protected":false},"featured_media":9776,"comment_status":"open","ping_status":"closed","template":"","meta":{"_acf_changed":false,"_et_pb_use_builder":"","_et_pb_old_content":"","_et_gb_content_width":"","inline_featured_image":false},"product_brand":[332],"product_cat":[331],"product_tag":[],"class_list":{"0":"post-8607","1":"product","2":"type-product","3":"status-publish","4":"has-post-thumbnail","6":"product_brand-leinfelder","7":"product_cat-ohrschmuck","9":"first","10":"outofstock","11":"shipping-taxable","12":"purchasable","13":"product-type-simple"},"acf":[],"_links":{"self":[{"href":"https:\/\/leinfelder-juweler.com\/en\/wp-json\/wp\/v2\/product\/8607","targetHints":{"allow":["GET"]}}],"collection":[{"href":"https:\/\/leinfelder-juweler.com\/en\/wp-json\/wp\/v2\/product"}],"about":[{"href":"https:\/\/leinfelder-juweler.com\/en\/wp-json\/wp\/v2\/types\/product"}],"replies":[{"embeddable":true,"href":"https:\/\/leinfelder-juweler.com\/en\/wp-json\/wp\/v2\/comments?post=8607"}],"wp:featuredmedia":[{"embeddable":true,"href":"https:\/\/leinfelder-juweler.com\/en\/wp-json\/wp\/v2\/media\/9776"}],"wp:attachment":[{"href":"https:\/\/leinfelder-juweler.com\/en\/wp-json\/wp\/v2\/media?parent=8607"}],"wp:term":[{"taxonomy":"product_brand","embeddable":true,"href":"https:\/\/leinfelder-juweler.com\/en\/wp-json\/wp\/v2\/product_brand?post=8607"},{"taxonomy":"product_cat","embeddable":true,"href":"https:\/\/leinfelder-juweler.com\/en\/wp-json\/wp\/v2\/product_cat?post=8607"},{"taxonomy":"product_tag","embeddable":true,"href":"https:\/\/leinfelder-juweler.com\/en\/wp-json\/wp\/v2\/product_tag?post=8607"}],"curies":[{"name":"wp","href":"https:\/\/api.w.org\/{rel}","templated":true}]}}