{"id":8612,"date":"2025-11-20T18:04:19","date_gmt":"2025-11-20T15:04:19","guid":{"rendered":"https:\/\/leinfelder-juweler.com\/?post_type=product&#038;p=8612"},"modified":"2025-11-20T19:31:43","modified_gmt":"2025-11-20T16:31:43","slug":"einhaenger-fuer-creolen-mit-brillanten-und-calcedon","status":"publish","type":"product","link":"https:\/\/leinfelder-juweler.com\/en\/product\/einhaenger-fuer-creolen-mit-brillanten-und-calcedon\/","title":{"rendered":"Einh\u00e4nger f\u00fcr Creolen mit Brillanten und Calcedon"},"content":{"rendered":"<p><strong>Einh\u00e4nger f\u00fcr Creolen mit Brillanten und Calcedon Pampeln:<\/strong><\/p>\n<p><strong>Material:\u00a0<\/strong>750 Yellow Gold<\/p>\n<p><strong>Stones:\u00a0<\/strong>2 Brillanten tw vsi 0,20 ct\u00a0\u00d8 3,0 mm und Calcedon Pampeln 10,67 ct 19,5 x 8 mm<strong><\/strong><\/p>\n<p class=\"MsoNormal\"><strong>Tipp:\u00a0Die Einh\u00e4nger sind ma\u00dfgefertigt f\u00fcr unsere Klappcreolen, 5 mm breit, Au\u00dfendurchmesser 15 mm<\/strong>.<\/p>\n<p><strong>Die pastellblauen Calcedon Pampeln in Kombination mit warmem Gelbgold und funkelnden Brillanten verleihen Ihren Creolen den besonderen Reiz.<\/strong><\/p>","protected":false},"excerpt":{"rendered":"<p>Einh\u00e4nger f\u00fcr Creolen mit Brillanten und Calcedon Pampeln: Material:\u00a0750 Gelbgold Steine:\u00a02 Brillanten tw vsi 0,20 ct\u00a0\u00d8 3,0 mm und Calcedon Pampeln 10,67 ct 19,5 x 8 mm Tipp:\u00a0Die Einh\u00e4nger sind ma\u00dfgefertigt f\u00fcr unsere Klappcreolen, 5 mm breit, Au\u00dfendurchmesser 15 mm. Die pastellblauen Calcedon Pampeln in Kombination mit warmem Gelbgold und funkelnden Brillanten verleihen Ihren Creolen [&hellip;]<\/p>","protected":false},"featured_media":9781,"comment_status":"open","ping_status":"closed","template":"","meta":{"_acf_changed":false,"_et_pb_use_builder":"","_et_pb_old_content":"","_et_gb_content_width":"","inline_featured_image":false},"product_brand":[332],"product_cat":[331],"product_tag":[],"class_list":{"0":"post-8612","1":"product","2":"type-product","3":"status-publish","4":"has-post-thumbnail","6":"product_brand-leinfelder","7":"product_cat-ohrschmuck","9":"first","10":"instock","11":"sold-individually","12":"shipping-taxable","13":"purchasable","14":"product-type-simple"},"acf":[],"_links":{"self":[{"href":"https:\/\/leinfelder-juweler.com\/en\/wp-json\/wp\/v2\/product\/8612","targetHints":{"allow":["GET"]}}],"collection":[{"href":"https:\/\/leinfelder-juweler.com\/en\/wp-json\/wp\/v2\/product"}],"about":[{"href":"https:\/\/leinfelder-juweler.com\/en\/wp-json\/wp\/v2\/types\/product"}],"replies":[{"embeddable":true,"href":"https:\/\/leinfelder-juweler.com\/en\/wp-json\/wp\/v2\/comments?post=8612"}],"wp:featuredmedia":[{"embeddable":true,"href":"https:\/\/leinfelder-juweler.com\/en\/wp-json\/wp\/v2\/media\/9781"}],"wp:attachment":[{"href":"https:\/\/leinfelder-juweler.com\/en\/wp-json\/wp\/v2\/media?parent=8612"}],"wp:term":[{"taxonomy":"product_brand","embeddable":true,"href":"https:\/\/leinfelder-juweler.com\/en\/wp-json\/wp\/v2\/product_brand?post=8612"},{"taxonomy":"product_cat","embeddable":true,"href":"https:\/\/leinfelder-juweler.com\/en\/wp-json\/wp\/v2\/product_cat?post=8612"},{"taxonomy":"product_tag","embeddable":true,"href":"https:\/\/leinfelder-juweler.com\/en\/wp-json\/wp\/v2\/product_tag?post=8612"}],"curies":[{"name":"wp","href":"https:\/\/api.w.org\/{rel}","templated":true}]}}