{"id":8615,"date":"2025-11-20T18:04:20","date_gmt":"2025-11-20T15:04:20","guid":{"rendered":"https:\/\/leinfelder-juweler.com\/?post_type=product&#038;p=8615"},"modified":"2025-11-20T19:32:01","modified_gmt":"2025-11-20T16:32:01","slug":"mantelring-tailliert-mit-weissem-mondstein","status":"publish","type":"product","link":"https:\/\/leinfelder-juweler.com\/en\/product\/mantelring-tailliert-mit-weissem-mondstein\/","title":{"rendered":"Mantelring tailliert mit wei\u00dfem Mondstein"},"content":{"rendered":"<p><strong>Mantelring tailliert mit<span data-mce-fragment=\"1\"> wei\u00dfem Mondstein Cabochon <\/span><span data-mce-fragment=\"1\"><\/span><\/strong><\/p>\n<p><strong>Material:\u00a0<\/strong>750 Yellow Gold<\/p>\n<p><strong>Stones: <\/strong>wei\u00dfer Mondstein Cabochon 12,81 ct\u00a016 x 13 mm l\u00e4ngs<\/p>\n<div><strong>Ein Lieblingsst\u00fcck!<\/strong><\/div>\n<div><strong>Dieser Ring schmiegt sich weich an Ihre Hand. Die taillierte Ringschiene hebt den seidig schimmernden Mondstein Cabochon empor, der hier l\u00e4ngs zum Finger gefasst ist.<\/strong><\/div>\n<div><strong><\/strong><\/div>\n<p data-mce-fragment=\"1\"><b data-mce-fragment=\"1\">Hinweis: <\/b>Unsere Ringe sind in der angegebenen Gr\u00f6\u00dfe sofort lieferbar. Sollten sie sich einen Ring in einer anderen Gr\u00f6\u00dfe w\u00fcnschen, kontaktieren sie uns bitte. Wir informieren sie gerne \u00fcber die M\u00f6glichkeit und Dauer von Gr\u00f6\u00dfenanpassungen.<\/p>\n<p><\/p>","protected":false},"excerpt":{"rendered":"<p>Mantelring tailliert mit wei\u00dfem Mondstein Cabochon Material:\u00a0750 Gelbgold Steine: wei\u00dfer Mondstein Cabochon 12,81 ct\u00a016 x 13 mm l\u00e4ngs Ein Lieblingsst\u00fcck! Dieser Ring schmiegt sich weich an Ihre Hand. Die taillierte Ringschiene hebt den seidig schimmernden Mondstein Cabochon empor, der hier l\u00e4ngs zum Finger gefasst ist. Hinweis: Unsere Ringe sind in der angegebenen Gr\u00f6\u00dfe sofort lieferbar. [&hellip;]<\/p>","protected":false},"featured_media":9784,"comment_status":"open","ping_status":"closed","template":"","meta":{"_acf_changed":false,"_et_pb_use_builder":"","_et_pb_old_content":"","_et_gb_content_width":"","inline_featured_image":false},"product_brand":[332],"product_cat":[295],"product_tag":[],"class_list":{"0":"post-8615","1":"product","2":"type-product","3":"status-publish","4":"has-post-thumbnail","6":"product_brand-leinfelder","7":"product_cat-ringe","9":"first","10":"outofstock","11":"shipping-taxable","12":"purchasable","13":"product-type-simple"},"acf":[],"_links":{"self":[{"href":"https:\/\/leinfelder-juweler.com\/en\/wp-json\/wp\/v2\/product\/8615","targetHints":{"allow":["GET"]}}],"collection":[{"href":"https:\/\/leinfelder-juweler.com\/en\/wp-json\/wp\/v2\/product"}],"about":[{"href":"https:\/\/leinfelder-juweler.com\/en\/wp-json\/wp\/v2\/types\/product"}],"replies":[{"embeddable":true,"href":"https:\/\/leinfelder-juweler.com\/en\/wp-json\/wp\/v2\/comments?post=8615"}],"wp:featuredmedia":[{"embeddable":true,"href":"https:\/\/leinfelder-juweler.com\/en\/wp-json\/wp\/v2\/media\/9784"}],"wp:attachment":[{"href":"https:\/\/leinfelder-juweler.com\/en\/wp-json\/wp\/v2\/media?parent=8615"}],"wp:term":[{"taxonomy":"product_brand","embeddable":true,"href":"https:\/\/leinfelder-juweler.com\/en\/wp-json\/wp\/v2\/product_brand?post=8615"},{"taxonomy":"product_cat","embeddable":true,"href":"https:\/\/leinfelder-juweler.com\/en\/wp-json\/wp\/v2\/product_cat?post=8615"},{"taxonomy":"product_tag","embeddable":true,"href":"https:\/\/leinfelder-juweler.com\/en\/wp-json\/wp\/v2\/product_tag?post=8615"}],"curies":[{"name":"wp","href":"https:\/\/api.w.org\/{rel}","templated":true}]}}