{"id":8618,"date":"2025-11-20T18:04:21","date_gmt":"2025-11-20T15:04:21","guid":{"rendered":"https:\/\/leinfelder-juweler.com\/?post_type=product&#038;p=8618"},"modified":"2025-11-20T19:32:19","modified_gmt":"2025-11-20T16:32:19","slug":"ring-mit-starlit-und-zwei-tsavoriten","status":"publish","type":"product","link":"https:\/\/leinfelder-juweler.com\/en\/product\/ring-mit-starlit-und-zwei-tsavoriten\/","title":{"rendered":"Ring mit Starlit und zwei Tsavoriten"},"content":{"rendered":"<p><strong>Ring mit Turmalin und zwei Starliten<\/strong><\/p>\n<p><strong>Material:\u00a0<\/strong>750 Yellow Gold<\/p>\n<p><strong>Stones: <\/strong>Starlit 2,145 ct<span>\u00a0<\/span>l\u00e4ngs\u00a08 x 6 mm facettiert oval und 2 Tsavorite \u00d8 4 mm = 0,60 ct<\/p>\n<p><strong>Die Symbiose zwischen dem\u00a0t\u00fcrkisblauen Starlit im Facettenschliff\u00a0 und den erfrischend gr\u00fcnen Tsavoriten, die seitlich an der Ringschiene angebracht sind, vermitteln den Reiz dieses Ringes.<\/strong><\/p>\n<p data-mce-fragment=\"1\"><b data-mce-fragment=\"1\">Hinweis: <\/b>Unsere Ringe sind in der angegebenen Gr\u00f6\u00dfe sofort lieferbar. Sollten sie sich einen Ring in einer anderen Gr\u00f6\u00dfe w\u00fcnschen, kontaktieren sie uns bitte. Wir informieren sie gerne \u00fcber die M\u00f6glichkeit und Dauer von Gr\u00f6\u00dfenanpassungen.<\/p>\n<p><\/p>","protected":false},"excerpt":{"rendered":"<p>Ring mit Turmalin und zwei Starliten Material:\u00a0750 Gelbgold Steine: Starlit 2,145 ct\u00a0l\u00e4ngs\u00a08 x 6 mm facettiert oval und 2 Tsavorite \u00d8 4 mm = 0,60 ct Die Symbiose zwischen dem\u00a0t\u00fcrkisblauen Starlit im Facettenschliff\u00a0 und den erfrischend gr\u00fcnen Tsavoriten, die seitlich an der Ringschiene angebracht sind, vermitteln den Reiz dieses Ringes. Hinweis: Unsere Ringe sind in [&hellip;]<\/p>","protected":false},"featured_media":9787,"comment_status":"open","ping_status":"closed","template":"","meta":{"_acf_changed":false,"_et_pb_use_builder":"","_et_pb_old_content":"","_et_gb_content_width":"","inline_featured_image":false},"product_brand":[332],"product_cat":[295],"product_tag":[],"class_list":{"0":"post-8618","1":"product","2":"type-product","3":"status-publish","4":"has-post-thumbnail","6":"product_brand-leinfelder","7":"product_cat-ringe","9":"first","10":"outofstock","11":"shipping-taxable","12":"purchasable","13":"product-type-simple"},"acf":[],"_links":{"self":[{"href":"https:\/\/leinfelder-juweler.com\/en\/wp-json\/wp\/v2\/product\/8618","targetHints":{"allow":["GET"]}}],"collection":[{"href":"https:\/\/leinfelder-juweler.com\/en\/wp-json\/wp\/v2\/product"}],"about":[{"href":"https:\/\/leinfelder-juweler.com\/en\/wp-json\/wp\/v2\/types\/product"}],"replies":[{"embeddable":true,"href":"https:\/\/leinfelder-juweler.com\/en\/wp-json\/wp\/v2\/comments?post=8618"}],"wp:featuredmedia":[{"embeddable":true,"href":"https:\/\/leinfelder-juweler.com\/en\/wp-json\/wp\/v2\/media\/9787"}],"wp:attachment":[{"href":"https:\/\/leinfelder-juweler.com\/en\/wp-json\/wp\/v2\/media?parent=8618"}],"wp:term":[{"taxonomy":"product_brand","embeddable":true,"href":"https:\/\/leinfelder-juweler.com\/en\/wp-json\/wp\/v2\/product_brand?post=8618"},{"taxonomy":"product_cat","embeddable":true,"href":"https:\/\/leinfelder-juweler.com\/en\/wp-json\/wp\/v2\/product_cat?post=8618"},{"taxonomy":"product_tag","embeddable":true,"href":"https:\/\/leinfelder-juweler.com\/en\/wp-json\/wp\/v2\/product_tag?post=8618"}],"curies":[{"name":"wp","href":"https:\/\/api.w.org\/{rel}","templated":true}]}}