{"id":8620,"date":"2025-11-20T18:04:22","date_gmt":"2025-11-20T15:04:22","guid":{"rendered":"https:\/\/leinfelder-juweler.com\/?post_type=product&#038;p=8620"},"modified":"2025-11-20T19:32:30","modified_gmt":"2025-11-20T16:32:30","slug":"ein-paar-manschettenknoepfe-3","status":"publish","type":"product","link":"https:\/\/leinfelder-juweler.com\/en\/product\/ein-paar-manschettenknoepfe-3\/","title":{"rendered":"Ein Paar Manschettenkn\u00f6pfe"},"content":{"rendered":"<p data-mce-fragment=\"1\"><strong>Manschettenkn\u00f6pfe<\/strong><\/p>\n<p data-mce-fragment=\"1\"><strong>Material: <\/strong>750 Wei\u00dfgold<\/p>\n<p data-mce-fragment=\"1\"><strong>Ma\u00dfe: <\/strong>15 x 13 mm konvex oval<strong><br \/><\/strong><\/p>\n<p class=\"MsoNormal\" style=\"margin-bottom: .0001pt;\"><strong><span style=\"font-family: 'Calibri',sans-serif; mso-ascii-theme-font: minor-latin; mso-hansi-theme-font: minor-latin; mso-bidi-font-family: 'Times New Roman'; mso-bidi-theme-font: minor-bidi;\">Manschettenkn\u00f6pfe von Leinfelder sind mehr als nur ein Accesoire &#8211; sie sind ein Statement. Handgefertigt aus 750 Gold, manche veredelt mit schwarzem Ebenholz oder ausgefallenen Edelsteinen, verk\u00f6rpern die perfekte Balance zwischen Eleganz und Sportlichkeit.<\/span><\/strong><\/p>\n<p data-mce-fragment=\"1\"><strong><br \/><\/strong><\/p>","protected":false},"excerpt":{"rendered":"<p>Manschettenkn\u00f6pfe Material: 750 Wei\u00dfgold Ma\u00dfe: 15 x 13 mm konvex oval Manschettenkn\u00f6pfe von Leinfelder sind mehr als nur ein Accesoire &#8211; sie sind ein Statement. Handgefertigt aus 750 Gold, manche veredelt mit schwarzem Ebenholz oder ausgefallenen Edelsteinen, verk\u00f6rpern die perfekte Balance zwischen Eleganz und Sportlichkeit.<\/p>","protected":false},"featured_media":9789,"comment_status":"open","ping_status":"closed","template":"","meta":{"_acf_changed":false,"_et_pb_use_builder":"","_et_pb_old_content":"","_et_gb_content_width":"","inline_featured_image":false},"product_brand":[332],"product_cat":[380],"product_tag":[],"class_list":{"0":"post-8620","1":"product","2":"type-product","3":"status-publish","4":"has-post-thumbnail","6":"product_brand-leinfelder","7":"product_cat-manschettenknoepfe","9":"first","10":"instock","11":"sold-individually","12":"shipping-taxable","13":"purchasable","14":"product-type-simple"},"acf":[],"_links":{"self":[{"href":"https:\/\/leinfelder-juweler.com\/en\/wp-json\/wp\/v2\/product\/8620","targetHints":{"allow":["GET"]}}],"collection":[{"href":"https:\/\/leinfelder-juweler.com\/en\/wp-json\/wp\/v2\/product"}],"about":[{"href":"https:\/\/leinfelder-juweler.com\/en\/wp-json\/wp\/v2\/types\/product"}],"replies":[{"embeddable":true,"href":"https:\/\/leinfelder-juweler.com\/en\/wp-json\/wp\/v2\/comments?post=8620"}],"wp:featuredmedia":[{"embeddable":true,"href":"https:\/\/leinfelder-juweler.com\/en\/wp-json\/wp\/v2\/media\/9789"}],"wp:attachment":[{"href":"https:\/\/leinfelder-juweler.com\/en\/wp-json\/wp\/v2\/media?parent=8620"}],"wp:term":[{"taxonomy":"product_brand","embeddable":true,"href":"https:\/\/leinfelder-juweler.com\/en\/wp-json\/wp\/v2\/product_brand?post=8620"},{"taxonomy":"product_cat","embeddable":true,"href":"https:\/\/leinfelder-juweler.com\/en\/wp-json\/wp\/v2\/product_cat?post=8620"},{"taxonomy":"product_tag","embeddable":true,"href":"https:\/\/leinfelder-juweler.com\/en\/wp-json\/wp\/v2\/product_tag?post=8620"}],"curies":[{"name":"wp","href":"https:\/\/api.w.org\/{rel}","templated":true}]}}