{"id":8621,"date":"2025-11-20T18:04:39","date_gmt":"2025-11-20T15:04:39","guid":{"rendered":"https:\/\/leinfelder-juweler.com\/?post_type=product&#038;p=8621"},"modified":"2025-11-20T19:32:35","modified_gmt":"2025-11-20T16:32:35","slug":"anhaenger-750-gelbgold-mit-tsavorit-und-amethyst-briolett","status":"publish","type":"product","link":"https:\/\/leinfelder-juweler.com\/en\/product\/anhaenger-750-gelbgold-mit-tsavorit-und-amethyst-briolett\/","title":{"rendered":"Anh\u00e4nger 750 Gelbgold mit Tsavorit und Amethyst Briolett"},"content":{"rendered":"<p data-mce-fragment=\"1\"><strong>Anh\u00e4nger 750 Gelbgold mit Tsavorit und Amethyst Briolett<br \/><\/strong><\/p>\n<p data-mce-fragment=\"1\"><strong>Material: <\/strong>750 Yellow Gold<\/p>\n<p data-mce-fragment=\"1\"><strong>Stones: <\/strong>Ein Tsavorit 0,57 ct \u00d8 5 mm rund facettiert und ein<strong> <\/strong>Amethyst Briolett<span> 13,97 ct <\/span>19 x 14 mm<\/p>\n<p><strong>Das kr\u00e4ftige Gr\u00fcn des Tsavorit harmoniert wunderbar mit dem leuchtenden Amethyst Briolett.<br \/><\/strong><\/p>","protected":false},"excerpt":{"rendered":"<p>Anh\u00e4nger 750 Gelbgold mit Tsavorit und Amethyst Briolett Material: 750 Gelbgold Steine: Ein Tsavorit 0,57 ct \u00d8 5 mm rund facettiert und ein Amethyst Briolett 13,97 ct 19 x 14 mm Das kr\u00e4ftige Gr\u00fcn des Tsavorit harmoniert wunderbar mit dem leuchtenden Amethyst Briolett.<\/p>","protected":false},"featured_media":9790,"comment_status":"open","ping_status":"closed","template":"","meta":{"_acf_changed":false,"_et_pb_use_builder":"","_et_pb_old_content":"","_et_gb_content_width":"","inline_featured_image":false},"product_brand":[332],"product_cat":[333],"product_tag":[],"class_list":{"0":"post-8621","1":"product","2":"type-product","3":"status-publish","4":"has-post-thumbnail","6":"product_brand-leinfelder","7":"product_cat-halsschmuck","9":"first","10":"outofstock","11":"shipping-taxable","12":"purchasable","13":"product-type-simple"},"acf":[],"_links":{"self":[{"href":"https:\/\/leinfelder-juweler.com\/en\/wp-json\/wp\/v2\/product\/8621","targetHints":{"allow":["GET"]}}],"collection":[{"href":"https:\/\/leinfelder-juweler.com\/en\/wp-json\/wp\/v2\/product"}],"about":[{"href":"https:\/\/leinfelder-juweler.com\/en\/wp-json\/wp\/v2\/types\/product"}],"replies":[{"embeddable":true,"href":"https:\/\/leinfelder-juweler.com\/en\/wp-json\/wp\/v2\/comments?post=8621"}],"wp:featuredmedia":[{"embeddable":true,"href":"https:\/\/leinfelder-juweler.com\/en\/wp-json\/wp\/v2\/media\/9790"}],"wp:attachment":[{"href":"https:\/\/leinfelder-juweler.com\/en\/wp-json\/wp\/v2\/media?parent=8621"}],"wp:term":[{"taxonomy":"product_brand","embeddable":true,"href":"https:\/\/leinfelder-juweler.com\/en\/wp-json\/wp\/v2\/product_brand?post=8621"},{"taxonomy":"product_cat","embeddable":true,"href":"https:\/\/leinfelder-juweler.com\/en\/wp-json\/wp\/v2\/product_cat?post=8621"},{"taxonomy":"product_tag","embeddable":true,"href":"https:\/\/leinfelder-juweler.com\/en\/wp-json\/wp\/v2\/product_tag?post=8621"}],"curies":[{"name":"wp","href":"https:\/\/api.w.org\/{rel}","templated":true}]}}