{"id":8624,"date":"2025-11-20T18:04:40","date_gmt":"2025-11-20T15:04:40","guid":{"rendered":"https:\/\/leinfelder-juweler.com\/?post_type=product&#038;p=8624"},"modified":"2025-11-20T19:32:54","modified_gmt":"2025-11-20T16:32:54","slug":"ring-750-gelbgold-mit-rubellit-cabochon","status":"publish","type":"product","link":"https:\/\/leinfelder-juweler.com\/en\/product\/ring-750-gelbgold-mit-rubellit-cabochon\/","title":{"rendered":"Ring 750 Gelbgold mit Rubellit Cabochon"},"content":{"rendered":"<p data-mce-fragment=\"1\"><strong>Ring 750 Gelbgold mit Rubellit Cabochon <\/strong><\/p>\n<p data-mce-fragment=\"1\"><strong>Material: <\/strong>750 Yellow Gold<\/p>\n<p data-mce-fragment=\"1\"><strong>Stein:<\/strong> Rubellit Cabochon 3,63 ct 11 x 9 mm quer<\/p>\n<p><strong><b style=\"mso-bidi-font-weight: normal;\"><span style=\"font-size: 11.0pt; line-height: 115%; font-family: 'Calibri',sans-serif; mso-ascii-theme-font: minor-latin; mso-fareast-font-family: Calibri; mso-fareast-theme-font: minor-latin; mso-hansi-theme-font: minor-latin; mso-bidi-theme-font: minor-latin; mso-ansi-language: DE; mso-fareast-language: EN-US; mso-bidi-language: AR-SA;\">Unsere Schmuck-Linie &#8218;Klassik&#8216; besticht durch zeitlose Harmonie und feine Details. Die Kollektion umfasst Ohrschmuck, Ringe, Anh\u00e4nger und Armb\u00e4nder aus 750 Gelb-, Ros\u00e9- und Wei\u00dfgold, veredelt mit hochwertigen, farbigen Edelsteinen im Cabochon- und Facettenschliff.<\/span><\/b><\/strong><\/p>\n<p><strong>Die puristische, abgerundete Fassung bildet den perfekten Rahmen f\u00fcr den Edelstein im Cabochon-Schliff, hier ein Rubellit, der quer zum Finger gefasst ist.<\/strong><\/p>\n<p><b>Hinweis: <\/b>Unsere Ringe sind in der angegebenen Gr\u00f6\u00dfe sofort lieferbar. Sollten sie sich einen Ring in einer anderen Gr\u00f6\u00dfe w\u00fcnschen, kontaktieren sie uns bitte. Wir informieren sie gerne \u00fcber die M\u00f6glichkeit und Dauer von Gr\u00f6\u00dfenanpassungen.<\/p>","protected":false},"excerpt":{"rendered":"<p>Ring 750 Gelbgold mit Rubellit Cabochon Material: 750 Gelbgold Stein: Rubellit Cabochon 3,63 ct 11 x 9 mm quer Unsere Schmuck-Linie &#8218;Klassik&#8216; besticht durch zeitlose Harmonie und feine Details. Die Kollektion umfasst Ohrschmuck, Ringe, Anh\u00e4nger und Armb\u00e4nder aus 750 Gelb-, Ros\u00e9- und Wei\u00dfgold, veredelt mit hochwertigen, farbigen Edelsteinen im Cabochon- und Facettenschliff. Die puristische, abgerundete [&hellip;]<\/p>","protected":false},"featured_media":9793,"comment_status":"open","ping_status":"closed","template":"","meta":{"_acf_changed":false,"_et_pb_use_builder":"","_et_pb_old_content":"","_et_gb_content_width":"","inline_featured_image":false},"product_brand":[332],"product_cat":[295],"product_tag":[],"class_list":{"0":"post-8624","1":"product","2":"type-product","3":"status-publish","4":"has-post-thumbnail","6":"product_brand-leinfelder","7":"product_cat-ringe","9":"first","10":"outofstock","11":"shipping-taxable","12":"purchasable","13":"product-type-simple"},"acf":[],"_links":{"self":[{"href":"https:\/\/leinfelder-juweler.com\/en\/wp-json\/wp\/v2\/product\/8624","targetHints":{"allow":["GET"]}}],"collection":[{"href":"https:\/\/leinfelder-juweler.com\/en\/wp-json\/wp\/v2\/product"}],"about":[{"href":"https:\/\/leinfelder-juweler.com\/en\/wp-json\/wp\/v2\/types\/product"}],"replies":[{"embeddable":true,"href":"https:\/\/leinfelder-juweler.com\/en\/wp-json\/wp\/v2\/comments?post=8624"}],"wp:featuredmedia":[{"embeddable":true,"href":"https:\/\/leinfelder-juweler.com\/en\/wp-json\/wp\/v2\/media\/9793"}],"wp:attachment":[{"href":"https:\/\/leinfelder-juweler.com\/en\/wp-json\/wp\/v2\/media?parent=8624"}],"wp:term":[{"taxonomy":"product_brand","embeddable":true,"href":"https:\/\/leinfelder-juweler.com\/en\/wp-json\/wp\/v2\/product_brand?post=8624"},{"taxonomy":"product_cat","embeddable":true,"href":"https:\/\/leinfelder-juweler.com\/en\/wp-json\/wp\/v2\/product_cat?post=8624"},{"taxonomy":"product_tag","embeddable":true,"href":"https:\/\/leinfelder-juweler.com\/en\/wp-json\/wp\/v2\/product_tag?post=8624"}],"curies":[{"name":"wp","href":"https:\/\/api.w.org\/{rel}","templated":true}]}}