{"id":8626,"date":"2025-11-20T18:04:41","date_gmt":"2025-11-20T15:04:41","guid":{"rendered":"https:\/\/leinfelder-juweler.com\/?post_type=product&#038;p=8626"},"modified":"2025-11-20T19:33:05","modified_gmt":"2025-11-20T16:33:05","slug":"ring-mit-orangenem-mondstein-und-zwei-rubelliten","status":"publish","type":"product","link":"https:\/\/leinfelder-juweler.com\/en\/product\/ring-mit-orangenem-mondstein-und-zwei-rubelliten\/","title":{"rendered":"Ring mit orangenem Mondstein und zwei Rubelliten"},"content":{"rendered":"<p><strong>Ring\u00a0mit orangenem Mondstein und zwei Rubelliten<\/strong><\/p>\n<p><strong>Material:\u00a0<\/strong>750 Yellow Gold<\/p>\n<p><strong>Stones: <\/strong>Oranger Mondstein Cabochon<span> 9,95 <\/span>ct\u00a016 x 12 mm und zwei Rubelliten 0768 ct\u00a0\u00d8 4 mm rund facettiert\u00a0<\/p>\n<p><strong>Die beiden leuchtenden Rubellite im Brillantschliff setzen den orangen Mondstein gekonnt in Szene. <\/strong><\/p>\n<p><strong>Tipp: Dieser Ring passt perfekt zu unseren Ohrringen und Anh\u00e4ngern der Vario Kollektion.<\/strong><\/p>\n<p data-mce-fragment=\"1\"><b data-mce-fragment=\"1\">Hinweis: <\/b>Unsere Ringe sind in der angegebenen Gr\u00f6\u00dfe sofort lieferbar. Sollten sie sich einen Ring in einer anderen Gr\u00f6\u00dfe w\u00fcnschen, kontaktieren sie uns bitte. Wir informieren sie gerne \u00fcber die M\u00f6glichkeit und Dauer von Gr\u00f6\u00dfenanpassungen.<\/p>\n<p><\/p>","protected":false},"excerpt":{"rendered":"<p>Ring\u00a0mit orangenem Mondstein und zwei Rubelliten Material:\u00a0750 Gelbgold Steine: Oranger Mondstein Cabochon 9,95 ct\u00a016 x 12 mm und zwei Rubelliten 0768 ct\u00a0\u00d8 4 mm rund facettiert\u00a0 Die beiden leuchtenden Rubellite im Brillantschliff setzen den orangen Mondstein gekonnt in Szene. Tipp: Dieser Ring passt perfekt zu unseren Ohrringen und Anh\u00e4ngern der Vario Kollektion. Hinweis: Unsere Ringe [&hellip;]<\/p>","protected":false},"featured_media":9795,"comment_status":"open","ping_status":"closed","template":"","meta":{"_acf_changed":false,"_et_pb_use_builder":"","_et_pb_old_content":"","_et_gb_content_width":"","inline_featured_image":false},"product_brand":[332],"product_cat":[295],"product_tag":[],"class_list":{"0":"post-8626","1":"product","2":"type-product","3":"status-publish","4":"has-post-thumbnail","6":"product_brand-leinfelder","7":"product_cat-ringe","9":"first","10":"outofstock","11":"shipping-taxable","12":"purchasable","13":"product-type-simple"},"acf":[],"_links":{"self":[{"href":"https:\/\/leinfelder-juweler.com\/en\/wp-json\/wp\/v2\/product\/8626","targetHints":{"allow":["GET"]}}],"collection":[{"href":"https:\/\/leinfelder-juweler.com\/en\/wp-json\/wp\/v2\/product"}],"about":[{"href":"https:\/\/leinfelder-juweler.com\/en\/wp-json\/wp\/v2\/types\/product"}],"replies":[{"embeddable":true,"href":"https:\/\/leinfelder-juweler.com\/en\/wp-json\/wp\/v2\/comments?post=8626"}],"wp:featuredmedia":[{"embeddable":true,"href":"https:\/\/leinfelder-juweler.com\/en\/wp-json\/wp\/v2\/media\/9795"}],"wp:attachment":[{"href":"https:\/\/leinfelder-juweler.com\/en\/wp-json\/wp\/v2\/media?parent=8626"}],"wp:term":[{"taxonomy":"product_brand","embeddable":true,"href":"https:\/\/leinfelder-juweler.com\/en\/wp-json\/wp\/v2\/product_brand?post=8626"},{"taxonomy":"product_cat","embeddable":true,"href":"https:\/\/leinfelder-juweler.com\/en\/wp-json\/wp\/v2\/product_cat?post=8626"},{"taxonomy":"product_tag","embeddable":true,"href":"https:\/\/leinfelder-juweler.com\/en\/wp-json\/wp\/v2\/product_tag?post=8626"}],"curies":[{"name":"wp","href":"https:\/\/api.w.org\/{rel}","templated":true}]}}