{"id":8631,"date":"2025-11-20T18:04:42","date_gmt":"2025-11-20T15:04:42","guid":{"rendered":"https:\/\/leinfelder-juweler.com\/?post_type=product&#038;p=8631"},"modified":"2025-11-20T19:33:36","modified_gmt":"2025-11-20T16:33:36","slug":"ring-750-gelbgold-mit-73-pink-saphiren","status":"publish","type":"product","link":"https:\/\/leinfelder-juweler.com\/en\/product\/ring-750-gelbgold-mit-73-pink-saphiren\/","title":{"rendered":"Ring 750 Gelbgold mit 73 pink Saphiren"},"content":{"rendered":"<p data-mce-fragment=\"1\"><strong>Ring 750 Gelbgold mit 73 pink Saphiren <\/strong><\/p>\n<p data-mce-fragment=\"1\"><strong>Material: <\/strong>750 Yellow Gold<\/p>\n<p data-mce-fragment=\"1\"><strong>Stones:<\/strong> 73 pink Saphire \u00d8 1,4 \u2013 1,5 mm<\/p>\n<p class=\"MsoNormal\" style=\"margin-bottom: .0001pt;\"><strong>Dieser atemberaubende Ring besticht durch die pav\u00e9-gefassten (aus dem Franz\u00f6sischen: gepflastert) <span style=\"mso-spacerun: yes;\">\u00a0<\/span>Edelsteine.<\/strong><\/p>\n<p class=\"MsoNormal\" style=\"margin-bottom: .0001pt;\"><strong>73 pinkfarbene Saphire in 3 Reihen von Hand gefasst, zieren das obere Drittel der Ringschiene.<\/strong><\/p>\n<p class=\"MsoNormal\" style=\"margin-bottom: .0001pt;\"><strong>Das gew\u00f6lbte Profil des Rings sorgt f\u00fcr einen angenehmen Tragekomfort. Ein Meisterwerk der Juwelierskunst, das Eleganz und Luxus in sich vereint.<\/strong><span lang=\"EN-US\" style=\"mso-bidi-font-family: Arial; mso-ansi-language: EN-US;\"><\/span><\/p>\n<p data-mce-fragment=\"1\"><strong><br \/><\/strong><\/p>\n<p><b>Hinweis: <\/b>Unsere Ringe sind in der angegebenen Gr\u00f6\u00dfe sofort lieferbar. Sollten sie sich einen Ring in einer anderen Gr\u00f6\u00dfe w\u00fcnschen, kontaktieren sie uns bitte. Wir informieren sie gerne \u00fcber die M\u00f6glichkeit und Dauer von Gr\u00f6\u00dfenanpassungen.<\/p>","protected":false},"excerpt":{"rendered":"<p>Ring 750 Gelbgold mit 73 pink Saphiren Material: 750 Gelbgold Steine: 73 pink Saphire \u00d8 1,4 \u2013 1,5 mm Dieser atemberaubende Ring besticht durch die pav\u00e9-gefassten (aus dem Franz\u00f6sischen: gepflastert) \u00a0Edelsteine. 73 pinkfarbene Saphire in 3 Reihen von Hand gefasst, zieren das obere Drittel der Ringschiene. Das gew\u00f6lbte Profil des Rings sorgt f\u00fcr einen angenehmen [&hellip;]<\/p>","protected":false},"featured_media":9800,"comment_status":"open","ping_status":"closed","template":"","meta":{"_acf_changed":false,"_et_pb_use_builder":"","_et_pb_old_content":"","_et_gb_content_width":"","inline_featured_image":false},"product_brand":[332],"product_cat":[295],"product_tag":[246],"class_list":{"0":"post-8631","1":"product","2":"type-product","3":"status-publish","4":"has-post-thumbnail","6":"product_brand-leinfelder","7":"product_cat-ringe","8":"product_tag-pave","10":"first","11":"outofstock","12":"shipping-taxable","13":"purchasable","14":"product-type-simple"},"acf":[],"_links":{"self":[{"href":"https:\/\/leinfelder-juweler.com\/en\/wp-json\/wp\/v2\/product\/8631","targetHints":{"allow":["GET"]}}],"collection":[{"href":"https:\/\/leinfelder-juweler.com\/en\/wp-json\/wp\/v2\/product"}],"about":[{"href":"https:\/\/leinfelder-juweler.com\/en\/wp-json\/wp\/v2\/types\/product"}],"replies":[{"embeddable":true,"href":"https:\/\/leinfelder-juweler.com\/en\/wp-json\/wp\/v2\/comments?post=8631"}],"wp:featuredmedia":[{"embeddable":true,"href":"https:\/\/leinfelder-juweler.com\/en\/wp-json\/wp\/v2\/media\/9800"}],"wp:attachment":[{"href":"https:\/\/leinfelder-juweler.com\/en\/wp-json\/wp\/v2\/media?parent=8631"}],"wp:term":[{"taxonomy":"product_brand","embeddable":true,"href":"https:\/\/leinfelder-juweler.com\/en\/wp-json\/wp\/v2\/product_brand?post=8631"},{"taxonomy":"product_cat","embeddable":true,"href":"https:\/\/leinfelder-juweler.com\/en\/wp-json\/wp\/v2\/product_cat?post=8631"},{"taxonomy":"product_tag","embeddable":true,"href":"https:\/\/leinfelder-juweler.com\/en\/wp-json\/wp\/v2\/product_tag?post=8631"}],"curies":[{"name":"wp","href":"https:\/\/api.w.org\/{rel}","templated":true}]}}