{"id":8643,"date":"2025-11-20T18:04:46","date_gmt":"2025-11-20T15:04:46","guid":{"rendered":"https:\/\/leinfelder-juweler.com\/?post_type=product&#038;p=8643"},"modified":"2025-11-20T19:34:47","modified_gmt":"2025-11-20T16:34:47","slug":"ring-mit-aquamarin-und-brillanten","status":"publish","type":"product","link":"https:\/\/leinfelder-juweler.com\/en\/product\/ring-mit-aquamarin-und-brillanten\/","title":{"rendered":"Ring mit Aquamarin und Brillanten"},"content":{"rendered":"<p><strong>Ring mit Aquamarin und 10 Brillanten<\/strong><\/p>\n<p><strong><\/strong><strong>Material: <\/strong>750 Yellow Gold\u00a0<\/p>\n<p><strong>Stones: <\/strong>Aquamarin 2,57 ct \u00a0l\u00e4ngs 10 x 7,5 mm baguette und 10 Brillanten \u00d8 1,0 \u2013 2,2 mm, gesamt 0,21 ct tw vsi<\/p>\n<p><strong>Zart und filigran.<\/strong><\/p>\n<p><strong>Der Ring aus 750er Gelbgold umfasst einen strahlenden Aquamarin im Baguette Schliff und funkelnde Brillanten. Die klare und leuchtende Farbe des Aquamarins erinnert an das kristallklare Wasser eines tropischen Ozeans.<\/strong><\/p>\n<p>\u00a0<\/p>\n<p><b>Hinweis: <\/b>Unsere Ringe sind in der angegebenen Gr\u00f6\u00dfe sofort lieferbar. Sollten sie sich einen Ring in einer anderen Gr\u00f6\u00dfe w\u00fcnschen, kontaktieren sie uns bitte. Wir informieren sie gerne \u00fcber die M\u00f6glichkeit und Dauer von Gr\u00f6\u00dfenanpassungen.<\/p>\n<p><\/p>\n<p><strong><br \/><\/strong><\/p>","protected":false},"excerpt":{"rendered":"<p>Ring mit Aquamarin und 10 Brillanten Material: 750 Gelbgold\u00a0 Steine: Aquamarin 2,57 ct \u00a0l\u00e4ngs 10 x 7,5 mm baguette und 10 Brillanten \u00d8 1,0 \u2013 2,2 mm, gesamt 0,21 ct tw vsi Zart und filigran. Der Ring aus 750er Gelbgold umfasst einen strahlenden Aquamarin im Baguette Schliff und funkelnde Brillanten. Die klare und leuchtende Farbe [&hellip;]<\/p>","protected":false},"featured_media":9812,"comment_status":"open","ping_status":"closed","template":"","meta":{"_acf_changed":false,"_et_pb_use_builder":"","_et_pb_old_content":"","_et_gb_content_width":"","inline_featured_image":false},"product_brand":[332],"product_cat":[295],"product_tag":[],"class_list":{"0":"post-8643","1":"product","2":"type-product","3":"status-publish","4":"has-post-thumbnail","6":"product_brand-leinfelder","7":"product_cat-ringe","9":"first","10":"outofstock","11":"shipping-taxable","12":"purchasable","13":"product-type-simple"},"acf":[],"_links":{"self":[{"href":"https:\/\/leinfelder-juweler.com\/en\/wp-json\/wp\/v2\/product\/8643","targetHints":{"allow":["GET"]}}],"collection":[{"href":"https:\/\/leinfelder-juweler.com\/en\/wp-json\/wp\/v2\/product"}],"about":[{"href":"https:\/\/leinfelder-juweler.com\/en\/wp-json\/wp\/v2\/types\/product"}],"replies":[{"embeddable":true,"href":"https:\/\/leinfelder-juweler.com\/en\/wp-json\/wp\/v2\/comments?post=8643"}],"wp:featuredmedia":[{"embeddable":true,"href":"https:\/\/leinfelder-juweler.com\/en\/wp-json\/wp\/v2\/media\/9812"}],"wp:attachment":[{"href":"https:\/\/leinfelder-juweler.com\/en\/wp-json\/wp\/v2\/media?parent=8643"}],"wp:term":[{"taxonomy":"product_brand","embeddable":true,"href":"https:\/\/leinfelder-juweler.com\/en\/wp-json\/wp\/v2\/product_brand?post=8643"},{"taxonomy":"product_cat","embeddable":true,"href":"https:\/\/leinfelder-juweler.com\/en\/wp-json\/wp\/v2\/product_cat?post=8643"},{"taxonomy":"product_tag","embeddable":true,"href":"https:\/\/leinfelder-juweler.com\/en\/wp-json\/wp\/v2\/product_tag?post=8643"}],"curies":[{"name":"wp","href":"https:\/\/api.w.org\/{rel}","templated":true}]}}