{"id":8644,"date":"2025-11-20T18:04:47","date_gmt":"2025-11-20T15:04:47","guid":{"rendered":"https:\/\/leinfelder-juweler.com\/?post_type=product&#038;p=8644"},"modified":"2025-11-20T19:34:54","modified_gmt":"2025-11-20T16:34:54","slug":"anhaenger-750-gelbgold-mit-brillant","status":"publish","type":"product","link":"https:\/\/leinfelder-juweler.com\/en\/product\/anhaenger-750-gelbgold-mit-brillant\/","title":{"rendered":"Anh\u00e4nger 750 Gelbgold mit Brillant"},"content":{"rendered":"<p data-mce-fragment=\"1\"><strong>Anh\u00e4nger 750 Gelbgold mit\u00a0Brillant in doppelt gestufter Fassung<\/strong><\/p>\n<p data-mce-fragment=\"1\"><strong>Material: <\/strong>750 Gelbgold, Innenfassung 750 Wei\u00dfgold<\/p>\n<p><strong>Stein: <\/strong>Ein Brillant \u00d8 5,54mm = 0,70 ct H si2\u00a0<\/p>\n<p style=\"margin-bottom: .0001pt;\" class=\"MsoNormal\"><b style=\"mso-bidi-font-weight: normal;\"><span style=\"mso-bidi-font-family: Calibri; mso-bidi-theme-font: minor-latin;\">Ein Solit\u00e4ranh\u00e4nger verk\u00f6rpert pure Eleganz und zeitlose Raffinesse. Im Mittelpunkt steht ein einziger, pr\u00e4chtig funkelnder Edelstein, der sanft an einer filigranen Kette h\u00e4ngt und durch seine Schlichtheit besonders edel wirkt. Der Stein \u2013 oft ein funkelnder Diamant \u2013 ist meisterhaft gefasst, sodass er das Licht in einem atemberaubenden Spiel einf\u00e4ngt und reflektiert. Dieser Anh\u00e4nger symbolisiert die Klarheit und Reinheit der Liebe, weshalb er gerne als Geschenk f\u00fcr unvergessliche Momente gew\u00e4hlt wird.<\/span><\/b><\/p>\n<p data-mce-fragment=\"1\">\u00a0<\/p>\n<p data-mce-fragment=\"1\"><strong>Passend zu diesem Anh\u00e4nger empfehlen wir eine der folgenden Ketten:\u00a0<\/strong><\/p>\n<p><strong>Kugelkette 1,5 mm \/ 45 cm:<\/strong><\/p>\n<p><a href=\"https:\/\/shop.leinfelder-goldschmiede.de\/products\/kugelkette-1-5-mm-45-cm\"><img decoding=\"async\" src=\"https:\/\/cdn.shopify.com\/s\/files\/1\/0537\/7205\/8797\/files\/45_55_017_Kugelkette_1_5_mm_zugeschnitten.jpg?v=1616748616\" alt=\"Kugelkette 1,5 mm \/ 45 cm\"><\/a><\/p>","protected":false},"excerpt":{"rendered":"<p>Anh\u00e4nger 750 Gelbgold mit\u00a0Brillant in doppelt gestufter Fassung Material: 750 Gelbgold, Innenfassung 750 Wei\u00dfgold Stein: Ein Brillant \u00d8 5,54mm = 0,70 ct H si2\u00a0 Ein Solit\u00e4ranh\u00e4nger verk\u00f6rpert pure Eleganz und zeitlose Raffinesse. Im Mittelpunkt steht ein einziger, pr\u00e4chtig funkelnder Edelstein, der sanft an einer filigranen Kette h\u00e4ngt und durch seine Schlichtheit besonders edel wirkt. Der [&hellip;]<\/p>","protected":false},"featured_media":9813,"comment_status":"open","ping_status":"closed","template":"","meta":{"_acf_changed":false,"_et_pb_use_builder":"","_et_pb_old_content":"","_et_gb_content_width":"","inline_featured_image":false},"product_brand":[332],"product_cat":[333],"product_tag":[],"class_list":{"0":"post-8644","1":"product","2":"type-product","3":"status-publish","4":"has-post-thumbnail","6":"product_brand-leinfelder","7":"product_cat-halsschmuck","9":"first","10":"instock","11":"shipping-taxable","12":"purchasable","13":"product-type-simple"},"acf":[],"_links":{"self":[{"href":"https:\/\/leinfelder-juweler.com\/en\/wp-json\/wp\/v2\/product\/8644","targetHints":{"allow":["GET"]}}],"collection":[{"href":"https:\/\/leinfelder-juweler.com\/en\/wp-json\/wp\/v2\/product"}],"about":[{"href":"https:\/\/leinfelder-juweler.com\/en\/wp-json\/wp\/v2\/types\/product"}],"replies":[{"embeddable":true,"href":"https:\/\/leinfelder-juweler.com\/en\/wp-json\/wp\/v2\/comments?post=8644"}],"wp:featuredmedia":[{"embeddable":true,"href":"https:\/\/leinfelder-juweler.com\/en\/wp-json\/wp\/v2\/media\/9813"}],"wp:attachment":[{"href":"https:\/\/leinfelder-juweler.com\/en\/wp-json\/wp\/v2\/media?parent=8644"}],"wp:term":[{"taxonomy":"product_brand","embeddable":true,"href":"https:\/\/leinfelder-juweler.com\/en\/wp-json\/wp\/v2\/product_brand?post=8644"},{"taxonomy":"product_cat","embeddable":true,"href":"https:\/\/leinfelder-juweler.com\/en\/wp-json\/wp\/v2\/product_cat?post=8644"},{"taxonomy":"product_tag","embeddable":true,"href":"https:\/\/leinfelder-juweler.com\/en\/wp-json\/wp\/v2\/product_tag?post=8644"}],"curies":[{"name":"wp","href":"https:\/\/api.w.org\/{rel}","templated":true}]}}