{"id":8651,"date":"2025-11-20T18:05:06","date_gmt":"2025-11-20T15:05:06","guid":{"rendered":"https:\/\/leinfelder-juweler.com\/?post_type=product&#038;p=8651"},"modified":"2025-11-20T19:35:36","modified_gmt":"2025-11-20T16:35:36","slug":"vario-ohrschmuck-einhaenger-33","status":"publish","type":"product","link":"https:\/\/leinfelder-juweler.com\/en\/product\/vario-ohrschmuck-einhaenger-33\/","title":{"rendered":"Vario Ohrschmuck Einh\u00e4nger"},"content":{"rendered":"<p><strong>Vario Ohrschmuck Einh\u00e4nger klein: <br \/><\/strong><\/p>\n<p><strong>Material:\u00a0<\/strong>750 Yellow Gold<\/p>\n<p><strong>Stones: <\/strong>2 Brillanten 0,20 ct tw vsi \u00d8 3 mm und 84 Brillanten 0,252 ct tw vsi \u00d8 0,9 mm<\/p>\n<p><strong>Elemente:<\/strong> Ebenholz 19 x 9,5 mm<\/p>\n<p><strong>Diese Einh\u00e4nger unserer Vario- Kollektion \u00fcberzeugen durch den Kontrast von funkelnden Brillanten mit schwarzen Ebenholztropfen.<\/strong><\/p>","protected":false},"excerpt":{"rendered":"<p>Vario Ohrschmuck Einh\u00e4nger klein: Material:\u00a0750 Gelbgold Steine: 2 Brillanten 0,20 ct tw vsi \u00d8 3 mm und 84 Brillanten 0,252 ct tw vsi \u00d8 0,9 mm Elemente: Ebenholz 19 x 9,5 mm Diese Einh\u00e4nger unserer Vario- Kollektion \u00fcberzeugen durch den Kontrast von funkelnden Brillanten mit schwarzen Ebenholztropfen.<\/p>","protected":false},"featured_media":9820,"comment_status":"open","ping_status":"closed","template":"","meta":{"_acf_changed":false,"_et_pb_use_builder":"","_et_pb_old_content":"","_et_gb_content_width":"","inline_featured_image":false},"product_brand":[332],"product_cat":[331],"product_tag":[302],"class_list":{"0":"post-8651","1":"product","2":"type-product","3":"status-publish","4":"has-post-thumbnail","6":"product_brand-leinfelder","7":"product_cat-ohrschmuck","8":"product_tag-ebenholz","10":"first","11":"outofstock","12":"shipping-taxable","13":"purchasable","14":"product-type-simple"},"acf":[],"_links":{"self":[{"href":"https:\/\/leinfelder-juweler.com\/en\/wp-json\/wp\/v2\/product\/8651","targetHints":{"allow":["GET"]}}],"collection":[{"href":"https:\/\/leinfelder-juweler.com\/en\/wp-json\/wp\/v2\/product"}],"about":[{"href":"https:\/\/leinfelder-juweler.com\/en\/wp-json\/wp\/v2\/types\/product"}],"replies":[{"embeddable":true,"href":"https:\/\/leinfelder-juweler.com\/en\/wp-json\/wp\/v2\/comments?post=8651"}],"wp:featuredmedia":[{"embeddable":true,"href":"https:\/\/leinfelder-juweler.com\/en\/wp-json\/wp\/v2\/media\/9820"}],"wp:attachment":[{"href":"https:\/\/leinfelder-juweler.com\/en\/wp-json\/wp\/v2\/media?parent=8651"}],"wp:term":[{"taxonomy":"product_brand","embeddable":true,"href":"https:\/\/leinfelder-juweler.com\/en\/wp-json\/wp\/v2\/product_brand?post=8651"},{"taxonomy":"product_cat","embeddable":true,"href":"https:\/\/leinfelder-juweler.com\/en\/wp-json\/wp\/v2\/product_cat?post=8651"},{"taxonomy":"product_tag","embeddable":true,"href":"https:\/\/leinfelder-juweler.com\/en\/wp-json\/wp\/v2\/product_tag?post=8651"}],"curies":[{"name":"wp","href":"https:\/\/api.w.org\/{rel}","templated":true}]}}