{"id":8652,"date":"2025-11-20T18:05:06","date_gmt":"2025-11-20T15:05:06","guid":{"rendered":"https:\/\/leinfelder-juweler.com\/?post_type=product&#038;p=8652"},"modified":"2025-11-20T19:35:43","modified_gmt":"2025-11-20T16:35:43","slug":"einhaenger-fuer-klappcreolen-mit-rubelliten-2","status":"publish","type":"product","link":"https:\/\/leinfelder-juweler.com\/en\/product\/einhaenger-fuer-klappcreolen-mit-rubelliten-2\/","title":{"rendered":"Einh\u00e4nger f\u00fcr Klappcreolen mit Rubelliten"},"content":{"rendered":"<p><strong>Einh\u00e4nger f\u00fcr\u00a0Klappcreolen mit Rubelliten<\/strong><\/p>\n<p><strong>Material: <\/strong>750 Yellow Gold<\/p>\n<p><strong>Stones: <\/strong>0,89 ct Rubellite \u00d8 5 mm rund facettiert<\/p>\n<p><strong>Tipp:\u00a0Die Einh\u00e4nger sind ma\u00dfgefertigt f\u00fcr unsere Klappcreolen, 5 mm breit, Au\u00dfendurchmesser 15 mm<\/strong><\/p>\n<p class=\"MsoNormal\"><strong>Die Kombination aus warmem Gelbgold mit funkelnden Rubelliten verleihen Ihren Creolen den besonderen Reiz.<\/strong><\/p>\n<p>\u00a0<\/p>","protected":false},"excerpt":{"rendered":"<p>Einh\u00e4nger f\u00fcr\u00a0Klappcreolen mit Rubelliten Material: 750 Gelbgold Steine: 0,89 ct Rubellite \u00d8 5 mm rund facettiert Tipp:\u00a0Die Einh\u00e4nger sind ma\u00dfgefertigt f\u00fcr unsere Klappcreolen, 5 mm breit, Au\u00dfendurchmesser 15 mm Die Kombination aus warmem Gelbgold mit funkelnden Rubelliten verleihen Ihren Creolen den besonderen Reiz. \u00a0<\/p>","protected":false},"featured_media":9821,"comment_status":"open","ping_status":"closed","template":"","meta":{"_acf_changed":false,"_et_pb_use_builder":"","_et_pb_old_content":"","_et_gb_content_width":"","inline_featured_image":false},"product_brand":[332],"product_cat":[331],"product_tag":[],"class_list":{"0":"post-8652","1":"product","2":"type-product","3":"status-publish","4":"has-post-thumbnail","6":"product_brand-leinfelder","7":"product_cat-ohrschmuck","9":"first","10":"outofstock","11":"shipping-taxable","12":"purchasable","13":"product-type-simple"},"acf":[],"_links":{"self":[{"href":"https:\/\/leinfelder-juweler.com\/en\/wp-json\/wp\/v2\/product\/8652","targetHints":{"allow":["GET"]}}],"collection":[{"href":"https:\/\/leinfelder-juweler.com\/en\/wp-json\/wp\/v2\/product"}],"about":[{"href":"https:\/\/leinfelder-juweler.com\/en\/wp-json\/wp\/v2\/types\/product"}],"replies":[{"embeddable":true,"href":"https:\/\/leinfelder-juweler.com\/en\/wp-json\/wp\/v2\/comments?post=8652"}],"wp:featuredmedia":[{"embeddable":true,"href":"https:\/\/leinfelder-juweler.com\/en\/wp-json\/wp\/v2\/media\/9821"}],"wp:attachment":[{"href":"https:\/\/leinfelder-juweler.com\/en\/wp-json\/wp\/v2\/media?parent=8652"}],"wp:term":[{"taxonomy":"product_brand","embeddable":true,"href":"https:\/\/leinfelder-juweler.com\/en\/wp-json\/wp\/v2\/product_brand?post=8652"},{"taxonomy":"product_cat","embeddable":true,"href":"https:\/\/leinfelder-juweler.com\/en\/wp-json\/wp\/v2\/product_cat?post=8652"},{"taxonomy":"product_tag","embeddable":true,"href":"https:\/\/leinfelder-juweler.com\/en\/wp-json\/wp\/v2\/product_tag?post=8652"}],"curies":[{"name":"wp","href":"https:\/\/api.w.org\/{rel}","templated":true}]}}