{"id":8653,"date":"2025-11-20T18:05:06","date_gmt":"2025-11-20T15:05:06","guid":{"rendered":"https:\/\/leinfelder-juweler.com\/?post_type=product&#038;p=8653"},"modified":"2025-11-20T19:35:49","modified_gmt":"2025-11-20T16:35:49","slug":"einhaenger-fuer-klappcreolen-mit-perlen-2","status":"publish","type":"product","link":"https:\/\/leinfelder-juweler.com\/en\/product\/einhaenger-fuer-klappcreolen-mit-perlen-2\/","title":{"rendered":"Einh\u00e4nger f\u00fcr Klappcreolen mit Perlen"},"content":{"rendered":"<p><strong>Einh\u00e4nger f\u00fcr\u00a0Klappcreolen<\/strong><\/p>\n<p><strong>Material: <\/strong>750 Yellow Gold<\/p>\n<p><strong>Stones: <\/strong>S\u00fc\u00dfwasser-Perltropfen 9 -9,5 mm<\/p>\n<div><strong>Diese Einh\u00e4nger aus Gelbgold mit den schimmernden <\/strong><\/div>\n<div><strong>S\u00fc\u00dfwasserperlen sind eine stilsichere Erg\u00e4nzung zu unseren Klappcreolen.<\/strong><\/div>","protected":false},"excerpt":{"rendered":"<p>Einh\u00e4nger f\u00fcr\u00a0Klappcreolen Material: 750 Gelbgold Steine: S\u00fc\u00dfwasser-Perltropfen 9 -9,5 mm Diese Einh\u00e4nger aus Gelbgold mit den schimmernden S\u00fc\u00dfwasserperlen sind eine stilsichere Erg\u00e4nzung zu unseren Klappcreolen.<\/p>","protected":false},"featured_media":9822,"comment_status":"open","ping_status":"closed","template":"","meta":{"_acf_changed":false,"_et_pb_use_builder":"","_et_pb_old_content":"","_et_gb_content_width":"","inline_featured_image":false},"product_brand":[332],"product_cat":[331],"product_tag":[],"class_list":{"0":"post-8653","1":"product","2":"type-product","3":"status-publish","4":"has-post-thumbnail","6":"product_brand-leinfelder","7":"product_cat-ohrschmuck","9":"first","10":"instock","11":"shipping-taxable","12":"purchasable","13":"product-type-simple"},"acf":[],"_links":{"self":[{"href":"https:\/\/leinfelder-juweler.com\/en\/wp-json\/wp\/v2\/product\/8653","targetHints":{"allow":["GET"]}}],"collection":[{"href":"https:\/\/leinfelder-juweler.com\/en\/wp-json\/wp\/v2\/product"}],"about":[{"href":"https:\/\/leinfelder-juweler.com\/en\/wp-json\/wp\/v2\/types\/product"}],"replies":[{"embeddable":true,"href":"https:\/\/leinfelder-juweler.com\/en\/wp-json\/wp\/v2\/comments?post=8653"}],"wp:featuredmedia":[{"embeddable":true,"href":"https:\/\/leinfelder-juweler.com\/en\/wp-json\/wp\/v2\/media\/9822"}],"wp:attachment":[{"href":"https:\/\/leinfelder-juweler.com\/en\/wp-json\/wp\/v2\/media?parent=8653"}],"wp:term":[{"taxonomy":"product_brand","embeddable":true,"href":"https:\/\/leinfelder-juweler.com\/en\/wp-json\/wp\/v2\/product_brand?post=8653"},{"taxonomy":"product_cat","embeddable":true,"href":"https:\/\/leinfelder-juweler.com\/en\/wp-json\/wp\/v2\/product_cat?post=8653"},{"taxonomy":"product_tag","embeddable":true,"href":"https:\/\/leinfelder-juweler.com\/en\/wp-json\/wp\/v2\/product_tag?post=8653"}],"curies":[{"name":"wp","href":"https:\/\/api.w.org\/{rel}","templated":true}]}}