{"id":8665,"date":"2025-11-20T18:05:10","date_gmt":"2025-11-20T15:05:10","guid":{"rendered":"https:\/\/leinfelder-juweler.com\/?post_type=product&#038;p=8665"},"modified":"2025-11-20T19:36:56","modified_gmt":"2025-11-20T16:36:56","slug":"ring-mit-starlit-und-turmalin","status":"publish","type":"product","link":"https:\/\/leinfelder-juweler.com\/en\/product\/ring-mit-starlit-und-turmalin\/","title":{"rendered":"Ring mit Starlit und Turmalin"},"content":{"rendered":"<p><strong><span data-mce-fragment=\"1\">Ring 750 Gelbgold mit Starlit und Turmalin <br \/><\/span><\/strong><\/p>\n<p><strong>Material:\u00a0<\/strong>750 Yellow Gold<\/p>\n<p><strong>Stones: <\/strong>Ein<strong> <\/strong>Starlit 6,51 ct 10,6 x12 mm facettiert antikoval und ein Turmalin \u00d8 6 mm =<\/p>\n<p>0,78 ct rund facettiert<\/p>\n<p><strong data-mce-fragment=\"1\">Das organisch anmutende Design dieses Ringes wird durch das Zusammenspiel von Farbe und unterschiedlicher Gr\u00f6\u00dfe der zauberhaften Edelsteine erzeugt.<\/strong><\/p>\n<p data-mce-fragment=\"1\">\u00a0<\/p>\n<p><\/p>\n<div><strong><\/strong><\/div>\n<div><strong><\/strong><\/div>\n<div><strong><\/strong><\/div>\n<p><b>Hinweis: <\/b>Unsere Ringe sind in der angegebenen Gr\u00f6\u00dfe sofort lieferbar. Sollten sie sich einen Ring in einer anderen Gr\u00f6\u00dfe w\u00fcnschen, kontaktieren sie uns bitte. Wir informieren sie gerne \u00fcber die M\u00f6glichkeit und Dauer von Gr\u00f6\u00dfenanpassungen.<\/p>\n<p><\/p>","protected":false},"excerpt":{"rendered":"<p>Ring 750 Gelbgold mit Starlit und Turmalin Material:\u00a0750 Gelbgold Steine: Ein Starlit 6,51 ct 10,6 x12 mm facettiert antikoval und ein Turmalin \u00d8 6 mm = 0,78 ct rund facettiert Das organisch anmutende Design dieses Ringes wird durch das Zusammenspiel von Farbe und unterschiedlicher Gr\u00f6\u00dfe der zauberhaften Edelsteine erzeugt. \u00a0 Hinweis: Unsere Ringe sind in [&hellip;]<\/p>","protected":false},"featured_media":9834,"comment_status":"open","ping_status":"closed","template":"","meta":{"_acf_changed":false,"_et_pb_use_builder":"","_et_pb_old_content":"","_et_gb_content_width":"","inline_featured_image":false},"product_brand":[332],"product_cat":[295],"product_tag":[],"class_list":{"0":"post-8665","1":"product","2":"type-product","3":"status-publish","4":"has-post-thumbnail","6":"product_brand-leinfelder","7":"product_cat-ringe","9":"first","10":"outofstock","11":"shipping-taxable","12":"purchasable","13":"product-type-simple"},"acf":[],"_links":{"self":[{"href":"https:\/\/leinfelder-juweler.com\/en\/wp-json\/wp\/v2\/product\/8665","targetHints":{"allow":["GET"]}}],"collection":[{"href":"https:\/\/leinfelder-juweler.com\/en\/wp-json\/wp\/v2\/product"}],"about":[{"href":"https:\/\/leinfelder-juweler.com\/en\/wp-json\/wp\/v2\/types\/product"}],"replies":[{"embeddable":true,"href":"https:\/\/leinfelder-juweler.com\/en\/wp-json\/wp\/v2\/comments?post=8665"}],"wp:featuredmedia":[{"embeddable":true,"href":"https:\/\/leinfelder-juweler.com\/en\/wp-json\/wp\/v2\/media\/9834"}],"wp:attachment":[{"href":"https:\/\/leinfelder-juweler.com\/en\/wp-json\/wp\/v2\/media?parent=8665"}],"wp:term":[{"taxonomy":"product_brand","embeddable":true,"href":"https:\/\/leinfelder-juweler.com\/en\/wp-json\/wp\/v2\/product_brand?post=8665"},{"taxonomy":"product_cat","embeddable":true,"href":"https:\/\/leinfelder-juweler.com\/en\/wp-json\/wp\/v2\/product_cat?post=8665"},{"taxonomy":"product_tag","embeddable":true,"href":"https:\/\/leinfelder-juweler.com\/en\/wp-json\/wp\/v2\/product_tag?post=8665"}],"curies":[{"name":"wp","href":"https:\/\/api.w.org\/{rel}","templated":true}]}}