{"id":8668,"date":"2025-11-20T18:05:11","date_gmt":"2025-11-20T15:05:11","guid":{"rendered":"https:\/\/leinfelder-juweler.com\/?post_type=product&#038;p=8668"},"modified":"2025-11-20T19:37:16","modified_gmt":"2025-11-20T16:37:16","slug":"klappcreolen-750-gelbgold-mit-rubellit-einhaengern-3","status":"publish","type":"product","link":"https:\/\/leinfelder-juweler.com\/en\/product\/klappcreolen-750-gelbgold-mit-rubellit-einhaengern-3\/","title":{"rendered":"Klappcreolen 750 Gelbgold mit Rubellit Einh\u00e4ngern"},"content":{"rendered":"<p><strong>Ohrschmuck\u00a0Klappcreolen<\/strong><\/p>\n<p><strong>Material: <\/strong>750 Yellow Gold<\/p>\n<p><strong>Ma\u00dfe: <\/strong>5,0\u00a0 mm breit au\u00dfen \u00d8 15 mm<\/p>\n<p><strong>Einh\u00e4nger:\u00a0<\/strong>750 Gelbgold mit 5,60 ct Rubellit Cabochons 10 x 8 mm<\/p>\n<div><strong>Diese zauberhaften Creolen sind sehr angenehm zu tragen. <\/strong><\/div>\n<div><strong>Sie sind wie winzige Armreife gearbeitet und umschmiegen sanft das Ohr.<\/strong><\/div>\n<p class=\"MsoNormal\"><strong>Die Kombination aus warmem Gelbgold und den himbeerfarbenen Rubelliten verleiht den Creolen ihren besonderen Reiz.<\/strong><\/p>\n<p>\u00a0<\/p>","protected":false},"excerpt":{"rendered":"<p>Ohrschmuck\u00a0Klappcreolen Material: 750 Gelbgold Ma\u00dfe: 5,0\u00a0 mm breit au\u00dfen \u00d8 15 mm Einh\u00e4nger:\u00a0750 Gelbgold mit 5,60 ct Rubellit Cabochons 10 x 8 mm Diese zauberhaften Creolen sind sehr angenehm zu tragen. Sie sind wie winzige Armreife gearbeitet und umschmiegen sanft das Ohr. Die Kombination aus warmem Gelbgold und den himbeerfarbenen Rubelliten verleiht den Creolen ihren [&hellip;]<\/p>","protected":false},"featured_media":9837,"comment_status":"open","ping_status":"closed","template":"","meta":{"_acf_changed":false,"_et_pb_use_builder":"","_et_pb_old_content":"","_et_gb_content_width":"","inline_featured_image":false},"product_brand":[332],"product_cat":[331],"product_tag":[],"class_list":{"0":"post-8668","1":"product","2":"type-product","3":"status-publish","4":"has-post-thumbnail","6":"product_brand-leinfelder","7":"product_cat-ohrschmuck","9":"first","10":"outofstock","11":"shipping-taxable","12":"purchasable","13":"product-type-simple"},"acf":[],"_links":{"self":[{"href":"https:\/\/leinfelder-juweler.com\/en\/wp-json\/wp\/v2\/product\/8668","targetHints":{"allow":["GET"]}}],"collection":[{"href":"https:\/\/leinfelder-juweler.com\/en\/wp-json\/wp\/v2\/product"}],"about":[{"href":"https:\/\/leinfelder-juweler.com\/en\/wp-json\/wp\/v2\/types\/product"}],"replies":[{"embeddable":true,"href":"https:\/\/leinfelder-juweler.com\/en\/wp-json\/wp\/v2\/comments?post=8668"}],"wp:featuredmedia":[{"embeddable":true,"href":"https:\/\/leinfelder-juweler.com\/en\/wp-json\/wp\/v2\/media\/9837"}],"wp:attachment":[{"href":"https:\/\/leinfelder-juweler.com\/en\/wp-json\/wp\/v2\/media?parent=8668"}],"wp:term":[{"taxonomy":"product_brand","embeddable":true,"href":"https:\/\/leinfelder-juweler.com\/en\/wp-json\/wp\/v2\/product_brand?post=8668"},{"taxonomy":"product_cat","embeddable":true,"href":"https:\/\/leinfelder-juweler.com\/en\/wp-json\/wp\/v2\/product_cat?post=8668"},{"taxonomy":"product_tag","embeddable":true,"href":"https:\/\/leinfelder-juweler.com\/en\/wp-json\/wp\/v2\/product_tag?post=8668"}],"curies":[{"name":"wp","href":"https:\/\/api.w.org\/{rel}","templated":true}]}}