{"id":8670,"date":"2025-11-20T18:05:12","date_gmt":"2025-11-20T15:05:12","guid":{"rendered":"https:\/\/leinfelder-juweler.com\/?post_type=product&#038;p=8670"},"modified":"2025-11-20T19:37:28","modified_gmt":"2025-11-20T16:37:28","slug":"medaillon-750-gelbgold-mit-tuerkis-cabochon","status":"publish","type":"product","link":"https:\/\/leinfelder-juweler.com\/en\/product\/medaillon-750-gelbgold-mit-tuerkis-cabochon\/","title":{"rendered":"Medaillon 750 Gelbgold mit T\u00fcrkis Cabochon"},"content":{"rendered":"<p data-mce-fragment=\"1\"><strong>Medaillon 750 Gelbgold mit T\u00fcrkis Cabochon<br \/><\/strong><\/p>\n<p data-mce-fragment=\"1\"><strong>Material: <\/strong>750 Yellow Gold<\/p>\n<p><strong>Stein: <\/strong>T\u00fcrkis Cabochon 20 x 14 mm<\/p>\n<p data-mce-fragment=\"1\"><strong>Ein Medaillon ist das Sinnbild f\u00fcr Liebe und Treue. Im Inneren kann man ein Foto vor neugierigen Blicken verbergen und die Liebsten doch am Herzen tragen.<\/strong><\/p>","protected":false},"excerpt":{"rendered":"<p>Medaillon 750 Gelbgold mit T\u00fcrkis Cabochon Material: 750 Gelbgold Stein: T\u00fcrkis Cabochon 20 x 14 mm Ein Medaillon ist das Sinnbild f\u00fcr Liebe und Treue. Im Inneren kann man ein Foto vor neugierigen Blicken verbergen und die Liebsten doch am Herzen tragen.<\/p>","protected":false},"featured_media":9839,"comment_status":"open","ping_status":"closed","template":"","meta":{"_acf_changed":false,"_et_pb_use_builder":"","_et_pb_old_content":"","_et_gb_content_width":"","inline_featured_image":false},"product_brand":[332],"product_cat":[333],"product_tag":[],"class_list":{"0":"post-8670","1":"product","2":"type-product","3":"status-publish","4":"has-post-thumbnail","6":"product_brand-leinfelder","7":"product_cat-halsschmuck","9":"first","10":"instock","11":"shipping-taxable","12":"purchasable","13":"product-type-simple"},"acf":[],"_links":{"self":[{"href":"https:\/\/leinfelder-juweler.com\/en\/wp-json\/wp\/v2\/product\/8670","targetHints":{"allow":["GET"]}}],"collection":[{"href":"https:\/\/leinfelder-juweler.com\/en\/wp-json\/wp\/v2\/product"}],"about":[{"href":"https:\/\/leinfelder-juweler.com\/en\/wp-json\/wp\/v2\/types\/product"}],"replies":[{"embeddable":true,"href":"https:\/\/leinfelder-juweler.com\/en\/wp-json\/wp\/v2\/comments?post=8670"}],"wp:featuredmedia":[{"embeddable":true,"href":"https:\/\/leinfelder-juweler.com\/en\/wp-json\/wp\/v2\/media\/9839"}],"wp:attachment":[{"href":"https:\/\/leinfelder-juweler.com\/en\/wp-json\/wp\/v2\/media?parent=8670"}],"wp:term":[{"taxonomy":"product_brand","embeddable":true,"href":"https:\/\/leinfelder-juweler.com\/en\/wp-json\/wp\/v2\/product_brand?post=8670"},{"taxonomy":"product_cat","embeddable":true,"href":"https:\/\/leinfelder-juweler.com\/en\/wp-json\/wp\/v2\/product_cat?post=8670"},{"taxonomy":"product_tag","embeddable":true,"href":"https:\/\/leinfelder-juweler.com\/en\/wp-json\/wp\/v2\/product_tag?post=8670"}],"curies":[{"name":"wp","href":"https:\/\/api.w.org\/{rel}","templated":true}]}}