{"id":8671,"date":"2025-11-20T18:05:12","date_gmt":"2025-11-20T15:05:12","guid":{"rendered":"https:\/\/leinfelder-juweler.com\/?post_type=product&#038;p=8671"},"modified":"2025-11-20T19:37:34","modified_gmt":"2025-11-20T16:37:34","slug":"vario-halsschmuck-set","status":"publish","type":"product","link":"https:\/\/leinfelder-juweler.com\/en\/product\/vario-halsschmuck-set\/","title":{"rendered":"Vario Halsschmuck Set"},"content":{"rendered":"<p><strong>Vario Halsschmuck Set aus Anh\u00e4nger und Einh\u00e4nger: <\/strong><\/p>\n<p><strong>Anh\u00e4nger Kissendreieck:<\/strong><\/p>\n<p><strong>Material: <\/strong>750 <span style=\"font-size: 8.0pt; font-family: 'Arial',sans-serif;\" data-mce-style=\"font-size: 8.0pt; font-family: 'Arial',sans-serif;\" data-mce-fragment=\"1\"><\/span>Wei\u00dfgold<\/p>\n<p><strong>Ma\u00dfe:<\/strong> 16mm<\/p>\n<p><strong>Einh\u00e4nger:\u00a0<\/strong><\/p>\n<p><strong data-mce-fragment=\"1\">Material: <\/strong>750 Wei\u00dfgold<\/p>\n<p><strong data-mce-fragment=\"1\">Stones: <\/strong>Ein Brillant 0,24 ct tw vsi \u00d8 4,0 mm und eine graue Mondsteinpampel 20 x 12,4 mm<\/p>","protected":false},"excerpt":{"rendered":"<p>Vario Halsschmuck Set aus Anh\u00e4nger und Einh\u00e4nger: Anh\u00e4nger Kissendreieck: Material: 750 Wei\u00dfgold Ma\u00dfe: 16mm Einh\u00e4nger:\u00a0 Material: 750 Wei\u00dfgold Steine: Ein Brillant 0,24 ct tw vsi \u00d8 4,0 mm und eine graue Mondsteinpampel 20 x 12,4 mm<\/p>","protected":false},"featured_media":9840,"comment_status":"open","ping_status":"closed","template":"","meta":{"_acf_changed":false,"_et_pb_use_builder":"","_et_pb_old_content":"","_et_gb_content_width":"","inline_featured_image":false},"product_brand":[332],"product_cat":[333],"product_tag":[],"class_list":{"0":"post-8671","1":"product","2":"type-product","3":"status-publish","4":"has-post-thumbnail","6":"product_brand-leinfelder","7":"product_cat-halsschmuck","9":"first","10":"instock","11":"shipping-taxable","12":"purchasable","13":"product-type-simple"},"acf":[],"_links":{"self":[{"href":"https:\/\/leinfelder-juweler.com\/en\/wp-json\/wp\/v2\/product\/8671","targetHints":{"allow":["GET"]}}],"collection":[{"href":"https:\/\/leinfelder-juweler.com\/en\/wp-json\/wp\/v2\/product"}],"about":[{"href":"https:\/\/leinfelder-juweler.com\/en\/wp-json\/wp\/v2\/types\/product"}],"replies":[{"embeddable":true,"href":"https:\/\/leinfelder-juweler.com\/en\/wp-json\/wp\/v2\/comments?post=8671"}],"wp:featuredmedia":[{"embeddable":true,"href":"https:\/\/leinfelder-juweler.com\/en\/wp-json\/wp\/v2\/media\/9840"}],"wp:attachment":[{"href":"https:\/\/leinfelder-juweler.com\/en\/wp-json\/wp\/v2\/media?parent=8671"}],"wp:term":[{"taxonomy":"product_brand","embeddable":true,"href":"https:\/\/leinfelder-juweler.com\/en\/wp-json\/wp\/v2\/product_brand?post=8671"},{"taxonomy":"product_cat","embeddable":true,"href":"https:\/\/leinfelder-juweler.com\/en\/wp-json\/wp\/v2\/product_cat?post=8671"},{"taxonomy":"product_tag","embeddable":true,"href":"https:\/\/leinfelder-juweler.com\/en\/wp-json\/wp\/v2\/product_tag?post=8671"}],"curies":[{"name":"wp","href":"https:\/\/api.w.org\/{rel}","templated":true}]}}