{"id":8678,"date":"2025-11-20T18:05:14","date_gmt":"2025-11-20T15:05:14","guid":{"rendered":"https:\/\/leinfelder-juweler.com\/?post_type=product&#038;p=8678"},"modified":"2025-11-20T19:38:20","modified_gmt":"2025-11-20T16:38:20","slug":"trauring-mon-cuer-mit-brillanten-und-perlrand-750-weissgold","status":"publish","type":"product","link":"https:\/\/leinfelder-juweler.com\/en\/product\/trauring-mon-cuer-mit-brillanten-und-perlrand-750-weissgold\/","title":{"rendered":"Trauring &#8222;Mon Cuer&#8220; mit Brillanten und Perlrand 750 Wei\u00dfgold"},"content":{"rendered":"<p data-mce-fragment=\"1\"><strong>Trauring &#8222;Mon Cuer&#8220; mit Perlrand<br \/><\/strong><\/p>\n<p data-mce-fragment=\"1\"><strong>Material: <\/strong>750 Wei\u00dfgold<\/p>\n<p data-mce-fragment=\"1\"><strong>Stones:<\/strong> 2 Brillanten ca. 0,06 ct tw vs \u00d8 2,1 mm<\/p>\n<p><strong>Ma\u00dfe: <\/strong>5,8 x 2,3 mm<\/p>\n<p>Profil innen und au\u00dfen gew\u00f6lbt<\/p>\n<p><strong>MON CUER AVEZ * CANC DECYPARTIR &#8211; &#8222;Du hast mein Herz ganz ungeteilt&#8220;<\/strong><\/p>\n<p><strong>Die Inschrift stammt aus dem Marienkult und wurde ab dem sp\u00e4ten Mittelalter auf Liebesringen eingraviert. Diesen sch\u00f6nen Brauch f\u00fchrt die Leinfelder Goldschmiede weiter.<\/strong><\/p>\n<p><b>Hinweis: <\/b>Unsere Ringe sind in der angegebenen Gr\u00f6\u00dfe sofort lieferbar. Sollten sie sich einen Ring in einer anderen Gr\u00f6\u00dfe w\u00fcnschen, kontaktieren sie uns bitte. Wir informieren sie gerne \u00fcber die M\u00f6glichkeit und Dauer von Gr\u00f6\u00dfenanpassungen.<\/p>","protected":false},"excerpt":{"rendered":"<p>Trauring &#8222;Mon Cuer&#8220; mit Perlrand Material: 750 Wei\u00dfgold Steine: 2 Brillanten ca. 0,06 ct tw vs \u00d8 2,1 mm Ma\u00dfe: 5,8 x 2,3 mm Profil innen und au\u00dfen gew\u00f6lbt MON CUER AVEZ * CANC DECYPARTIR &#8211; &#8222;Du hast mein Herz ganz ungeteilt&#8220; Die Inschrift stammt aus dem Marienkult und wurde ab dem sp\u00e4ten Mittelalter auf [&hellip;]<\/p>","protected":false},"featured_media":9847,"comment_status":"open","ping_status":"closed","template":"","meta":{"_acf_changed":false,"_et_pb_use_builder":"","_et_pb_old_content":"","_et_gb_content_width":"","inline_featured_image":false},"product_brand":[332],"product_cat":[295],"product_tag":[],"class_list":{"0":"post-8678","1":"product","2":"type-product","3":"status-publish","4":"has-post-thumbnail","6":"product_brand-leinfelder","7":"product_cat-ringe","9":"first","10":"outofstock","11":"shipping-taxable","12":"purchasable","13":"product-type-simple"},"acf":[],"_links":{"self":[{"href":"https:\/\/leinfelder-juweler.com\/en\/wp-json\/wp\/v2\/product\/8678","targetHints":{"allow":["GET"]}}],"collection":[{"href":"https:\/\/leinfelder-juweler.com\/en\/wp-json\/wp\/v2\/product"}],"about":[{"href":"https:\/\/leinfelder-juweler.com\/en\/wp-json\/wp\/v2\/types\/product"}],"replies":[{"embeddable":true,"href":"https:\/\/leinfelder-juweler.com\/en\/wp-json\/wp\/v2\/comments?post=8678"}],"wp:featuredmedia":[{"embeddable":true,"href":"https:\/\/leinfelder-juweler.com\/en\/wp-json\/wp\/v2\/media\/9847"}],"wp:attachment":[{"href":"https:\/\/leinfelder-juweler.com\/en\/wp-json\/wp\/v2\/media?parent=8678"}],"wp:term":[{"taxonomy":"product_brand","embeddable":true,"href":"https:\/\/leinfelder-juweler.com\/en\/wp-json\/wp\/v2\/product_brand?post=8678"},{"taxonomy":"product_cat","embeddable":true,"href":"https:\/\/leinfelder-juweler.com\/en\/wp-json\/wp\/v2\/product_cat?post=8678"},{"taxonomy":"product_tag","embeddable":true,"href":"https:\/\/leinfelder-juweler.com\/en\/wp-json\/wp\/v2\/product_tag?post=8678"}],"curies":[{"name":"wp","href":"https:\/\/api.w.org\/{rel}","templated":true}]}}