{"id":8686,"date":"2025-11-20T18:05:31","date_gmt":"2025-11-20T15:05:31","guid":{"rendered":"https:\/\/leinfelder-juweler.com\/?post_type=product&#038;p=8686"},"modified":"2025-11-20T19:39:07","modified_gmt":"2025-11-20T16:39:07","slug":"trauring-750-weissgold-3","status":"publish","type":"product","link":"https:\/\/leinfelder-juweler.com\/en\/product\/trauring-750-weissgold-3\/","title":{"rendered":"Trauring 750 Wei\u00dfgold"},"content":{"rendered":"<p><strong>Trauring<br \/><\/strong><\/p>\n<p><strong>Material: <\/strong>750 Wei\u00dfgold<\/p>\n<p><strong>Ma\u00dfe: <\/strong>5,0 x 2,8 mm<\/p>\n<p>Profil innen und au\u00dfen gew\u00f6lbt<\/p>\n<p class=\"MsoNormal\" style=\"margin-bottom: .0001pt;\"><b style=\"mso-bidi-font-weight: normal;\">Trauringe symbolisieren ein Versprechen und ewige Verbundenheit. Dank \u201ebombierter\u201c Innenfl\u00e4chen bieten sie h\u00f6chsten Tragekomfort. Au\u00dfenprofil, Breite und Materialst\u00e4rke gestalten wir nach Ihren W\u00fcnschen. Seitliche Abs\u00e4tze verleihen eine besondere, elegante Note.<\/b><span style=\"color: #0070c0;\"><\/span><\/p>\n<p class=\"MsoNormal\" style=\"margin-bottom: .0001pt;\">\u00a0<\/p>\n<p><b>Hinweis: <\/b>Unsere Ringe sind in der angegebenen Gr\u00f6\u00dfe sofort lieferbar. Sollten sie sich einen Ring in einer anderen Gr\u00f6\u00dfe w\u00fcnschen, kontaktieren sie uns bitte. Wir informieren sie gerne \u00fcber die M\u00f6glichkeit und Dauer von Gr\u00f6\u00dfenanpassungen.<\/p>","protected":false},"excerpt":{"rendered":"<p>Trauring Material: 750 Wei\u00dfgold Ma\u00dfe: 5,0 x 2,8 mm Profil innen und au\u00dfen gew\u00f6lbt Trauringe symbolisieren ein Versprechen und ewige Verbundenheit. Dank \u201ebombierter\u201c Innenfl\u00e4chen bieten sie h\u00f6chsten Tragekomfort. Au\u00dfenprofil, Breite und Materialst\u00e4rke gestalten wir nach Ihren W\u00fcnschen. Seitliche Abs\u00e4tze verleihen eine besondere, elegante Note. \u00a0 Hinweis: Unsere Ringe sind in der angegebenen Gr\u00f6\u00dfe sofort lieferbar. [&hellip;]<\/p>","protected":false},"featured_media":9855,"comment_status":"open","ping_status":"closed","template":"","meta":{"_acf_changed":false,"_et_pb_use_builder":"","_et_pb_old_content":"","_et_gb_content_width":"","inline_featured_image":false},"product_brand":[332],"product_cat":[295],"product_tag":[],"class_list":{"0":"post-8686","1":"product","2":"type-product","3":"status-publish","4":"has-post-thumbnail","6":"product_brand-leinfelder","7":"product_cat-ringe","9":"first","10":"outofstock","11":"shipping-taxable","12":"purchasable","13":"product-type-simple"},"acf":[],"_links":{"self":[{"href":"https:\/\/leinfelder-juweler.com\/en\/wp-json\/wp\/v2\/product\/8686","targetHints":{"allow":["GET"]}}],"collection":[{"href":"https:\/\/leinfelder-juweler.com\/en\/wp-json\/wp\/v2\/product"}],"about":[{"href":"https:\/\/leinfelder-juweler.com\/en\/wp-json\/wp\/v2\/types\/product"}],"replies":[{"embeddable":true,"href":"https:\/\/leinfelder-juweler.com\/en\/wp-json\/wp\/v2\/comments?post=8686"}],"wp:featuredmedia":[{"embeddable":true,"href":"https:\/\/leinfelder-juweler.com\/en\/wp-json\/wp\/v2\/media\/9855"}],"wp:attachment":[{"href":"https:\/\/leinfelder-juweler.com\/en\/wp-json\/wp\/v2\/media?parent=8686"}],"wp:term":[{"taxonomy":"product_brand","embeddable":true,"href":"https:\/\/leinfelder-juweler.com\/en\/wp-json\/wp\/v2\/product_brand?post=8686"},{"taxonomy":"product_cat","embeddable":true,"href":"https:\/\/leinfelder-juweler.com\/en\/wp-json\/wp\/v2\/product_cat?post=8686"},{"taxonomy":"product_tag","embeddable":true,"href":"https:\/\/leinfelder-juweler.com\/en\/wp-json\/wp\/v2\/product_tag?post=8686"}],"curies":[{"name":"wp","href":"https:\/\/api.w.org\/{rel}","templated":true}]}}