{"id":8706,"date":"2025-11-20T18:05:37","date_gmt":"2025-11-20T15:05:37","guid":{"rendered":"https:\/\/leinfelder-juweler.com\/?post_type=product&#038;p=8706"},"modified":"2025-11-20T19:41:12","modified_gmt":"2025-11-20T16:41:12","slug":"klappcreolen-750-gelbgold-mit-rubellit-einhaengern-4","status":"publish","type":"product","link":"https:\/\/leinfelder-juweler.com\/en\/product\/klappcreolen-750-gelbgold-mit-rubellit-einhaengern-4\/","title":{"rendered":"Klappcreolen 750 Gelbgold mit Rubellit Einh\u00e4ngern"},"content":{"rendered":"<p data-mce-fragment=\"1\"><strong data-mce-fragment=\"1\">Ohrschmuck\u00a0Klappcreolen<\/strong><\/p>\n<p data-mce-fragment=\"1\"><strong data-mce-fragment=\"1\">Material: <\/strong>750 Yellow Gold<br data-mce-fragment=\"1\"><\/p>\n<p data-mce-fragment=\"1\"><strong data-mce-fragment=\"1\">Stones: <\/strong>Vorderseite 1-reihig\u00a0 pav\u00e9 mit 18 pink Saphiren \u00d8 1,6 mm<\/p>\n<p data-mce-fragment=\"1\"><strong data-mce-fragment=\"1\">Ma\u00dfe: <\/strong>2,5 mm breit \/\u00a013,5 mm au\u00dfen<\/p>\n<p><strong>Einh\u00e4nger:\u00a0<\/strong><\/p>\n<p data-mce-fragment=\"1\"><strong data-mce-fragment=\"1\">Material: <\/strong>750 Yellow Gold<br data-mce-fragment=\"1\"><\/p>\n<p data-mce-fragment=\"1\"><strong data-mce-fragment=\"1\">Stones: <\/strong>Rubellit Cabochons I aa 5,75 ct, 10 x 8 mm<\/p>\n<p style=\"margin-bottom: .0001pt;\" class=\"MsoNormal\"><b style=\"mso-bidi-font-weight: normal;\">Diese Ohrringe symbolisieren zeitlose Eleganz und best\u00e4ndige Sch\u00f6nheit.<\/b><\/p>\n<p style=\"margin-bottom: .0001pt;\" class=\"MsoNormal\"><b style=\"mso-bidi-font-weight: normal;\">Jeder Stein steht f\u00fcr einen besonderen Moment oder ein gemeinsames Erlebnis in einer Beziehung.<u><\/u><\/b><\/p>\n<p style=\"margin-bottom: .0001pt;\" class=\"MsoNormal\"><b style=\"mso-bidi-font-weight: normal;\">Die Einh\u00e4nger mit den leuchtenden Rubellit Cabochons sind eine perfekte Erg\u00e4nzung.<\/b><\/p>\n<p data-mce-fragment=\"1\"><span>\u00a0<\/span><\/p>","protected":false},"excerpt":{"rendered":"<p>Ohrschmuck\u00a0Klappcreolen Material: 750 Gelbgold Steine: Vorderseite 1-reihig\u00a0 pav\u00e9 mit 18 pink Saphiren \u00d8 1,6 mm Ma\u00dfe: 2,5 mm breit \/\u00a013,5 mm au\u00dfen Einh\u00e4nger:\u00a0 Material: 750 Gelbgold Steine: Rubellit Cabochons I aa 5,75 ct, 10 x 8 mm Diese Ohrringe symbolisieren zeitlose Eleganz und best\u00e4ndige Sch\u00f6nheit. Jeder Stein steht f\u00fcr einen besonderen Moment oder ein gemeinsames [&hellip;]<\/p>","protected":false},"featured_media":9875,"comment_status":"open","ping_status":"closed","template":"","meta":{"_acf_changed":false,"_et_pb_use_builder":"","_et_pb_old_content":"","_et_gb_content_width":"","inline_featured_image":false},"product_brand":[332],"product_cat":[331],"product_tag":[246],"class_list":{"0":"post-8706","1":"product","2":"type-product","3":"status-publish","4":"has-post-thumbnail","6":"product_brand-leinfelder","7":"product_cat-ohrschmuck","8":"product_tag-pave","10":"first","11":"outofstock","12":"shipping-taxable","13":"purchasable","14":"product-type-simple"},"acf":[],"_links":{"self":[{"href":"https:\/\/leinfelder-juweler.com\/en\/wp-json\/wp\/v2\/product\/8706","targetHints":{"allow":["GET"]}}],"collection":[{"href":"https:\/\/leinfelder-juweler.com\/en\/wp-json\/wp\/v2\/product"}],"about":[{"href":"https:\/\/leinfelder-juweler.com\/en\/wp-json\/wp\/v2\/types\/product"}],"replies":[{"embeddable":true,"href":"https:\/\/leinfelder-juweler.com\/en\/wp-json\/wp\/v2\/comments?post=8706"}],"wp:featuredmedia":[{"embeddable":true,"href":"https:\/\/leinfelder-juweler.com\/en\/wp-json\/wp\/v2\/media\/9875"}],"wp:attachment":[{"href":"https:\/\/leinfelder-juweler.com\/en\/wp-json\/wp\/v2\/media?parent=8706"}],"wp:term":[{"taxonomy":"product_brand","embeddable":true,"href":"https:\/\/leinfelder-juweler.com\/en\/wp-json\/wp\/v2\/product_brand?post=8706"},{"taxonomy":"product_cat","embeddable":true,"href":"https:\/\/leinfelder-juweler.com\/en\/wp-json\/wp\/v2\/product_cat?post=8706"},{"taxonomy":"product_tag","embeddable":true,"href":"https:\/\/leinfelder-juweler.com\/en\/wp-json\/wp\/v2\/product_tag?post=8706"}],"curies":[{"name":"wp","href":"https:\/\/api.w.org\/{rel}","templated":true}]}}