{"id":8713,"date":"2025-11-20T18:05:55","date_gmt":"2025-11-20T15:05:55","guid":{"rendered":"https:\/\/leinfelder-juweler.com\/?post_type=product&#038;p=8713"},"modified":"2025-11-20T19:41:49","modified_gmt":"2025-11-20T16:41:49","slug":"klappcreolen-750-weissgold-mit-brillanten-und-ebenholz","status":"publish","type":"product","link":"https:\/\/leinfelder-juweler.com\/en\/product\/klappcreolen-750-weissgold-mit-brillanten-und-ebenholz\/","title":{"rendered":"Klappcreolen 750 Wei\u00dfgold mit Brillanten und Ebenholz"},"content":{"rendered":"<p><strong>Ohrschmuck Klappcreolen<\/strong><\/p>\n<p><strong>Material: <\/strong>750 Wei\u00dfgold<\/p>\n<p><strong>Stones: <\/strong>272 Brillanten, gesamt 1,488 ct tw vsi<\/p>\n<p><strong>Elemente:\u00a0<\/strong>Ebenholz , Profil gerade<\/p>\n<p><strong>Ma\u00dfe: <\/strong>8 mm breit \/ \u00d816 mm au\u00dfen<\/p>\n<p style=\"margin-bottom: .0001pt;\" class=\"MsoNormal\"><strong><span style=\"font-family: 'Calibri',sans-serif; mso-ascii-theme-font: minor-latin; mso-hansi-theme-font: minor-latin; mso-bidi-font-family: 'Times New Roman'; mso-bidi-theme-font: minor-bidi;\">Nat\u00fcrliche Sch\u00f6nheit und handwerkliche Perfektion.<\/span><\/strong><\/p>\n<p style=\"margin-bottom: .0001pt;\" class=\"MsoNormal\"><strong><span style=\"font-family: 'Calibri',sans-serif; mso-ascii-theme-font: minor-latin; mso-hansi-theme-font: minor-latin; mso-bidi-font-family: 'Times New Roman'; mso-bidi-theme-font: minor-bidi;\">Unsere handgefertigten Klappcreolen verbindet die tiefe, dunkle Eleganz von Ebenholz mit dem Glanz des Goldes und feurigen Brillanten.<\/span><\/strong><\/p>\n<p><\/p>","protected":false},"excerpt":{"rendered":"<p>Ohrschmuck Klappcreolen Material: 750 Wei\u00dfgold Steine: 272 Brillanten, gesamt 1,488 ct tw vsi Elemente:\u00a0Ebenholz , Profil gerade Ma\u00dfe: 8 mm breit \/ \u00d816 mm au\u00dfen Nat\u00fcrliche Sch\u00f6nheit und handwerkliche Perfektion. Unsere handgefertigten Klappcreolen verbindet die tiefe, dunkle Eleganz von Ebenholz mit dem Glanz des Goldes und feurigen Brillanten.<\/p>","protected":false},"featured_media":9882,"comment_status":"open","ping_status":"closed","template":"","meta":{"_acf_changed":false,"_et_pb_use_builder":"","_et_pb_old_content":"","_et_gb_content_width":"","inline_featured_image":false},"product_brand":[332],"product_cat":[331],"product_tag":[302],"class_list":{"0":"post-8713","1":"product","2":"type-product","3":"status-publish","4":"has-post-thumbnail","6":"product_brand-leinfelder","7":"product_cat-ohrschmuck","8":"product_tag-ebenholz","10":"first","11":"instock","12":"shipping-taxable","13":"purchasable","14":"product-type-simple"},"acf":[],"_links":{"self":[{"href":"https:\/\/leinfelder-juweler.com\/en\/wp-json\/wp\/v2\/product\/8713","targetHints":{"allow":["GET"]}}],"collection":[{"href":"https:\/\/leinfelder-juweler.com\/en\/wp-json\/wp\/v2\/product"}],"about":[{"href":"https:\/\/leinfelder-juweler.com\/en\/wp-json\/wp\/v2\/types\/product"}],"replies":[{"embeddable":true,"href":"https:\/\/leinfelder-juweler.com\/en\/wp-json\/wp\/v2\/comments?post=8713"}],"wp:featuredmedia":[{"embeddable":true,"href":"https:\/\/leinfelder-juweler.com\/en\/wp-json\/wp\/v2\/media\/9882"}],"wp:attachment":[{"href":"https:\/\/leinfelder-juweler.com\/en\/wp-json\/wp\/v2\/media?parent=8713"}],"wp:term":[{"taxonomy":"product_brand","embeddable":true,"href":"https:\/\/leinfelder-juweler.com\/en\/wp-json\/wp\/v2\/product_brand?post=8713"},{"taxonomy":"product_cat","embeddable":true,"href":"https:\/\/leinfelder-juweler.com\/en\/wp-json\/wp\/v2\/product_cat?post=8713"},{"taxonomy":"product_tag","embeddable":true,"href":"https:\/\/leinfelder-juweler.com\/en\/wp-json\/wp\/v2\/product_tag?post=8713"}],"curies":[{"name":"wp","href":"https:\/\/api.w.org\/{rel}","templated":true}]}}