{"id":8714,"date":"2025-11-20T18:05:56","date_gmt":"2025-11-20T15:05:56","guid":{"rendered":"https:\/\/leinfelder-juweler.com\/?post_type=product&#038;p=8714"},"modified":"2025-11-20T19:41:55","modified_gmt":"2025-11-20T16:41:55","slug":"ring-750-rosegold-mit-rubellit-cabochon","status":"publish","type":"product","link":"https:\/\/leinfelder-juweler.com\/en\/product\/ring-750-rosegold-mit-rubellit-cabochon\/","title":{"rendered":"Ring 750 Ros\u00e9gold mit Rubellit Cabochon"},"content":{"rendered":"<p><strong>Ring 750 Ros\u00e9gold poliert <span data-mce-fragment=\"1\">mit einem Rubellit Cabochon<br \/><\/span><\/strong><\/p>\n<p><strong>Material:\u00a0<\/strong>750 Ros\u00e9gold<\/p>\n<p><strong>Stein:\u00a0<\/strong>4,96 ct Rubellit Cabochon\u00a012 x 10 mm<\/p>\n<p>Klassisch sch\u00f6n ist dieser Ring aus 750 Ros\u00e9gold mit einem pinkfarbenen Rubellit Cabochon, der quer zur Hand gefasst ist.<\/p>\n<p>Die gestufte Fassung harmoniert mit der Ringschiene im konischen Verlauf.<\/p>\n<p>\u00a0<\/p>\n<p><b>Hinweis: <\/b>Unsere Ringe sind in der angegebenen Gr\u00f6\u00dfe sofort lieferbar. Sollten sie sich einen Ring in einer anderen Gr\u00f6\u00dfe w\u00fcnschen, kontaktieren sie uns bitte. Wir informieren sie gerne \u00fcber die M\u00f6glichkeit und Dauer von Gr\u00f6\u00dfenanpassungen.<\/p>\n<p><\/p>","protected":false},"excerpt":{"rendered":"<p>Ring 750 Ros\u00e9gold poliert mit einem Rubellit Cabochon Material:\u00a0750 Ros\u00e9gold Stein:\u00a04,96 ct Rubellit Cabochon\u00a012 x 10 mm Klassisch sch\u00f6n ist dieser Ring aus 750 Ros\u00e9gold mit einem pinkfarbenen Rubellit Cabochon, der quer zur Hand gefasst ist. Die gestufte Fassung harmoniert mit der Ringschiene im konischen Verlauf. \u00a0 Hinweis: Unsere Ringe sind in der angegebenen Gr\u00f6\u00dfe [&hellip;]<\/p>","protected":false},"featured_media":9883,"comment_status":"open","ping_status":"closed","template":"","meta":{"_acf_changed":false,"_et_pb_use_builder":"","_et_pb_old_content":"","_et_gb_content_width":"","inline_featured_image":false},"product_brand":[332],"product_cat":[295],"product_tag":[],"class_list":{"0":"post-8714","1":"product","2":"type-product","3":"status-publish","4":"has-post-thumbnail","6":"product_brand-leinfelder","7":"product_cat-ringe","9":"first","10":"outofstock","11":"shipping-taxable","12":"purchasable","13":"product-type-simple"},"acf":[],"_links":{"self":[{"href":"https:\/\/leinfelder-juweler.com\/en\/wp-json\/wp\/v2\/product\/8714","targetHints":{"allow":["GET"]}}],"collection":[{"href":"https:\/\/leinfelder-juweler.com\/en\/wp-json\/wp\/v2\/product"}],"about":[{"href":"https:\/\/leinfelder-juweler.com\/en\/wp-json\/wp\/v2\/types\/product"}],"replies":[{"embeddable":true,"href":"https:\/\/leinfelder-juweler.com\/en\/wp-json\/wp\/v2\/comments?post=8714"}],"wp:featuredmedia":[{"embeddable":true,"href":"https:\/\/leinfelder-juweler.com\/en\/wp-json\/wp\/v2\/media\/9883"}],"wp:attachment":[{"href":"https:\/\/leinfelder-juweler.com\/en\/wp-json\/wp\/v2\/media?parent=8714"}],"wp:term":[{"taxonomy":"product_brand","embeddable":true,"href":"https:\/\/leinfelder-juweler.com\/en\/wp-json\/wp\/v2\/product_brand?post=8714"},{"taxonomy":"product_cat","embeddable":true,"href":"https:\/\/leinfelder-juweler.com\/en\/wp-json\/wp\/v2\/product_cat?post=8714"},{"taxonomy":"product_tag","embeddable":true,"href":"https:\/\/leinfelder-juweler.com\/en\/wp-json\/wp\/v2\/product_tag?post=8714"}],"curies":[{"name":"wp","href":"https:\/\/api.w.org\/{rel}","templated":true}]}}