{"id":8721,"date":"2025-11-20T18:05:58","date_gmt":"2025-11-20T15:05:58","guid":{"rendered":"https:\/\/leinfelder-juweler.com\/?post_type=product&#038;p=8721"},"modified":"2025-11-20T19:42:40","modified_gmt":"2025-11-20T16:42:40","slug":"ring-mit-rubin-und-diamant-herzen","status":"publish","type":"product","link":"https:\/\/leinfelder-juweler.com\/en\/product\/ring-mit-rubin-und-diamant-herzen\/","title":{"rendered":"Ring mit Rubin und Diamant Herzen"},"content":{"rendered":"<p><strong>Ring mit Rubin und Diamant Herzen<\/strong><\/p>\n<p><strong>Material: <\/strong>950 Platin<\/p>\n<p><strong>Stones: <\/strong>ein 3,18 ct Rubin NH mosambique und zwei Diamant Herzen gesamt 1,04 ct E vs1 + D vs2<\/p>\n<p><strong>Ein Rubin, no heat in dieser Gr\u00f6\u00dfe ist eine absolute Rarit\u00e4t. Seine Sch\u00f6nheit wird durch die klare Ringschiene aus Platin, flankiert von zwei Diamantherzen geb\u00fchrend in Szene gesetzt.<\/strong><\/p>\n<p><strong><b>Hinweis: <\/b><\/strong>Unsere Ringe sind in der angegebenen Gr\u00f6\u00dfe sofort lieferbar. Sollten sie sich einen Ring in einer anderen Gr\u00f6\u00dfe w\u00fcnschen, kontaktieren sie uns bitte. Wir informieren sie gerne \u00fcber die M\u00f6glichkeit und Dauer von Gr\u00f6\u00dfenanpassungen. <\/p>","protected":false},"excerpt":{"rendered":"<p>Ring mit Rubin und Diamant Herzen Material: 950 Platin Steine: ein 3,18 ct Rubin NH mosambique und zwei Diamant Herzen gesamt 1,04 ct E vs1 + D vs2 Ein Rubin, no heat in dieser Gr\u00f6\u00dfe ist eine absolute Rarit\u00e4t. Seine Sch\u00f6nheit wird durch die klare Ringschiene aus Platin, flankiert von zwei Diamantherzen geb\u00fchrend in Szene [&hellip;]<\/p>","protected":false},"featured_media":9890,"comment_status":"open","ping_status":"closed","template":"","meta":{"_acf_changed":false,"_et_pb_use_builder":"","_et_pb_old_content":"","_et_gb_content_width":"","inline_featured_image":false},"product_brand":[332],"product_cat":[295],"product_tag":[],"class_list":{"0":"post-8721","1":"product","2":"type-product","3":"status-publish","4":"has-post-thumbnail","6":"product_brand-leinfelder","7":"product_cat-ringe","9":"first","10":"outofstock","11":"shipping-taxable","12":"purchasable","13":"product-type-simple"},"acf":[],"_links":{"self":[{"href":"https:\/\/leinfelder-juweler.com\/en\/wp-json\/wp\/v2\/product\/8721","targetHints":{"allow":["GET"]}}],"collection":[{"href":"https:\/\/leinfelder-juweler.com\/en\/wp-json\/wp\/v2\/product"}],"about":[{"href":"https:\/\/leinfelder-juweler.com\/en\/wp-json\/wp\/v2\/types\/product"}],"replies":[{"embeddable":true,"href":"https:\/\/leinfelder-juweler.com\/en\/wp-json\/wp\/v2\/comments?post=8721"}],"wp:featuredmedia":[{"embeddable":true,"href":"https:\/\/leinfelder-juweler.com\/en\/wp-json\/wp\/v2\/media\/9890"}],"wp:attachment":[{"href":"https:\/\/leinfelder-juweler.com\/en\/wp-json\/wp\/v2\/media?parent=8721"}],"wp:term":[{"taxonomy":"product_brand","embeddable":true,"href":"https:\/\/leinfelder-juweler.com\/en\/wp-json\/wp\/v2\/product_brand?post=8721"},{"taxonomy":"product_cat","embeddable":true,"href":"https:\/\/leinfelder-juweler.com\/en\/wp-json\/wp\/v2\/product_cat?post=8721"},{"taxonomy":"product_tag","embeddable":true,"href":"https:\/\/leinfelder-juweler.com\/en\/wp-json\/wp\/v2\/product_tag?post=8721"}],"curies":[{"name":"wp","href":"https:\/\/api.w.org\/{rel}","templated":true}]}}