{"id":8722,"date":"2025-11-20T18:05:59","date_gmt":"2025-11-20T15:05:59","guid":{"rendered":"https:\/\/leinfelder-juweler.com\/?post_type=product&#038;p=8722"},"modified":"2025-11-20T19:42:46","modified_gmt":"2025-11-20T16:42:46","slug":"ring-mit-turmalin-und-62-pink-saphiren","status":"publish","type":"product","link":"https:\/\/leinfelder-juweler.com\/en\/product\/ring-mit-turmalin-und-62-pink-saphiren\/","title":{"rendered":"Ring mit Turmalin und 62 pink Saphiren"},"content":{"rendered":"<p><strong>Ring<\/strong><\/p>\n<p><strong>Material:\u00a0<\/strong>750 Yellow Gold<\/p>\n<p><strong>Stones: <\/strong>Turmalin 3,16 ct \u00a0l\u00e4ngs 10 x 8 mm facettiert antikoval und 62 pink Saphire<\/p>\n<p>\u00d8 1,0 \u2013 1,5 mm<\/p>\n<p data-mce-fragment=\"1\"><strong>Charmant!<\/strong><\/p>\n<p data-mce-fragment=\"1\"><strong>Der strahlende Turmalin im Baguette Schliff ziert den Mittelpunkt dieses Ringes aus 750 Gelbgold.<\/strong><\/p>\n<p data-mce-fragment=\"1\"><strong>62 pinke Saphire sorgen f\u00fcr den farblich reizvollen Kontrast.<\/strong><\/p>\n<p><\/p>\n<p>\u00a0<\/p>\n<p><b>Hinweis: <\/b>Unsere Ringe sind in der angegebenen Gr\u00f6\u00dfe sofort lieferbar. Sollten sie sich einen Ring in einer anderen Gr\u00f6\u00dfe w\u00fcnschen, kontaktieren sie uns bitte. Wir informieren sie gerne \u00fcber die M\u00f6glichkeit und Dauer von Gr\u00f6\u00dfenanpassungen.<\/p>\n<p><\/p>","protected":false},"excerpt":{"rendered":"<p>Ring Material:\u00a0750 Gelbgold Steine: Turmalin 3,16 ct \u00a0l\u00e4ngs 10 x 8 mm facettiert antikoval und 62 pink Saphire \u00d8 1,0 \u2013 1,5 mm Charmant! Der strahlende Turmalin im Baguette Schliff ziert den Mittelpunkt dieses Ringes aus 750 Gelbgold. 62 pinke Saphire sorgen f\u00fcr den farblich reizvollen Kontrast. \u00a0 Hinweis: Unsere Ringe sind in der angegebenen [&hellip;]<\/p>","protected":false},"featured_media":9891,"comment_status":"open","ping_status":"closed","template":"","meta":{"_acf_changed":false,"_et_pb_use_builder":"","_et_pb_old_content":"","_et_gb_content_width":"","inline_featured_image":false},"product_brand":[332],"product_cat":[295],"product_tag":[],"class_list":{"0":"post-8722","1":"product","2":"type-product","3":"status-publish","4":"has-post-thumbnail","6":"product_brand-leinfelder","7":"product_cat-ringe","9":"first","10":"outofstock","11":"shipping-taxable","12":"purchasable","13":"product-type-simple"},"acf":[],"_links":{"self":[{"href":"https:\/\/leinfelder-juweler.com\/en\/wp-json\/wp\/v2\/product\/8722","targetHints":{"allow":["GET"]}}],"collection":[{"href":"https:\/\/leinfelder-juweler.com\/en\/wp-json\/wp\/v2\/product"}],"about":[{"href":"https:\/\/leinfelder-juweler.com\/en\/wp-json\/wp\/v2\/types\/product"}],"replies":[{"embeddable":true,"href":"https:\/\/leinfelder-juweler.com\/en\/wp-json\/wp\/v2\/comments?post=8722"}],"wp:featuredmedia":[{"embeddable":true,"href":"https:\/\/leinfelder-juweler.com\/en\/wp-json\/wp\/v2\/media\/9891"}],"wp:attachment":[{"href":"https:\/\/leinfelder-juweler.com\/en\/wp-json\/wp\/v2\/media?parent=8722"}],"wp:term":[{"taxonomy":"product_brand","embeddable":true,"href":"https:\/\/leinfelder-juweler.com\/en\/wp-json\/wp\/v2\/product_brand?post=8722"},{"taxonomy":"product_cat","embeddable":true,"href":"https:\/\/leinfelder-juweler.com\/en\/wp-json\/wp\/v2\/product_cat?post=8722"},{"taxonomy":"product_tag","embeddable":true,"href":"https:\/\/leinfelder-juweler.com\/en\/wp-json\/wp\/v2\/product_tag?post=8722"}],"curies":[{"name":"wp","href":"https:\/\/api.w.org\/{rel}","templated":true}]}}