{"id":8725,"date":"2025-11-20T18:06:00","date_gmt":"2025-11-20T15:06:00","guid":{"rendered":"https:\/\/leinfelder-juweler.com\/?post_type=product&#038;p=8725"},"modified":"2025-11-20T19:42:56","modified_gmt":"2025-11-20T16:42:56","slug":"vario-ohrschmuck-einhaenger-35","status":"publish","type":"product","link":"https:\/\/leinfelder-juweler.com\/en\/product\/vario-ohrschmuck-einhaenger-35\/","title":{"rendered":"Vario Ohrschmuck Einh\u00e4nger"},"content":{"rendered":"<p data-mce-fragment=\"1\"><strong data-mce-fragment=\"1\">Vario Ohrschmuck <\/strong><strong data-mce-fragment=\"1\">Einh\u00e4nger:<\/strong><\/p>\n<p><strong>Material:\u00a0<\/strong>750 Yellow Gold<\/p>\n<p><strong>Stones:\u00a0<\/strong>2 Turmaline \u00d8 4mm = 0,50 ct<br \/>4 Starlite \u00d8 4,5 mm = 2,136 ct<br \/>2 Turmaline \u00d8 5,0 mm = 0,99 ct und\u00a0<br \/>2 Turmaline \u00d8 6,5 mm = 2,14 ct\u00a0<\/p>\n<p><strong>Wundersch\u00f6ne Farbkombination!<\/strong><\/p>\n<p><strong>Die t\u00fckisblau und gr\u00fcn funkelnden Edelsteine tanzen f\u00f6rmlich aus der Reihe und sind eine spannende Erg\u00e4nzung zu unseren Vario-Oberteilen.<\/strong><\/p>","protected":false},"excerpt":{"rendered":"<p>Vario Ohrschmuck Einh\u00e4nger: Material:\u00a0750 Gelbgold Steine:\u00a02 Turmaline \u00d8 4mm = 0,50 ct4 Starlite \u00d8 4,5 mm = 2,136 ct2 Turmaline \u00d8 5,0 mm = 0,99 ct und\u00a02 Turmaline \u00d8 6,5 mm = 2,14 ct\u00a0 Wundersch\u00f6ne Farbkombination! Die t\u00fckisblau und gr\u00fcn funkelnden Edelsteine tanzen f\u00f6rmlich aus der Reihe und sind eine spannende Erg\u00e4nzung zu unseren Vario-Oberteilen.<\/p>","protected":false},"featured_media":9894,"comment_status":"open","ping_status":"closed","template":"","meta":{"_acf_changed":false,"_et_pb_use_builder":"","_et_pb_old_content":"","_et_gb_content_width":"","inline_featured_image":false},"product_brand":[332],"product_cat":[331],"product_tag":[],"class_list":{"0":"post-8725","1":"product","2":"type-product","3":"status-publish","4":"has-post-thumbnail","6":"product_brand-leinfelder","7":"product_cat-ohrschmuck","9":"first","10":"instock","11":"shipping-taxable","12":"purchasable","13":"product-type-simple"},"acf":[],"_links":{"self":[{"href":"https:\/\/leinfelder-juweler.com\/en\/wp-json\/wp\/v2\/product\/8725","targetHints":{"allow":["GET"]}}],"collection":[{"href":"https:\/\/leinfelder-juweler.com\/en\/wp-json\/wp\/v2\/product"}],"about":[{"href":"https:\/\/leinfelder-juweler.com\/en\/wp-json\/wp\/v2\/types\/product"}],"replies":[{"embeddable":true,"href":"https:\/\/leinfelder-juweler.com\/en\/wp-json\/wp\/v2\/comments?post=8725"}],"wp:featuredmedia":[{"embeddable":true,"href":"https:\/\/leinfelder-juweler.com\/en\/wp-json\/wp\/v2\/media\/9894"}],"wp:attachment":[{"href":"https:\/\/leinfelder-juweler.com\/en\/wp-json\/wp\/v2\/media?parent=8725"}],"wp:term":[{"taxonomy":"product_brand","embeddable":true,"href":"https:\/\/leinfelder-juweler.com\/en\/wp-json\/wp\/v2\/product_brand?post=8725"},{"taxonomy":"product_cat","embeddable":true,"href":"https:\/\/leinfelder-juweler.com\/en\/wp-json\/wp\/v2\/product_cat?post=8725"},{"taxonomy":"product_tag","embeddable":true,"href":"https:\/\/leinfelder-juweler.com\/en\/wp-json\/wp\/v2\/product_tag?post=8725"}],"curies":[{"name":"wp","href":"https:\/\/api.w.org\/{rel}","templated":true}]}}