{"id":8732,"date":"2025-11-20T18:06:03","date_gmt":"2025-11-20T15:06:03","guid":{"rendered":"https:\/\/leinfelder-juweler.com\/?post_type=product&#038;p=8732"},"modified":"2025-11-20T19:43:40","modified_gmt":"2025-11-20T16:43:40","slug":"vario-halsschmuck-set-2","status":"publish","type":"product","link":"https:\/\/leinfelder-juweler.com\/en\/product\/vario-halsschmuck-set-2\/","title":{"rendered":"Vario Halsschmuck Set"},"content":{"rendered":"<p><strong>Vario Halsschmuck Set aus Anh\u00e4nger und Einh\u00e4nger: <\/strong><\/p>\n<p><strong>Anh\u00e4nger Kissendreieck:<br \/><\/strong><\/p>\n<p><strong>Material: <\/strong>750 <span style=\"font-size: 8.0pt; font-family: 'Arial',sans-serif;\" data-mce-fragment=\"1\" data-mce-style=\"font-size: 8.0pt; font-family: 'Arial',sans-serif;\"><\/span>Yellow Gold<\/p>\n<p><strong>Ma\u00dfe:<\/strong> 16 mm<\/p>\n<p>\u00a0<\/p>\n<p><strong>Einh\u00e4nger:<br \/><\/strong><\/p>\n<p><strong>Material:\u00a0<\/strong>750 Yellow Gold<\/p>\n<p><strong>Stones: <\/strong>Rubellit\u00a0 0,24 ct \u00d8 4,0 mm rund facettiert und graue Mondsteinpampel 23,08 ct 26 x 14,6 mm<\/p>","protected":false},"excerpt":{"rendered":"<p>Vario Halsschmuck Set aus Anh\u00e4nger und Einh\u00e4nger: Anh\u00e4nger Kissendreieck: Material: 750 Gelbgold Ma\u00dfe: 16 mm \u00a0 Einh\u00e4nger: Material:\u00a0750 Gelbgold Steine: Rubellit\u00a0 0,24 ct \u00d8 4,0 mm rund facettiert und graue Mondsteinpampel 23,08 ct 26 x 14,6 mm<\/p>","protected":false},"featured_media":9901,"comment_status":"open","ping_status":"closed","template":"","meta":{"_acf_changed":false,"_et_pb_use_builder":"","_et_pb_old_content":"","_et_gb_content_width":"","inline_featured_image":false},"product_brand":[332],"product_cat":[333],"product_tag":[],"class_list":{"0":"post-8732","1":"product","2":"type-product","3":"status-publish","4":"has-post-thumbnail","6":"product_brand-leinfelder","7":"product_cat-halsschmuck","9":"first","10":"outofstock","11":"shipping-taxable","12":"purchasable","13":"product-type-simple"},"acf":[],"_links":{"self":[{"href":"https:\/\/leinfelder-juweler.com\/en\/wp-json\/wp\/v2\/product\/8732","targetHints":{"allow":["GET"]}}],"collection":[{"href":"https:\/\/leinfelder-juweler.com\/en\/wp-json\/wp\/v2\/product"}],"about":[{"href":"https:\/\/leinfelder-juweler.com\/en\/wp-json\/wp\/v2\/types\/product"}],"replies":[{"embeddable":true,"href":"https:\/\/leinfelder-juweler.com\/en\/wp-json\/wp\/v2\/comments?post=8732"}],"wp:featuredmedia":[{"embeddable":true,"href":"https:\/\/leinfelder-juweler.com\/en\/wp-json\/wp\/v2\/media\/9901"}],"wp:attachment":[{"href":"https:\/\/leinfelder-juweler.com\/en\/wp-json\/wp\/v2\/media?parent=8732"}],"wp:term":[{"taxonomy":"product_brand","embeddable":true,"href":"https:\/\/leinfelder-juweler.com\/en\/wp-json\/wp\/v2\/product_brand?post=8732"},{"taxonomy":"product_cat","embeddable":true,"href":"https:\/\/leinfelder-juweler.com\/en\/wp-json\/wp\/v2\/product_cat?post=8732"},{"taxonomy":"product_tag","embeddable":true,"href":"https:\/\/leinfelder-juweler.com\/en\/wp-json\/wp\/v2\/product_tag?post=8732"}],"curies":[{"name":"wp","href":"https:\/\/api.w.org\/{rel}","templated":true}]}}