{"id":8736,"date":"2025-11-20T18:06:04","date_gmt":"2025-11-20T15:06:04","guid":{"rendered":"https:\/\/leinfelder-juweler.com\/?post_type=product&#038;p=8736"},"modified":"2025-11-20T19:44:05","modified_gmt":"2025-11-20T16:44:05","slug":"vario-halsschmuck-set-6","status":"publish","type":"product","link":"https:\/\/leinfelder-juweler.com\/en\/product\/vario-halsschmuck-set-6\/","title":{"rendered":"Vario Halsschmuck Set"},"content":{"rendered":"<p><strong>Vario Halsschmuck Set aus Anh\u00e4nger und Einh\u00e4nger: <\/strong><\/p>\n<p><strong>Anh\u00e4nger Taurus mit Brillant:<br \/><\/strong><\/p>\n<p><strong>Material: <\/strong>750 <span style=\"font-size: 8.0pt; font-family: 'Arial',sans-serif;\" data-mce-fragment=\"1\" data-mce-style=\"font-size: 8.0pt; font-family: 'Arial',sans-serif;\"><\/span>Yellow Gold<\/p>\n<p><strong>Stein: <\/strong>0,11 ct tw vsi \u00d8 3,0 mm<\/p>\n<p><strong>Ma\u00dfe:<\/strong> 16 mm<\/p>\n<p>\u00a0<\/p>\n<p><strong>Einh\u00e4nger mit 180 Brillanten:<\/strong><br \/><strong><\/strong><\/p>\n<p><strong>Material:\u00a0<\/strong>750 Yellow Gold<\/p>\n<p><strong>Stones: <\/strong>Ein Brillant 0,23 ct tw vsi \u00d8 3,9 mm und 179 Brillanten tw vsi \u00d8 1,1-3,0 mm gesamt 2,762 ct<\/p>\n<p><strong>Ma\u00dfe:<\/strong> 19 x 16 mm<\/p>","protected":false},"excerpt":{"rendered":"<p>Vario Halsschmuck Set aus Anh\u00e4nger und Einh\u00e4nger: Anh\u00e4nger Taurus mit Brillant: Material: 750 Gelbgold Stein: 0,11 ct tw vsi \u00d8 3,0 mm Ma\u00dfe: 16 mm \u00a0 Einh\u00e4nger mit 180 Brillanten: Material:\u00a0750 Gelbgold Steine: Ein Brillant 0,23 ct tw vsi \u00d8 3,9 mm und 179 Brillanten tw vsi \u00d8 1,1-3,0 mm gesamt 2,762 ct Ma\u00dfe: 19 [&hellip;]<\/p>","protected":false},"featured_media":9905,"comment_status":"open","ping_status":"closed","template":"","meta":{"_acf_changed":false,"_et_pb_use_builder":"","_et_pb_old_content":"","_et_gb_content_width":"","inline_featured_image":false},"product_brand":[332],"product_cat":[333],"product_tag":[],"class_list":{"0":"post-8736","1":"product","2":"type-product","3":"status-publish","4":"has-post-thumbnail","6":"product_brand-leinfelder","7":"product_cat-halsschmuck","9":"first","10":"outofstock","11":"shipping-taxable","12":"purchasable","13":"product-type-simple"},"acf":[],"_links":{"self":[{"href":"https:\/\/leinfelder-juweler.com\/en\/wp-json\/wp\/v2\/product\/8736","targetHints":{"allow":["GET"]}}],"collection":[{"href":"https:\/\/leinfelder-juweler.com\/en\/wp-json\/wp\/v2\/product"}],"about":[{"href":"https:\/\/leinfelder-juweler.com\/en\/wp-json\/wp\/v2\/types\/product"}],"replies":[{"embeddable":true,"href":"https:\/\/leinfelder-juweler.com\/en\/wp-json\/wp\/v2\/comments?post=8736"}],"wp:featuredmedia":[{"embeddable":true,"href":"https:\/\/leinfelder-juweler.com\/en\/wp-json\/wp\/v2\/media\/9905"}],"wp:attachment":[{"href":"https:\/\/leinfelder-juweler.com\/en\/wp-json\/wp\/v2\/media?parent=8736"}],"wp:term":[{"taxonomy":"product_brand","embeddable":true,"href":"https:\/\/leinfelder-juweler.com\/en\/wp-json\/wp\/v2\/product_brand?post=8736"},{"taxonomy":"product_cat","embeddable":true,"href":"https:\/\/leinfelder-juweler.com\/en\/wp-json\/wp\/v2\/product_cat?post=8736"},{"taxonomy":"product_tag","embeddable":true,"href":"https:\/\/leinfelder-juweler.com\/en\/wp-json\/wp\/v2\/product_tag?post=8736"}],"curies":[{"name":"wp","href":"https:\/\/api.w.org\/{rel}","templated":true}]}}