{"id":8746,"date":"2025-11-20T18:06:26","date_gmt":"2025-11-20T15:06:26","guid":{"rendered":"https:\/\/leinfelder-juweler.com\/?post_type=product&#038;p=8746"},"modified":"2025-11-20T19:45:10","modified_gmt":"2025-11-20T16:45:10","slug":"vario-ohrschmuck-oberteile-mit-tuerkis-cabochons","status":"publish","type":"product","link":"https:\/\/leinfelder-juweler.com\/en\/product\/vario-ohrschmuck-oberteile-mit-tuerkis-cabochons\/","title":{"rendered":"Vario Ohrschmuck Oberteile mit T\u00fcrkis Cabochons"},"content":{"rendered":"<p><strong>Vario Ohrschmuck Oberteile kombinierbar mit verschiedenen Einh\u00e4ngern:<\/strong><\/p>\n<p><strong>Ohrstecker mit T\u00fcrkis Cabochons<br \/><\/strong><\/p>\n<p><strong>Material: <\/strong>750 Yellow Gold<\/p>\n<p><strong>Stones: <\/strong><span data-mce-fragment=\"1\">T\u00fcrkis<\/span> Cabochons <span data-mce-fragment=\"1\" lang=\"EN-US\">10 x 8 mm 6,26 ct<br \/><\/span><\/p>\n<p><strong><span data-mce-fragment=\"1\" lang=\"EN-US\">T\u00fcrkis Cabochons, umrandet von einer geschmeidigen Goldfassung. Diese Ohrstecker sind alleine getragen, oder in Kombination mit unseren zahlreichen Einh\u00e4ngern der Vario- Kollektion ein erfrischender Anblick.<\/span><\/strong><\/p>","protected":false},"excerpt":{"rendered":"<p>Vario Ohrschmuck Oberteile kombinierbar mit verschiedenen Einh\u00e4ngern: Ohrstecker mit T\u00fcrkis Cabochons Material: 750 Gelbgold Steine: T\u00fcrkis Cabochons 10 x 8 mm 6,26 ct T\u00fcrkis Cabochons, umrandet von einer geschmeidigen Goldfassung. Diese Ohrstecker sind alleine getragen, oder in Kombination mit unseren zahlreichen Einh\u00e4ngern der Vario- Kollektion ein erfrischender Anblick.<\/p>","protected":false},"featured_media":9915,"comment_status":"open","ping_status":"closed","template":"","meta":{"_acf_changed":false,"_et_pb_use_builder":"","_et_pb_old_content":"","_et_gb_content_width":"","inline_featured_image":false},"product_brand":[332],"product_cat":[331],"product_tag":[],"class_list":{"0":"post-8746","1":"product","2":"type-product","3":"status-publish","4":"has-post-thumbnail","6":"product_brand-leinfelder","7":"product_cat-ohrschmuck","9":"first","10":"outofstock","11":"shipping-taxable","12":"purchasable","13":"product-type-simple"},"acf":[],"_links":{"self":[{"href":"https:\/\/leinfelder-juweler.com\/en\/wp-json\/wp\/v2\/product\/8746","targetHints":{"allow":["GET"]}}],"collection":[{"href":"https:\/\/leinfelder-juweler.com\/en\/wp-json\/wp\/v2\/product"}],"about":[{"href":"https:\/\/leinfelder-juweler.com\/en\/wp-json\/wp\/v2\/types\/product"}],"replies":[{"embeddable":true,"href":"https:\/\/leinfelder-juweler.com\/en\/wp-json\/wp\/v2\/comments?post=8746"}],"wp:featuredmedia":[{"embeddable":true,"href":"https:\/\/leinfelder-juweler.com\/en\/wp-json\/wp\/v2\/media\/9915"}],"wp:attachment":[{"href":"https:\/\/leinfelder-juweler.com\/en\/wp-json\/wp\/v2\/media?parent=8746"}],"wp:term":[{"taxonomy":"product_brand","embeddable":true,"href":"https:\/\/leinfelder-juweler.com\/en\/wp-json\/wp\/v2\/product_brand?post=8746"},{"taxonomy":"product_cat","embeddable":true,"href":"https:\/\/leinfelder-juweler.com\/en\/wp-json\/wp\/v2\/product_cat?post=8746"},{"taxonomy":"product_tag","embeddable":true,"href":"https:\/\/leinfelder-juweler.com\/en\/wp-json\/wp\/v2\/product_tag?post=8746"}],"curies":[{"name":"wp","href":"https:\/\/api.w.org\/{rel}","templated":true}]}}