{"id":8750,"date":"2025-11-20T18:06:28","date_gmt":"2025-11-20T15:06:28","guid":{"rendered":"https:\/\/leinfelder-juweler.com\/?post_type=product&#038;p=8750"},"modified":"2025-11-20T19:45:35","modified_gmt":"2025-11-20T16:45:35","slug":"ring-mit-aquamarin-und-turmalin-cabochon","status":"publish","type":"product","link":"https:\/\/leinfelder-juweler.com\/en\/product\/ring-mit-aquamarin-und-turmalin-cabochon\/","title":{"rendered":"Ring mit Aquamarin und Turmalin Cabochon"},"content":{"rendered":"<p><strong><span data-mce-fragment=\"1\">Ring 750 Gelbgold mit\u00a0Aquamarin und Turmalin Cabochon<br \/><\/span><\/strong><\/p>\n<p><strong>Material:\u00a0<\/strong>750 Yellow Gold<\/p>\n<p><strong>Stones: <\/strong>Ein<strong>\u00a0<\/strong>Aquamarin Cabochon 2,67 ct 10 x 8 mm und ein Turmalin Cabochon 1,05 ct<span> <\/span><\/p>\n<p><span>7 x 5 mm<\/span><\/p>\n<p><strong data-mce-fragment=\"1\">Das organisch anmutende Design dieses Ringes wird durch das Zusammenspiel von Farbe und unterschiedlicher Gr\u00f6\u00dfe der zauberhaften Edelsteine erzeugt.<br \/><\/strong><\/p>\n<p>\u00a0<\/p>\n<div>\n<strong><\/strong>\n<\/div>\n<div>\n<strong><\/strong>\n<\/div>\n<div>\n<strong><\/strong>\n<\/div>\n<p><b>Hinweis: <\/b>Unsere Ringe sind in der angegebenen Gr\u00f6\u00dfe sofort lieferbar. Sollten sie sich einen Ring in einer anderen Gr\u00f6\u00dfe w\u00fcnschen, kontaktieren sie uns bitte. Wir informieren sie gerne \u00fcber die M\u00f6glichkeit und Dauer von Gr\u00f6\u00dfenanpassungen.<\/p>\n<p><\/p>","protected":false},"excerpt":{"rendered":"<p>Ring 750 Gelbgold mit\u00a0Aquamarin und Turmalin Cabochon Material:\u00a0750 Gelbgold Steine: Ein\u00a0Aquamarin Cabochon 2,67 ct 10 x 8 mm und ein Turmalin Cabochon 1,05 ct 7 x 5 mm Das organisch anmutende Design dieses Ringes wird durch das Zusammenspiel von Farbe und unterschiedlicher Gr\u00f6\u00dfe der zauberhaften Edelsteine erzeugt. \u00a0 Hinweis: Unsere Ringe sind in der angegebenen [&hellip;]<\/p>","protected":false},"featured_media":9919,"comment_status":"open","ping_status":"closed","template":"","meta":{"_acf_changed":false,"_et_pb_use_builder":"","_et_pb_old_content":"","_et_gb_content_width":"","inline_featured_image":false},"product_brand":[332],"product_cat":[295],"product_tag":[],"class_list":{"0":"post-8750","1":"product","2":"type-product","3":"status-publish","4":"has-post-thumbnail","6":"product_brand-leinfelder","7":"product_cat-ringe","9":"first","10":"outofstock","11":"shipping-taxable","12":"purchasable","13":"product-type-simple"},"acf":[],"_links":{"self":[{"href":"https:\/\/leinfelder-juweler.com\/en\/wp-json\/wp\/v2\/product\/8750","targetHints":{"allow":["GET"]}}],"collection":[{"href":"https:\/\/leinfelder-juweler.com\/en\/wp-json\/wp\/v2\/product"}],"about":[{"href":"https:\/\/leinfelder-juweler.com\/en\/wp-json\/wp\/v2\/types\/product"}],"replies":[{"embeddable":true,"href":"https:\/\/leinfelder-juweler.com\/en\/wp-json\/wp\/v2\/comments?post=8750"}],"wp:featuredmedia":[{"embeddable":true,"href":"https:\/\/leinfelder-juweler.com\/en\/wp-json\/wp\/v2\/media\/9919"}],"wp:attachment":[{"href":"https:\/\/leinfelder-juweler.com\/en\/wp-json\/wp\/v2\/media?parent=8750"}],"wp:term":[{"taxonomy":"product_brand","embeddable":true,"href":"https:\/\/leinfelder-juweler.com\/en\/wp-json\/wp\/v2\/product_brand?post=8750"},{"taxonomy":"product_cat","embeddable":true,"href":"https:\/\/leinfelder-juweler.com\/en\/wp-json\/wp\/v2\/product_cat?post=8750"},{"taxonomy":"product_tag","embeddable":true,"href":"https:\/\/leinfelder-juweler.com\/en\/wp-json\/wp\/v2\/product_tag?post=8750"}],"curies":[{"name":"wp","href":"https:\/\/api.w.org\/{rel}","templated":true}]}}