{"id":8751,"date":"2025-11-20T18:06:28","date_gmt":"2025-11-20T15:06:28","guid":{"rendered":"https:\/\/leinfelder-juweler.com\/?post_type=product&#038;p=8751"},"modified":"2025-11-20T19:45:40","modified_gmt":"2025-11-20T16:45:40","slug":"mantelring-tailliert-mit-mondstein","status":"publish","type":"product","link":"https:\/\/leinfelder-juweler.com\/en\/product\/mantelring-tailliert-mit-mondstein\/","title":{"rendered":"Mantelring tailliert mit Mondstein"},"content":{"rendered":"<p><strong>Mantelring tailliert mit<span data-mce-fragment=\"1\"> anthrazitfarbenem Mondstein Cabochon <\/span><span data-mce-fragment=\"1\"><\/span><\/strong><\/p>\n<p><strong>Material:\u00a0<\/strong>750 Yellow Gold<\/p>\n<p><strong>Stein: <\/strong>anthrazitfarbener Mondstein 7,91 ct 16 x 12 mm quer<\/p>\n<p style=\"margin-bottom: .0001pt; line-height: normal; mso-layout-grid-align: none; text-autospace: none;\" class=\"MsoNormal\"><b style=\"mso-bidi-font-weight: normal;\">Unsere Mantelringe zeichnen sich durch ihre kraftvolle Pr\u00e4senz und raffinierte Gestaltung aus. <\/b><\/p>\n<p><strong><b style=\"mso-bidi-font-weight: normal;\"><span style=\"font-size: 11.0pt; line-height: 115%; font-family: 'Calibri',sans-serif; mso-ascii-theme-font: minor-latin; mso-fareast-font-family: Calibri; mso-fareast-theme-font: minor-latin; mso-hansi-theme-font: minor-latin; mso-bidi-font-family: 'Times New Roman'; mso-bidi-theme-font: minor-bidi; mso-ansi-language: DE; mso-fareast-language: EN-US; mso-bidi-language: AR-SA;\">Der taillierte Goldring ummantelt den Edelstein und sch\u00fctzt ihn, w\u00e4hrend er zugleich seine volle Strahlkraft zur Geltung bringt. Ein Ausdruck zeitloser Eleganz und meisterlicher Handwerkskunst.<\/span><\/b><\/strong><\/p>\n<div>\n<strong><\/strong>\n<\/div>\n<p data-mce-fragment=\"1\"><b data-mce-fragment=\"1\">Hinweis: <\/b>Unsere Ringe sind in der angegebenen Gr\u00f6\u00dfe sofort lieferbar. Sollten sie sich einen Ring in einer anderen Gr\u00f6\u00dfe w\u00fcnschen, kontaktieren sie uns bitte. Wir informieren sie gerne \u00fcber die M\u00f6glichkeit und Dauer von Gr\u00f6\u00dfenanpassungen.<\/p>\n<p><\/p>","protected":false},"excerpt":{"rendered":"<p>Mantelring tailliert mit anthrazitfarbenem Mondstein Cabochon Material:\u00a0750 Gelbgold Stein: anthrazitfarbener Mondstein 7,91 ct 16 x 12 mm quer Unsere Mantelringe zeichnen sich durch ihre kraftvolle Pr\u00e4senz und raffinierte Gestaltung aus. Der taillierte Goldring ummantelt den Edelstein und sch\u00fctzt ihn, w\u00e4hrend er zugleich seine volle Strahlkraft zur Geltung bringt. Ein Ausdruck zeitloser Eleganz und meisterlicher Handwerkskunst. [&hellip;]<\/p>","protected":false},"featured_media":9920,"comment_status":"open","ping_status":"closed","template":"","meta":{"_acf_changed":false,"_et_pb_use_builder":"","_et_pb_old_content":"","_et_gb_content_width":"","inline_featured_image":false},"product_brand":[332],"product_cat":[295],"product_tag":[],"class_list":{"0":"post-8751","1":"product","2":"type-product","3":"status-publish","4":"has-post-thumbnail","6":"product_brand-leinfelder","7":"product_cat-ringe","9":"first","10":"outofstock","11":"shipping-taxable","12":"purchasable","13":"product-type-simple"},"acf":[],"_links":{"self":[{"href":"https:\/\/leinfelder-juweler.com\/en\/wp-json\/wp\/v2\/product\/8751","targetHints":{"allow":["GET"]}}],"collection":[{"href":"https:\/\/leinfelder-juweler.com\/en\/wp-json\/wp\/v2\/product"}],"about":[{"href":"https:\/\/leinfelder-juweler.com\/en\/wp-json\/wp\/v2\/types\/product"}],"replies":[{"embeddable":true,"href":"https:\/\/leinfelder-juweler.com\/en\/wp-json\/wp\/v2\/comments?post=8751"}],"wp:featuredmedia":[{"embeddable":true,"href":"https:\/\/leinfelder-juweler.com\/en\/wp-json\/wp\/v2\/media\/9920"}],"wp:attachment":[{"href":"https:\/\/leinfelder-juweler.com\/en\/wp-json\/wp\/v2\/media?parent=8751"}],"wp:term":[{"taxonomy":"product_brand","embeddable":true,"href":"https:\/\/leinfelder-juweler.com\/en\/wp-json\/wp\/v2\/product_brand?post=8751"},{"taxonomy":"product_cat","embeddable":true,"href":"https:\/\/leinfelder-juweler.com\/en\/wp-json\/wp\/v2\/product_cat?post=8751"},{"taxonomy":"product_tag","embeddable":true,"href":"https:\/\/leinfelder-juweler.com\/en\/wp-json\/wp\/v2\/product_tag?post=8751"}],"curies":[{"name":"wp","href":"https:\/\/api.w.org\/{rel}","templated":true}]}}