{"id":8752,"date":"2025-11-20T18:06:28","date_gmt":"2025-11-20T15:06:28","guid":{"rendered":"https:\/\/leinfelder-juweler.com\/?post_type=product&#038;p=8752"},"modified":"2025-11-20T19:45:46","modified_gmt":"2025-11-20T16:45:46","slug":"ring-750-weissgold-mit-saphircarrees","status":"publish","type":"product","link":"https:\/\/leinfelder-juweler.com\/en\/product\/ring-750-weissgold-mit-saphircarrees\/","title":{"rendered":"Ring 750 Wei\u00dfgold mit Saphircarr\u00e9es"},"content":{"rendered":"<p><strong>Ring mit 5 Saphircarr\u00e9es<br \/><\/strong><\/p>\n<p><strong>Material:\u00a0<\/strong>750 Wei\u00dfgold<\/p>\n<p><strong>Stones: <\/strong>5 Saphircarr\u00e9es, gesamt 0,975 ct Kantenl\u00e4nge 3,0 mm<\/p>\n<p><strong>Das straffe Design dieses Ringes aus 750 Wei\u00dfgold besticht durch seine schlichte Eleganz.<\/strong><\/p>\n<p><strong>F\u00fcnf blaue Saphire im Carreschliff, in perfekter Symmetrie angeordnet, fangen das Licht auf atemberaubende Weise ein.<\/strong><\/p>\n<p><\/p>\n<p>\u00a0<\/p>\n<p><b>Hinweis: <\/b>Unsere Ringe sind in der angegebenen Gr\u00f6\u00dfe sofort lieferbar. Sollten sie sich einen Ring in einer anderen Gr\u00f6\u00dfe w\u00fcnschen, kontaktieren sie uns bitte. Wir informieren sie gerne \u00fcber die M\u00f6glichkeit und Dauer von Gr\u00f6\u00dfenanpassungen.<\/p>\n<p><\/p>","protected":false},"excerpt":{"rendered":"<p>Ring mit 5 Saphircarr\u00e9es Material:\u00a0750 Wei\u00dfgold Steine: 5 Saphircarr\u00e9es, gesamt 0,975 ct Kantenl\u00e4nge 3,0 mm Das straffe Design dieses Ringes aus 750 Wei\u00dfgold besticht durch seine schlichte Eleganz. F\u00fcnf blaue Saphire im Carreschliff, in perfekter Symmetrie angeordnet, fangen das Licht auf atemberaubende Weise ein. \u00a0 Hinweis: Unsere Ringe sind in der angegebenen Gr\u00f6\u00dfe sofort lieferbar. [&hellip;]<\/p>","protected":false},"featured_media":9921,"comment_status":"open","ping_status":"closed","template":"","meta":{"_acf_changed":false,"_et_pb_use_builder":"","_et_pb_old_content":"","_et_gb_content_width":"","inline_featured_image":false},"product_brand":[332],"product_cat":[295],"product_tag":[],"class_list":{"0":"post-8752","1":"product","2":"type-product","3":"status-publish","4":"has-post-thumbnail","6":"product_brand-leinfelder","7":"product_cat-ringe","9":"first","10":"outofstock","11":"shipping-taxable","12":"purchasable","13":"product-type-simple"},"acf":[],"_links":{"self":[{"href":"https:\/\/leinfelder-juweler.com\/en\/wp-json\/wp\/v2\/product\/8752","targetHints":{"allow":["GET"]}}],"collection":[{"href":"https:\/\/leinfelder-juweler.com\/en\/wp-json\/wp\/v2\/product"}],"about":[{"href":"https:\/\/leinfelder-juweler.com\/en\/wp-json\/wp\/v2\/types\/product"}],"replies":[{"embeddable":true,"href":"https:\/\/leinfelder-juweler.com\/en\/wp-json\/wp\/v2\/comments?post=8752"}],"wp:featuredmedia":[{"embeddable":true,"href":"https:\/\/leinfelder-juweler.com\/en\/wp-json\/wp\/v2\/media\/9921"}],"wp:attachment":[{"href":"https:\/\/leinfelder-juweler.com\/en\/wp-json\/wp\/v2\/media?parent=8752"}],"wp:term":[{"taxonomy":"product_brand","embeddable":true,"href":"https:\/\/leinfelder-juweler.com\/en\/wp-json\/wp\/v2\/product_brand?post=8752"},{"taxonomy":"product_cat","embeddable":true,"href":"https:\/\/leinfelder-juweler.com\/en\/wp-json\/wp\/v2\/product_cat?post=8752"},{"taxonomy":"product_tag","embeddable":true,"href":"https:\/\/leinfelder-juweler.com\/en\/wp-json\/wp\/v2\/product_tag?post=8752"}],"curies":[{"name":"wp","href":"https:\/\/api.w.org\/{rel}","templated":true}]}}