{"id":8761,"date":"2025-11-20T18:06:32","date_gmt":"2025-11-20T15:06:32","guid":{"rendered":"https:\/\/leinfelder-juweler.com\/?post_type=product&#038;p=8761"},"modified":"2025-11-20T19:46:46","modified_gmt":"2025-11-20T16:46:46","slug":"vario-halsschmuck-einhaenger-4","status":"publish","type":"product","link":"https:\/\/leinfelder-juweler.com\/en\/product\/vario-halsschmuck-einhaenger-4\/","title":{"rendered":"Vario Halsschmuck Einh\u00e4nger"},"content":{"rendered":"<p><strong>Vario Halsschmuck Einh\u00e4nger:<br \/><\/strong><\/p>\n<p><strong>Material: <\/strong>750 <span style=\"font-size: 8.0pt; font-family: 'Arial',sans-serif;\"><\/span>Yellow Gold<\/p>\n<p><strong>Stones: <\/strong>S\u00fc\u00dfwasser Perlquaste<strong><br \/><\/strong><\/p>\n<p class=\"MsoNormal\" style=\"margin-bottom: .0001pt;\"><b style=\"mso-bidi-font-weight: normal;\">Verwandeln Sie Ihren Vario Halschmuck im Handumdrehen \u2013 mit unseren Vario Einh\u00e4ngern erg\u00e4nzen Sie die Anh\u00e4nger-Oberteile individuell und immer wieder neu. Ob funkelnd oder dezent: Die austauschbaren Elemente setzen pers\u00f6nliche Akzente und machen jedes Ensemble zum Ausdruck Ihres Stils.<\/b><\/p>","protected":false},"excerpt":{"rendered":"<p>Vario Halsschmuck Einh\u00e4nger: Material: 750 Gelbgold Steine: S\u00fc\u00dfwasser Perlquaste Verwandeln Sie Ihren Vario Halschmuck im Handumdrehen \u2013 mit unseren Vario Einh\u00e4ngern erg\u00e4nzen Sie die Anh\u00e4nger-Oberteile individuell und immer wieder neu. Ob funkelnd oder dezent: Die austauschbaren Elemente setzen pers\u00f6nliche Akzente und machen jedes Ensemble zum Ausdruck Ihres Stils.<\/p>","protected":false},"featured_media":9930,"comment_status":"open","ping_status":"closed","template":"","meta":{"_acf_changed":false,"_et_pb_use_builder":"","_et_pb_old_content":"","_et_gb_content_width":"","inline_featured_image":false},"product_brand":[332],"product_cat":[333],"product_tag":[],"class_list":{"0":"post-8761","1":"product","2":"type-product","3":"status-publish","4":"has-post-thumbnail","6":"product_brand-leinfelder","7":"product_cat-halsschmuck","9":"first","10":"instock","11":"shipping-taxable","12":"purchasable","13":"product-type-simple"},"acf":[],"_links":{"self":[{"href":"https:\/\/leinfelder-juweler.com\/en\/wp-json\/wp\/v2\/product\/8761","targetHints":{"allow":["GET"]}}],"collection":[{"href":"https:\/\/leinfelder-juweler.com\/en\/wp-json\/wp\/v2\/product"}],"about":[{"href":"https:\/\/leinfelder-juweler.com\/en\/wp-json\/wp\/v2\/types\/product"}],"replies":[{"embeddable":true,"href":"https:\/\/leinfelder-juweler.com\/en\/wp-json\/wp\/v2\/comments?post=8761"}],"wp:featuredmedia":[{"embeddable":true,"href":"https:\/\/leinfelder-juweler.com\/en\/wp-json\/wp\/v2\/media\/9930"}],"wp:attachment":[{"href":"https:\/\/leinfelder-juweler.com\/en\/wp-json\/wp\/v2\/media?parent=8761"}],"wp:term":[{"taxonomy":"product_brand","embeddable":true,"href":"https:\/\/leinfelder-juweler.com\/en\/wp-json\/wp\/v2\/product_brand?post=8761"},{"taxonomy":"product_cat","embeddable":true,"href":"https:\/\/leinfelder-juweler.com\/en\/wp-json\/wp\/v2\/product_cat?post=8761"},{"taxonomy":"product_tag","embeddable":true,"href":"https:\/\/leinfelder-juweler.com\/en\/wp-json\/wp\/v2\/product_tag?post=8761"}],"curies":[{"name":"wp","href":"https:\/\/api.w.org\/{rel}","templated":true}]}}