{"id":8767,"date":"2025-11-20T18:06:34","date_gmt":"2025-11-20T15:06:34","guid":{"rendered":"https:\/\/leinfelder-juweler.com\/?post_type=product&#038;p=8767"},"modified":"2025-11-20T19:47:28","modified_gmt":"2025-11-20T16:47:28","slug":"bandring-mit-saphir-2","status":"publish","type":"product","link":"https:\/\/leinfelder-juweler.com\/en\/product\/bandring-mit-saphir-2\/","title":{"rendered":"Bandring mit Saphir"},"content":{"rendered":"<p data-mce-fragment=\"1\"><strong>Bandring 750 Gelbgold mit einem Saphir<\/strong><\/p>\n<p data-mce-fragment=\"1\"><strong>Material: <\/strong>750 Yellow Gold<\/p>\n<p><strong>Stein:<\/strong> Saphir 1,17 ct; 7 x 5 mm facettiert oval<\/p>\n<p><strong>Zeitlos sch\u00f6n.<\/strong><\/p>\n<p><strong>Der k\u00f6nigsblaue Saphir ist gekonnt in die weiche flie\u00dfende Form des Ringes integriert.<\/strong><\/p>\n<p><strong>Ein passendes Schmuckst\u00fcck f\u00fcr jeden Anlass.<\/strong><\/p>\n<p><strong><br \/><\/strong><\/p>\n<p><b>Hinweis: <\/b>Unsere Ringe sind in der angegebenen Gr\u00f6\u00dfe sofort lieferbar. Sollten sie sich einen Ring in einer anderen Gr\u00f6\u00dfe w\u00fcnschen, kontaktieren sie uns bitte. Wir informieren sie gerne \u00fcber die M\u00f6glichkeit und Dauer von Gr\u00f6\u00dfenanpassungen.<\/p>","protected":false},"excerpt":{"rendered":"<p>Bandring 750 Gelbgold mit einem Saphir Material: 750 Gelbgold Stein: Saphir 1,17 ct; 7 x 5 mm facettiert oval Zeitlos sch\u00f6n. Der k\u00f6nigsblaue Saphir ist gekonnt in die weiche flie\u00dfende Form des Ringes integriert. Ein passendes Schmuckst\u00fcck f\u00fcr jeden Anlass. Hinweis: Unsere Ringe sind in der angegebenen Gr\u00f6\u00dfe sofort lieferbar. Sollten sie sich einen Ring [&hellip;]<\/p>","protected":false},"featured_media":9936,"comment_status":"open","ping_status":"closed","template":"","meta":{"_acf_changed":false,"_et_pb_use_builder":"","_et_pb_old_content":"","_et_gb_content_width":"","inline_featured_image":false},"product_brand":[332],"product_cat":[295],"product_tag":[],"class_list":{"0":"post-8767","1":"product","2":"type-product","3":"status-publish","4":"has-post-thumbnail","6":"product_brand-leinfelder","7":"product_cat-ringe","9":"first","10":"outofstock","11":"shipping-taxable","12":"purchasable","13":"product-type-simple"},"acf":[],"_links":{"self":[{"href":"https:\/\/leinfelder-juweler.com\/en\/wp-json\/wp\/v2\/product\/8767","targetHints":{"allow":["GET"]}}],"collection":[{"href":"https:\/\/leinfelder-juweler.com\/en\/wp-json\/wp\/v2\/product"}],"about":[{"href":"https:\/\/leinfelder-juweler.com\/en\/wp-json\/wp\/v2\/types\/product"}],"replies":[{"embeddable":true,"href":"https:\/\/leinfelder-juweler.com\/en\/wp-json\/wp\/v2\/comments?post=8767"}],"wp:featuredmedia":[{"embeddable":true,"href":"https:\/\/leinfelder-juweler.com\/en\/wp-json\/wp\/v2\/media\/9936"}],"wp:attachment":[{"href":"https:\/\/leinfelder-juweler.com\/en\/wp-json\/wp\/v2\/media?parent=8767"}],"wp:term":[{"taxonomy":"product_brand","embeddable":true,"href":"https:\/\/leinfelder-juweler.com\/en\/wp-json\/wp\/v2\/product_brand?post=8767"},{"taxonomy":"product_cat","embeddable":true,"href":"https:\/\/leinfelder-juweler.com\/en\/wp-json\/wp\/v2\/product_cat?post=8767"},{"taxonomy":"product_tag","embeddable":true,"href":"https:\/\/leinfelder-juweler.com\/en\/wp-json\/wp\/v2\/product_tag?post=8767"}],"curies":[{"name":"wp","href":"https:\/\/api.w.org\/{rel}","templated":true}]}}