{"id":8769,"date":"2025-11-20T18:06:35","date_gmt":"2025-11-20T15:06:35","guid":{"rendered":"https:\/\/leinfelder-juweler.com\/?post_type=product&#038;p=8769"},"modified":"2025-11-20T19:47:41","modified_gmt":"2025-11-20T16:47:41","slug":"ring-mit-saphir","status":"publish","type":"product","link":"https:\/\/leinfelder-juweler.com\/en\/product\/ring-mit-saphir\/","title":{"rendered":"Ring mit Saphir"},"content":{"rendered":"<p><strong>Ring mit Saphir<br \/><\/strong><\/p>\n<p><strong>Material:\u00a0<\/strong>750 Yellow Gold<\/p>\n<p><strong>Stein: <\/strong>Saphir 1.51 ct<span>\u00a0<\/span>l\u00e4ngs 8 x 6 mm facettiert oval<\/p>\n<p><strong>Klassisch sch\u00f6n ist dieser Ring aus 750 Gelbgold <\/strong><\/p>\n<div><strong>mit dem facettiert geschliffenen Saphir.<\/strong><\/div>\n<div><strong>Die gestufte Fassung harmoniert mit der Ringschiene im konischen Verlauf.<\/strong><\/div>\n<div><strong><\/strong><\/div>\n<p><b>Hinweis: <\/b>Unsere Ringe sind in der angegebenen Gr\u00f6\u00dfe sofort lieferbar. Sollten sie sich einen Ring in einer anderen Gr\u00f6\u00dfe w\u00fcnschen, kontaktieren sie uns bitte. Wir informieren sie gerne \u00fcber die M\u00f6glichkeit und Dauer von Gr\u00f6\u00dfenanpassungen.<\/p>","protected":false},"excerpt":{"rendered":"<p>Ring mit Saphir Material:\u00a0750 Gelbgold Stein: Saphir 1.51 ct\u00a0l\u00e4ngs 8 x 6 mm facettiert oval Klassisch sch\u00f6n ist dieser Ring aus 750 Gelbgold mit dem facettiert geschliffenen Saphir. Die gestufte Fassung harmoniert mit der Ringschiene im konischen Verlauf. Hinweis: Unsere Ringe sind in der angegebenen Gr\u00f6\u00dfe sofort lieferbar. Sollten sie sich einen Ring in einer [&hellip;]<\/p>","protected":false},"featured_media":9938,"comment_status":"open","ping_status":"closed","template":"","meta":{"_acf_changed":false,"_et_pb_use_builder":"","_et_pb_old_content":"","_et_gb_content_width":"","inline_featured_image":false},"product_brand":[332],"product_cat":[295],"product_tag":[],"class_list":{"0":"post-8769","1":"product","2":"type-product","3":"status-publish","4":"has-post-thumbnail","6":"product_brand-leinfelder","7":"product_cat-ringe","9":"first","10":"outofstock","11":"shipping-taxable","12":"purchasable","13":"product-type-simple"},"acf":[],"_links":{"self":[{"href":"https:\/\/leinfelder-juweler.com\/en\/wp-json\/wp\/v2\/product\/8769","targetHints":{"allow":["GET"]}}],"collection":[{"href":"https:\/\/leinfelder-juweler.com\/en\/wp-json\/wp\/v2\/product"}],"about":[{"href":"https:\/\/leinfelder-juweler.com\/en\/wp-json\/wp\/v2\/types\/product"}],"replies":[{"embeddable":true,"href":"https:\/\/leinfelder-juweler.com\/en\/wp-json\/wp\/v2\/comments?post=8769"}],"wp:featuredmedia":[{"embeddable":true,"href":"https:\/\/leinfelder-juweler.com\/en\/wp-json\/wp\/v2\/media\/9938"}],"wp:attachment":[{"href":"https:\/\/leinfelder-juweler.com\/en\/wp-json\/wp\/v2\/media?parent=8769"}],"wp:term":[{"taxonomy":"product_brand","embeddable":true,"href":"https:\/\/leinfelder-juweler.com\/en\/wp-json\/wp\/v2\/product_brand?post=8769"},{"taxonomy":"product_cat","embeddable":true,"href":"https:\/\/leinfelder-juweler.com\/en\/wp-json\/wp\/v2\/product_cat?post=8769"},{"taxonomy":"product_tag","embeddable":true,"href":"https:\/\/leinfelder-juweler.com\/en\/wp-json\/wp\/v2\/product_tag?post=8769"}],"curies":[{"name":"wp","href":"https:\/\/api.w.org\/{rel}","templated":true}]}}