{"id":8770,"date":"2025-11-20T18:06:35","date_gmt":"2025-11-20T15:06:35","guid":{"rendered":"https:\/\/leinfelder-juweler.com\/?post_type=product&#038;p=8770"},"modified":"2025-11-20T19:47:47","modified_gmt":"2025-11-20T16:47:47","slug":"ring-mit-starlit-und-28-brillanten","status":"publish","type":"product","link":"https:\/\/leinfelder-juweler.com\/en\/product\/ring-mit-starlit-und-28-brillanten\/","title":{"rendered":"Ring mit Starlit und 28 Brillanten"},"content":{"rendered":"<p><strong>Ring mit Starlit und 28 Brillanten<br \/><\/strong><\/p>\n<p><strong>Material: <\/strong>750 Yellow Gold<strong>\u00a0<\/strong><\/p>\n<p><strong>Stones: <\/strong>1<strong> <\/strong>Starlit 9,08 ct 11,2 x 10,7 mm facettiert antikoval<\/p>\n<p>\u00a0 \u00a0 \u00a0 \u00a0 \u00a0 \u00a0\u00a0 28 Brillanten gesamt 0,504 ct tw vsi<\/p>\n<p><strong>Ein funkelnder Sternenhimmel eingefangen in einem Ring &#8211; der faszinierende Starlit schimmert im warmen Goldton des 750er Gelbgoldes umrahmt von Brillanten. Ein zeitloses Meisterwerk, das die Sch\u00f6nheit und Eleganz der Natur in seiner Form und Fassung perfekt widerspiegelt.<\/strong><\/p>\n<p><b>Hinweis: <\/b>Unsere Ringe sind in der angegebenen Gr\u00f6\u00dfe sofort lieferbar. Sollten sie sich einen Ring in einer anderen Gr\u00f6\u00dfe w\u00fcnschen, kontaktieren sie uns bitte. Wir informieren sie gerne \u00fcber die M\u00f6glichkeit und Dauer von Gr\u00f6\u00dfenanpassungen.<\/p>","protected":false},"excerpt":{"rendered":"<p>Ring mit Starlit und 28 Brillanten Material: 750 Gelbgold\u00a0 Steine: 1 Starlit 9,08 ct 11,2 x 10,7 mm facettiert antikoval \u00a0 \u00a0 \u00a0 \u00a0 \u00a0 \u00a0\u00a0 28 Brillanten gesamt 0,504 ct tw vsi Ein funkelnder Sternenhimmel eingefangen in einem Ring &#8211; der faszinierende Starlit schimmert im warmen Goldton des 750er Gelbgoldes umrahmt von Brillanten. Ein [&hellip;]<\/p>","protected":false},"featured_media":9939,"comment_status":"open","ping_status":"closed","template":"","meta":{"_acf_changed":false,"_et_pb_use_builder":"","_et_pb_old_content":"","_et_gb_content_width":"","inline_featured_image":false},"product_brand":[332],"product_cat":[295],"product_tag":[],"class_list":{"0":"post-8770","1":"product","2":"type-product","3":"status-publish","4":"has-post-thumbnail","6":"product_brand-leinfelder","7":"product_cat-ringe","9":"first","10":"outofstock","11":"shipping-taxable","12":"purchasable","13":"product-type-simple"},"acf":[],"_links":{"self":[{"href":"https:\/\/leinfelder-juweler.com\/en\/wp-json\/wp\/v2\/product\/8770","targetHints":{"allow":["GET"]}}],"collection":[{"href":"https:\/\/leinfelder-juweler.com\/en\/wp-json\/wp\/v2\/product"}],"about":[{"href":"https:\/\/leinfelder-juweler.com\/en\/wp-json\/wp\/v2\/types\/product"}],"replies":[{"embeddable":true,"href":"https:\/\/leinfelder-juweler.com\/en\/wp-json\/wp\/v2\/comments?post=8770"}],"wp:featuredmedia":[{"embeddable":true,"href":"https:\/\/leinfelder-juweler.com\/en\/wp-json\/wp\/v2\/media\/9939"}],"wp:attachment":[{"href":"https:\/\/leinfelder-juweler.com\/en\/wp-json\/wp\/v2\/media?parent=8770"}],"wp:term":[{"taxonomy":"product_brand","embeddable":true,"href":"https:\/\/leinfelder-juweler.com\/en\/wp-json\/wp\/v2\/product_brand?post=8770"},{"taxonomy":"product_cat","embeddable":true,"href":"https:\/\/leinfelder-juweler.com\/en\/wp-json\/wp\/v2\/product_cat?post=8770"},{"taxonomy":"product_tag","embeddable":true,"href":"https:\/\/leinfelder-juweler.com\/en\/wp-json\/wp\/v2\/product_tag?post=8770"}],"curies":[{"name":"wp","href":"https:\/\/api.w.org\/{rel}","templated":true}]}}